{"id":5037,"date":"2020-04-27T14:38:10","date_gmt":"2020-04-27T12:38:10","guid":{"rendered":"https:\/\/www.ensapc.fr\/fr\/?page_id=5037"},"modified":"2024-08-09T17:13:23","modified_gmt":"2024-08-09T15:13:23","slug":"n","status":"publish","type":"page","link":"https:\/\/www.ensapc.fr\/fr\/artistes\/a-z\/n\/","title":{"rendered":"N"},"content":{"rendered":"<div class=\"wpb-content-wrapper\"><p>[vc_row][vc_column width=\u00a0\u00bb1\/3&Prime;][vc_column_text css=\u00a0\u00bb\u00a0\u00bb]Newsha NAGASHIAN<\/p>\n<p>Gabriel NAGHMOUCHI<\/p>\n<p><a href=\"https:\/\/www.instagram.com\/annanakhoul\/\">Anna-Michelle NAKHOUL<\/a><\/p>\n<p>Philippe\u00a0NALET<\/p>\n<p>Yves\u00a0NARCY<\/p>\n<p>Maud NARFIN<\/p>\n<p>Myriam\u00a0NASRI<\/p>\n<p>Sophie\u00a0NATHAN<\/p>\n<p>Julie\u00a0NAVARRE<\/p>\n<p class=\"p1\"><a href=\"http:\/\/@marie.nvrr\">Marie NAVARRO<\/a><\/p>\n<p>Aminata N&rsquo;DIAYE<\/p>\n<p>Ousmane\u00a0N\u2019DIOGOU<\/p>\n<p>Tatiana\u00a0NEDELSKAHA<\/p>\n<p>Youlia\u00a0N\u00c9LIOUBINA<\/p>\n<p><a href=\"https:\/\/www.instagram.com\/theo.nennig\/\">Th\u00e9o NENNIG<\/a><\/p>\n<p>V\u00e9ronique N\u00c9ZAN<\/p>\n<p>Huong N&rsquo;GUYEN<\/p>\n<p>Trung Cang\u00a0N\u2019GUYEN[\/vc_column_text][\/vc_column][vc_column width=\u00a0\u00bb1\/3&Prime;][vc_column_text css=\u00a0\u00bb\u00a0\u00bb]<a href=\"http:\/\/www.esam-c2.fr\/Bocar-Niang\" target=\"_blank\" rel=\"noopener\">Bocar\u00a0NIANG<\/a><\/p>\n<p>Laurence\u00a0NICOLA<\/p>\n<p><a href=\"http:\/\/ayukonishida.com\/\" target=\"_blank\" rel=\"noopener noreferrer\">Ayuko\u00a0NISHIDA<\/a><\/p>\n<p><a href=\"https:\/\/galeriecrevecoeur.com\/artists\/jorge-pedro-nunez\" target=\"_blank\" rel=\"noopener\">Jorg\u00e9 Pedro NUNEZ<\/a><\/p>\n<p>Valentin\u00a0NYCZ VALENZUELA<\/p>\n<p>Capucine\u00a0NOGUE<\/p>\n<p>Val\u00e9rie\u00a0NORA<\/p>\n<p><a href=\"http:\/\/geraldinebanier.fr\/francoisnouguies_fr.html\" target=\"_blank\" rel=\"noopener noreferrer\">Fran\u00e7ois\u00a0NOUGUIES<\/a><\/p>\n<p><a href=\"https:\/\/ntjamjosefa.com\/\" target=\"_blank\" rel=\"noopener noreferrer\">Jos\u00e9pha\u00a0NTJAM<\/a>[\/vc_column_text][\/vc_column][vc_column width=\u00a0\u00bb1\/3&Prime;][\/vc_column][\/vc_row]<\/p>\n<\/div>","protected":false},"excerpt":{"rendered":"<p>[vc_row][vc_column width=\u00a0\u00bb1\/3&Prime;][vc_column_text css=\u00a0\u00bb\u00a0\u00bb]Newsha NAGASHIAN Gabriel NAGHMOUCHI Anna-Michelle NAKHOUL Philippe\u00a0NALET Yves\u00a0NARCY Maud NARFIN Myriam\u00a0NASRI Sophie\u00a0NATHAN Julie\u00a0NAVARRE Marie NAVARRO Aminata N&rsquo;DIAYE Ousmane\u00a0N\u2019DIOGOU Tatiana\u00a0NEDELSKAHA Youlia\u00a0N\u00c9LIOUBINA Th\u00e9o NENNIG V\u00e9ronique N\u00c9ZAN Huong N&rsquo;GUYEN Trung Cang\u00a0N\u2019GUYEN[\/vc_column_text][\/vc_column][vc_column width=\u00a0\u00bb1\/3&Prime;][vc_column_text css=\u00a0\u00bb\u00a0\u00bb]Bocar\u00a0NIANG Laurence\u00a0NICOLA Ayuko\u00a0NISHIDA Jorg\u00e9 Pedro NUNEZ Valentin\u00a0NYCZ VALENZUELA Capucine\u00a0NOGUE Val\u00e9rie\u00a0NORA Fran\u00e7ois\u00a0NOUGUIES Jos\u00e9pha\u00a0NTJAM[\/vc_column_text][\/vc_column][vc_column width=\u00a0\u00bb1\/3&Prime;][\/vc_column][\/vc_row]<\/p>\n","protected":false},"author":1,"featured_media":0,"parent":5137,"menu_order":143,"comment_status":"closed","ping_status":"closed","template":"","meta":{"footnotes":""},"class_list":["post-5037","page","type-page","status-publish","hentry"],"_links":{"self":[{"href":"https:\/\/www.ensapc.fr\/fr\/wp-json\/wp\/v2\/pages\/5037","targetHints":{"allow":["GET"]}}],"collection":[{"href":"https:\/\/www.ensapc.fr\/fr\/wp-json\/wp\/v2\/pages"}],"about":[{"href":"https:\/\/www.ensapc.fr\/fr\/wp-json\/wp\/v2\/types\/page"}],"author":[{"embeddable":true,"href":"https:\/\/www.ensapc.fr\/fr\/wp-json\/wp\/v2\/users\/1"}],"replies":[{"embeddable":true,"href":"https:\/\/www.ensapc.fr\/fr\/wp-json\/wp\/v2\/comments?post=5037"}],"version-history":[{"count":5,"href":"https:\/\/www.ensapc.fr\/fr\/wp-json\/wp\/v2\/pages\/5037\/revisions"}],"predecessor-version":[{"id":12682,"href":"https:\/\/www.ensapc.fr\/fr\/wp-json\/wp\/v2\/pages\/5037\/revisions\/12682"}],"up":[{"embeddable":true,"href":"https:\/\/www.ensapc.fr\/fr\/wp-json\/wp\/v2\/pages\/5137"}],"wp:attachment":[{"href":"https:\/\/www.ensapc.fr\/fr\/wp-json\/wp\/v2\/media?parent=5037"}],"curies":[{"name":"wp","href":"https:\/\/api.w.org\/{rel}","templated":true}]}}