{"id":5143,"date":"2020-05-05T09:38:48","date_gmt":"2020-05-05T07:38:48","guid":{"rendered":"https:\/\/www.ensapc.fr\/fr\/?page_id=5143"},"modified":"2025-05-15T16:21:55","modified_gmt":"2025-05-15T14:21:55","slug":"prix-bic-2019","status":"publish","type":"page","link":"https:\/\/www.ensapc.fr\/fr\/ygrec\/archives\/2019-2\/prix-bic-2019\/","title":{"rendered":"PRIX BIC 2019"},"content":{"rendered":"<div class=\"wpb-content-wrapper\"><p>[vc_row][vc_column][vc_images_carousel images=\u00a0\u00bb4978,5158,5157,5155,5161&Prime; img_size=\u00a0\u00bblarge\u00a0\u00bb autoplay=\u00a0\u00bbyes\u00a0\u00bb hide_pagination_control=\u00a0\u00bbyes\u00a0\u00bb wrap=\u00a0\u00bbyes\u00a0\u00bb css=\u00a0\u00bb.vc_custom_1588668130193{padding-right: 40px !important;padding-left: 40px !important;}\u00a0\u00bb][\/vc_column][\/vc_row][vc_row][vc_column][vc_column_text css=\u00a0\u00bb\u00a0\u00bb]<\/p>\n<h3><b>Prix Bic 2019<\/b><\/h3>\n<p><strong>11 d\u00e9cembre 2019 au 8 f\u00e9vrier 2020<\/strong><\/p>\n<p><strong>Vernissage et remise de prix : mardi 10 d\u00e9cembre 2019 de 18H30 \u00e0 20h30<\/strong><\/p>\n<p>&nbsp;<\/p>\n<p>La Soci\u00e9t\u00e9 BIC et l\u2019Ecole Nationale Sup\u00e9rieure d\u2019Arts de Paris-Cergy ont le plaisir d\u2019annoncer la quatri\u00e8me \u00e9dition du prix BIC\u00ae de cr\u00e9ation contemporaine pour l\u2019ENSAPC.\u00a0Cette ann\u00e9e, le CRR 93 a le plaisir d\u2019accueillir l\u2019exposition, en partenariat avec la Galerie Ygrec et le P\u00f4le Arts Visuels de la Direction des Affaires Culturelles d\u2019Aubervilliers.<\/p>\n<p>Le prix BIC\u00ae a pour vocation d\u2019encourager la cr\u00e9ation contemporaine en mettant en lumi\u00e8re un.e artiste \u00e9mergent.e, \u00e9tudiant.e \u00e0 l\u2019ENSAPC. Il propose \u00e0 l\u2019ensemble des \u00e9tudiant.e.s d\u2019explorer des relations artistiques potentielles et des imaginaires \u00e0 partir de produits BIC\u00ae autour d\u2019un travail d\u2019appropriation et de d\u00e9tournement.\u00a0En soutenant le champ d\u2019un enseignement artistique exp\u00e9rimental, qui s\u2019engage sur les questions de diversit\u00e9 et \u00e9galit\u00e9, le prix a pour vocation de r\u00e9compenser une production s\u00e9lectionn\u00e9e par un jury de professionnel.le.s du monde de l\u2019art compos\u00e9 de :<\/p>\n<p>Carole Benzaken (artiste et enseignante \u00e0 l\u2019ENSAPC), Marie-Charlotte Bich (Collection BIC), Florence &amp; Daniel Guerlain (collectionneurs), Sandra Heged\u00fcs (fondatrice de SAM Art Projects), Herv\u00e9 Mikaeloff (commissaire d&rsquo;exposition et conseiller en art contemporain), Marie-Ange Moulonguet ( membre du comit\u00e9 artistique du prix Marcel Duchamp, membre du comit\u00e9 de s\u00e9lection d\u2019art Paris et consultante) et Carine Tissot (directrice de Drawing Now Art Fair).<\/p>\n<p>L\u2019exposition rassemble d\u2019une part les pi\u00e8ces de la laur\u00e9ate 2018 Araks Sahakyan et de Camille Joffroy qui ont particip\u00e9 au prix de l\u2019ann\u00e9e derni\u00e8re et, d\u2019autre part, les productions des seize \u00e9tudiant.e.s (de la premi\u00e8re \u00e0 la cinqui\u00e8me ann\u00e9e) participant au prix 2019 : Morgane Baffier, Deniz Doruk, Diana Faksh, Sirine Germani, Carla Gueye, Selma Hyka, Cl\u00e9mence Le Boucher d&rsquo;H\u00e9rouville, H\u00e9l\u00e8ne Marcon, Amine Merhoum, Mathis Philippe, Mickey Pujolar, Vincent Rasclard, Victoria Soufflet, Fauve Tintigner, Alexandre Veretennikov, Arthur Yaya. Un ensemble de dessins, sculptures, vid\u00e9os, installations et performances est d\u00e9ploy\u00e9 dans le b\u00e2timent du Conservatoire d\u2019Aubervilliers, en dialogue avec son architecture.<\/p>\n<p>Pour la 4\u00e8me \u00e9dition du Prix Bic de cr\u00e9ation contemporaine pour l\u2019ENSAPC (Ecole nationale sup\u00e9rieure d\u2019arts de Paris-Cergy), c\u2019est Vincent Rasclard qui a \u00e9t\u00e9 r\u00e9compens\u00e9 avec son \u0153uvre monochrome noire\u00a0<i>Teilapubel<\/i>. L\u2019artiste a cumul\u00e9, rassembl\u00e9 en couche \u00e9paisse et fait refl\u00e9ter l\u2019encre du stylo Bic Cristal noir sur ce panneau de 4 x 37 cm. Il \u00e9voque un souvenir de trousses d\u2019\u00e9coliers, de lettres, de mots \u00e9crits, \u00e9tal\u00e9s sur un seul support.<\/p>\n<p>&nbsp;<\/p>\n<p><b><i>En partenariat avec BIC.<\/i><\/b><\/p>\n<p><b><i>\u00a0<a href=\"https:\/\/www.ensapc.fr\/wp-content\/uploads\/2017\/05\/19457541_10212968817599908_1329841301_o.png\"><img decoding=\"async\" class=\"wp-image-2166 alignleft\" src=\"https:\/\/www.ensapc.fr\/wp-content\/uploads\/2017\/05\/19457541_10212968817599908_1329841301_o-300x100.png\" alt=\"19457541_10212968817599908_1329841301_o\" width=\"123\" height=\"41\" srcset=\"https:\/\/www.ensapc.fr\/wp-content\/uploads\/2017\/05\/19457541_10212968817599908_1329841301_o-300x100.png 300w, https:\/\/www.ensapc.fr\/wp-content\/uploads\/2017\/05\/19457541_10212968817599908_1329841301_o-768x256.png 768w, https:\/\/www.ensapc.fr\/wp-content\/uploads\/2017\/05\/19457541_10212968817599908_1329841301_o-1024x342.png 1024w, https:\/\/www.ensapc.fr\/wp-content\/uploads\/2017\/05\/19457541_10212968817599908_1329841301_o.png 2000w\" sizes=\"(max-width: 123px) 100vw, 123px\" \/><\/a><\/i><\/b>[\/vc_column_text][\/vc_column][\/vc_row]<\/p>\n<\/div>","protected":false},"excerpt":{"rendered":"<p>[vc_row][vc_column][vc_images_carousel images=\u00a0\u00bb4978,5158,5157,5155,5161&Prime; img_size=\u00a0\u00bblarge\u00a0\u00bb autoplay=\u00a0\u00bbyes\u00a0\u00bb hide_pagination_control=\u00a0\u00bbyes\u00a0\u00bb wrap=\u00a0\u00bbyes\u00a0\u00bb css=\u00a0\u00bb.vc_custom_1588668130193{padding-right: 40px !important;padding-left: 40px !important;}\u00a0\u00bb][\/vc_column][\/vc_row][vc_row][vc_column][vc_column_text css=\u00a0\u00bb\u00a0\u00bb] Prix Bic 2019 11 d\u00e9cembre 2019 au 8 f\u00e9vrier 2020 Vernissage et remise de prix : mardi 10 d\u00e9cembre 2019 de 18H30 \u00e0 20h30 &nbsp; La Soci\u00e9t\u00e9 BIC et l\u2019Ecole Nationale Sup\u00e9rieure d\u2019Arts de Paris-Cergy ont le plaisir d\u2019annoncer la quatri\u00e8me \u00e9dition du&#8230;  <a class=\"excerpt-read-more\" href=\"https:\/\/www.ensapc.fr\/fr\/ygrec\/archives\/2019-2\/prix-bic-2019\/\" title=\"Read PRIX BIC 2019\">Lire la suite &raquo;<\/a><\/p>\n","protected":false},"author":1,"featured_media":0,"parent":4976,"menu_order":418,"comment_status":"closed","ping_status":"closed","template":"","meta":{"footnotes":""},"class_list":["post-5143","page","type-page","status-publish","hentry"],"_links":{"self":[{"href":"https:\/\/www.ensapc.fr\/fr\/wp-json\/wp\/v2\/pages\/5143","targetHints":{"allow":["GET"]}}],"collection":[{"href":"https:\/\/www.ensapc.fr\/fr\/wp-json\/wp\/v2\/pages"}],"about":[{"href":"https:\/\/www.ensapc.fr\/fr\/wp-json\/wp\/v2\/types\/page"}],"author":[{"embeddable":true,"href":"https:\/\/www.ensapc.fr\/fr\/wp-json\/wp\/v2\/users\/1"}],"replies":[{"embeddable":true,"href":"https:\/\/www.ensapc.fr\/fr\/wp-json\/wp\/v2\/comments?post=5143"}],"version-history":[{"count":4,"href":"https:\/\/www.ensapc.fr\/fr\/wp-json\/wp\/v2\/pages\/5143\/revisions"}],"predecessor-version":[{"id":13520,"href":"https:\/\/www.ensapc.fr\/fr\/wp-json\/wp\/v2\/pages\/5143\/revisions\/13520"}],"up":[{"embeddable":true,"href":"https:\/\/www.ensapc.fr\/fr\/wp-json\/wp\/v2\/pages\/4976"}],"wp:attachment":[{"href":"https:\/\/www.ensapc.fr\/fr\/wp-json\/wp\/v2\/media?parent=5143"}],"curies":[{"name":"wp","href":"https:\/\/api.w.org\/{rel}","templated":true}]}}