{"id":5145,"date":"2020-05-05T09:59:39","date_gmt":"2020-05-05T07:59:39","guid":{"rendered":"https:\/\/www.ensapc.fr\/fr\/?page_id=5145"},"modified":"2020-05-07T12:26:41","modified_gmt":"2020-05-07T10:26:41","slug":"festival-100-performance-la-villette","status":"publish","type":"page","link":"https:\/\/www.ensapc.fr\/fr\/ygrec\/archives\/2019-2\/festival-100-performance-la-villette\/","title":{"rendered":"FESTIVAL 100% PERFORMANCE, LA VILLETTE"},"content":{"rendered":"<div class=\"wpb-content-wrapper\"><p>[vc_row][vc_column css=\u00a0\u00bb.vc_custom_1588666290568{padding-left: 30px !important;}\u00a0\u00bb][vc_images_carousel images=\u00a0\u00bb5146,4977,5147,5148,5149,5150&Prime; img_size=\u00a0\u00bblarge\u00a0\u00bb autoplay=\u00a0\u00bbyes\u00a0\u00bb][\/vc_column][\/vc_row][vc_row][vc_column][vc_column_text]<\/p>\n<h3><b>100% Performance, Villette<\/b><\/h3>\n<p><strong>Du 20 au 31 Mars 2019<\/strong><\/p>\n<p>&nbsp;<\/p>\n<p>Vitrine du savoir-faire fran\u00e7ais, 100% L\u2019EXPO initie un nouveau rendez-vous r\u00e9gulier dans le calendrier de l\u2019art contemporain. La Grande Halle et les Folies de La Villette deviennent ainsi le terrain de jeu de plus de 100 jeunes artistes, sortis d\u2019\u00e9coles dans une limite des 4 derni\u00e8res ann\u00e9es. Arts plastiques, installations, films, vid\u00e9os, design, mode, performances\u2026<\/p>\n<p>Lieu de recherche et d\u2019exp\u00e9rimentation r\u00e9put\u00e9 pour faire \u00e9merger des formes artistiques novatrices, l\u2019ENSAPC (en collaboration avec son centre d\u2019art YGREC) construit, une programmation de performances sur mesure pour les espaces de la Grande Halle : formes d\u00e9ambulatoires, lectures, performances dans\u00e9es et po\u00e9sie sonore.<\/p>\n<p>Les artistes de l\u2019ENSAPC ayant particip\u00e9s sont les suivant :[\/vc_column_text][\/vc_column][\/vc_row][vc_row][vc_column width=\u00a0\u00bb1\/2&Prime; css=\u00a0\u00bb.vc_custom_1588665636410{padding-left: 20px !important;}\u00a0\u00bb][vc_column_text]<a href=\"https:\/\/www.jisooyoo.com\/ma-maison-en-lair.html\">Jisoo Yoo,\u00a0<i>Ma maison en l\u2019air<\/i><\/a><\/p>\n<p>Performance d\u00e9ambulatoire<\/p>\n<p>Dur\u00e9e 3h \u2022\u00a0en ext\u00e9rieur sur le parc<\/p>\n<p>&nbsp;<\/p>\n<p><a href=\"https:\/\/ntjamjosefa.com\/Et_Si_Nos_Corps_En_Forme_De_Gouttes_Cotoyaient_les_etoiles\">Jos\u00e8fa Ntjam,\u00a0<i>Hilolombi #2<\/i><i> et si nos corps en formes de gouttes c\u00f4toyaient les \u00e9toiles\u00a0<\/i><\/a><\/p>\n<p>Performance avec extraits vid\u00e9os<\/p>\n<p>Dur\u00e9e 30 min \u2022 Grande Halle<\/p>\n<p>&nbsp;<\/p>\n<p><a href=\"http:\/\/www.violainelochu.fr\/?page_id=1124\">Violaine Lochu,\u00a0<i>Sonor K<\/i>\u00a0<\/a><\/p>\n<p>Performance vocale et corporelle<\/p>\n<p>Dur\u00e9e 25 min \u2022 Grande Halle<\/p>\n<p>&nbsp;<\/p>\n<p><a href=\"http:\/\/www.marcellealix.com\/artistes\/oeuvres\/823\/louise-herve-chloe-maillet\">Louise Herv\u00e9 &amp; Chlo\u00e9 Maillet,\u00a0<i>Ensevelie<\/i><\/a><\/p>\n<p>Performance vocale et d\u00e9ambulatoire<\/p>\n<p>Dur\u00e9e 45 min \u2022 Grande Halle[\/vc_column_text][\/vc_column][vc_column width=\u00a0\u00bb1\/2&Prime;][vc_column_text]La Verbe,\u00a0<i>Claude<\/i>,<i> film policier<\/i><\/p>\n<p>Danse<\/p>\n<p>Dur\u00e9e 30 min \u2022 Grande Halle<\/p>\n<p>&nbsp;<\/p>\n<p>Dominique Gilliot,\u00a0<i>La Station Debout<\/i><\/p>\n<p>Performance vocale<\/p>\n<p>Dur\u00e9e 40 min \u2022 Grande Halle<\/p>\n<p>&nbsp;<\/p>\n<p><a href=\"http:\/\/meryllampe.com\/\">M\u00e9ryll Ampe,\u00a0<i>Untitled<\/i> <\/a>(Cr\u00e9ation 2019)<\/p>\n<p>Performance sonore<\/p>\n<p>Dur\u00e9e 45 min \u2022 Grande Halle<\/p>\n<p>&nbsp;<\/p>\n<p><a href=\"https:\/\/soundcloud.com\/nana-benamer\">Nana Benamer,\u00a0<i>Ninfa<\/i>\u00a0<\/a><\/p>\n<p>Concert performance<\/p>\n<p>Dur\u00e9e 40 min \u2022 Grande Halle[\/vc_column_text][\/vc_column][\/vc_row]<\/p>\n<\/div>","protected":false},"excerpt":{"rendered":"<p>[vc_row][vc_column css=\u00a0\u00bb.vc_custom_1588666290568{padding-left: 30px !important;}\u00a0\u00bb][vc_images_carousel images=\u00a0\u00bb5146,4977,5147,5148,5149,5150&Prime; img_size=\u00a0\u00bblarge\u00a0\u00bb autoplay=\u00a0\u00bbyes\u00a0\u00bb][\/vc_column][\/vc_row][vc_row][vc_column][vc_column_text] 100% Performance, Villette Du 20 au 31 Mars 2019 &nbsp; Vitrine du savoir-faire fran\u00e7ais, 100% L\u2019EXPO initie un nouveau rendez-vous r\u00e9gulier dans le calendrier de l\u2019art contemporain. La Grande Halle et les Folies de La Villette deviennent ainsi le terrain de jeu de plus de 100 jeunes artistes,&#8230;  <a class=\"excerpt-read-more\" href=\"https:\/\/www.ensapc.fr\/fr\/ygrec\/archives\/2019-2\/festival-100-performance-la-villette\/\" title=\"Read FESTIVAL 100% PERFORMANCE, LA VILLETTE\">Lire la suite &raquo;<\/a><\/p>\n","protected":false},"author":1,"featured_media":0,"parent":4976,"menu_order":417,"comment_status":"closed","ping_status":"closed","template":"","meta":{"footnotes":""},"class_list":["post-5145","page","type-page","status-publish","hentry"],"_links":{"self":[{"href":"https:\/\/www.ensapc.fr\/fr\/wp-json\/wp\/v2\/pages\/5145","targetHints":{"allow":["GET"]}}],"collection":[{"href":"https:\/\/www.ensapc.fr\/fr\/wp-json\/wp\/v2\/pages"}],"about":[{"href":"https:\/\/www.ensapc.fr\/fr\/wp-json\/wp\/v2\/types\/page"}],"author":[{"embeddable":true,"href":"https:\/\/www.ensapc.fr\/fr\/wp-json\/wp\/v2\/users\/1"}],"replies":[{"embeddable":true,"href":"https:\/\/www.ensapc.fr\/fr\/wp-json\/wp\/v2\/comments?post=5145"}],"version-history":[{"count":5,"href":"https:\/\/www.ensapc.fr\/fr\/wp-json\/wp\/v2\/pages\/5145\/revisions"}],"predecessor-version":[{"id":5227,"href":"https:\/\/www.ensapc.fr\/fr\/wp-json\/wp\/v2\/pages\/5145\/revisions\/5227"}],"up":[{"embeddable":true,"href":"https:\/\/www.ensapc.fr\/fr\/wp-json\/wp\/v2\/pages\/4976"}],"wp:attachment":[{"href":"https:\/\/www.ensapc.fr\/fr\/wp-json\/wp\/v2\/media?parent=5145"}],"curies":[{"name":"wp","href":"https:\/\/api.w.org\/{rel}","templated":true}]}}