{"id":5162,"date":"2020-05-05T10:59:29","date_gmt":"2020-05-05T08:59:29","guid":{"rendered":"https:\/\/www.ensapc.fr\/fr\/?page_id=5162"},"modified":"2020-05-05T10:59:29","modified_gmt":"2020-05-05T08:59:29","slug":"mythe-en-place","status":"publish","type":"page","link":"https:\/\/www.ensapc.fr\/fr\/ygrec\/archives\/2018-3\/mythe-en-place\/","title":{"rendered":"MYTHE EN PLACE"},"content":{"rendered":"<div class=\"wpb-content-wrapper\"><p>[vc_row][vc_column css=\u00a0\u00bb.vc_custom_1588669076397{padding-right: 50px !important;padding-left: 50px !important;}\u00a0\u00bb][vc_images_carousel images=\u00a0\u00bb5165,4970,5163,5166,5169,5171,5172,5173&Prime; img_size=\u00a0\u00bblarge\u00a0\u00bb autoplay=\u00a0\u00bbyes\u00a0\u00bb hide_pagination_control=\u00a0\u00bbyes\u00a0\u00bb wrap=\u00a0\u00bbyes\u00a0\u00bb][\/vc_column][\/vc_row][vc_row][vc_column][vc_column_text]<\/p>\n<h3><b>Mythe en place\u00a0<\/b><\/h3>\n<p><strong>Du 15 mars au 06 avril 2018<\/strong><\/p>\n<p><strong>Vernissage de l&rsquo;exposition : jeudi 15 mars 2018, de 18h \u00e0 21h<\/strong><\/p>\n<p>&nbsp;<\/p>\n<p>Dans le cadre de la programmation <i>YGREC NOMADE, <\/i>l\u2019\u00c9cole Nationale Sup\u00e9rieure d\u2019Arts de Paris-Cergy pr\u00e9sente avec la Cit\u00e9 internationale des Arts l\u2019exposition <i>Mythe en place\u00a0<\/i>avec les artistes Regine Rode, Niko Abramidis &amp;NE et Susi Gelb. Pour ce projet, ils cr\u00e9ent un espace d\u00e9di\u00e9 \u00e0 l\u2019irr\u00e9pressible besoin humain de rechercher, croire et r\u00e9former. Par le biais de m\u00e9diums divers, comme des objets, des dessins et des installations, l\u2019exposition cherche l\u2019inter-corr\u00e9lation entre le mythe et l\u2019Homme.<\/p>\n<p>Gr\u00e2ce \u00e0 ces mat\u00e9riaux utilis\u00e9s pour leur valeur conceptuelle et esth\u00e9tique, les artistes cherchent \u00e0 ouvrir un monde parall\u00e8le pour le spectateur. Au travers de mod\u00e8les fictifs, la r\u00e9alit\u00e9 s\u2019interrompt et permet d\u2019aller au del\u00e0 d\u2019une approche syst\u00e9mique.<\/p>\n<p>Regine Rode (Allemagne) est en r\u00e9sidence \u00e0 la Cit\u00e9 internationale des arts dans le cadre du partenariat avec l\u2019\u00c9cole Nationale Sup\u00e9rieure d\u2019Arts de Paris-Cergy (ENSAPC) et de leur programme d\u2019\u00e9change avec l\u2019Otis College of Art and Design, \u00c9tats-Unis.<\/p>\n<p>Niko Abramidis &amp;NE et Susi Gelb (Allemagne) sont tous les deux en r\u00e9sidence via le programme du Minist\u00e8re de l\u2019Education, de la Culture, des Sciences et des Arts de Bavi\u00e8re, Allemagne.[\/vc_column_text][\/vc_column][\/vc_row]<\/p>\n<\/div>","protected":false},"excerpt":{"rendered":"<p>[vc_row][vc_column css=\u00a0\u00bb.vc_custom_1588669076397{padding-right: 50px !important;padding-left: 50px !important;}\u00a0\u00bb][vc_images_carousel images=\u00a0\u00bb5165,4970,5163,5166,5169,5171,5172,5173&Prime; img_size=\u00a0\u00bblarge\u00a0\u00bb autoplay=\u00a0\u00bbyes\u00a0\u00bb hide_pagination_control=\u00a0\u00bbyes\u00a0\u00bb wrap=\u00a0\u00bbyes\u00a0\u00bb][\/vc_column][\/vc_row][vc_row][vc_column][vc_column_text] Mythe en place\u00a0 Du 15 mars au 06 avril 2018 Vernissage de l&rsquo;exposition : jeudi 15 mars 2018, de 18h \u00e0 21h &nbsp; Dans le cadre de la programmation YGREC NOMADE, l\u2019\u00c9cole Nationale Sup\u00e9rieure d\u2019Arts de Paris-Cergy pr\u00e9sente avec la Cit\u00e9 internationale des Arts&#8230;  <a class=\"excerpt-read-more\" href=\"https:\/\/www.ensapc.fr\/fr\/ygrec\/archives\/2018-3\/mythe-en-place\/\" title=\"Read MYTHE EN PLACE\">Lire la suite &raquo;<\/a><\/p>\n","protected":false},"author":1,"featured_media":0,"parent":4968,"menu_order":425,"comment_status":"closed","ping_status":"closed","template":"","meta":{"footnotes":""},"class_list":["post-5162","page","type-page","status-publish","hentry"],"_links":{"self":[{"href":"https:\/\/www.ensapc.fr\/fr\/wp-json\/wp\/v2\/pages\/5162","targetHints":{"allow":["GET"]}}],"collection":[{"href":"https:\/\/www.ensapc.fr\/fr\/wp-json\/wp\/v2\/pages"}],"about":[{"href":"https:\/\/www.ensapc.fr\/fr\/wp-json\/wp\/v2\/types\/page"}],"author":[{"embeddable":true,"href":"https:\/\/www.ensapc.fr\/fr\/wp-json\/wp\/v2\/users\/1"}],"replies":[{"embeddable":true,"href":"https:\/\/www.ensapc.fr\/fr\/wp-json\/wp\/v2\/comments?post=5162"}],"version-history":[{"count":3,"href":"https:\/\/www.ensapc.fr\/fr\/wp-json\/wp\/v2\/pages\/5162\/revisions"}],"predecessor-version":[{"id":5176,"href":"https:\/\/www.ensapc.fr\/fr\/wp-json\/wp\/v2\/pages\/5162\/revisions\/5176"}],"up":[{"embeddable":true,"href":"https:\/\/www.ensapc.fr\/fr\/wp-json\/wp\/v2\/pages\/4968"}],"wp:attachment":[{"href":"https:\/\/www.ensapc.fr\/fr\/wp-json\/wp\/v2\/media?parent=5162"}],"curies":[{"name":"wp","href":"https:\/\/api.w.org\/{rel}","templated":true}]}}