{"id":5178,"date":"2020-05-05T11:13:38","date_gmt":"2020-05-05T09:13:38","guid":{"rendered":"https:\/\/www.ensapc.fr\/fr\/?page_id=5178"},"modified":"2020-05-05T11:30:38","modified_gmt":"2020-05-05T09:30:38","slug":"prix-bic-2018","status":"publish","type":"page","link":"https:\/\/www.ensapc.fr\/fr\/ygrec\/archives\/2018-3\/prix-bic-2018\/","title":{"rendered":"PRIX BIC 2018"},"content":{"rendered":"<div class=\"wpb-content-wrapper\"><p>[vc_row][vc_column][vc_images_carousel images=\u00a0\u00bb4972,5179,5180&Prime; img_size=\u00a0\u00bblarge\u00a0\u00bb autoplay=\u00a0\u00bbyes\u00a0\u00bb hide_pagination_control=\u00a0\u00bbyes\u00a0\u00bb wrap=\u00a0\u00bbyes\u00a0\u00bb css=\u00a0\u00bb.vc_custom_1588669826483{padding-left: 50px !important;}\u00a0\u00bb][\/vc_column][\/vc_row][vc_row][vc_column][vc_column_text]<\/p>\n<h3><b>Prix Bic 2018<\/b><\/h3>\n<p><strong>13 d\u00e9cembre 2018<\/strong><\/p>\n<p>&nbsp;<\/p>\n<p>La SOCI\u00c9T\u00c9 BIC et l\u2019\u00c9cole Nationale Sup\u00e9rieure d\u2019Arts de Paris-Cergy se sont associ\u00e9es \u00e0 nouveau jeudi 13 d\u00e9cembre 2018 pour le troisi\u00e8me prix BIC\u00ae de cr\u00e9ation contemporaine pour l\u2019ENSAPC.<\/p>\n<p>Ce prix encourage la cr\u00e9ation et de nouvelles formes artistiques autour de l\u2019univers de la marque BIC\u00ae, en mettant en lumi\u00e8re un artiste \u00e9mergeant, \u00e9tudiant dans cette \u00e9cole de Paris-Cergy.<\/p>\n<p>Araks Sahakyan (n\u00e9e en 1990, artiste d\u2019origine espagnole et arm\u00e9nienne) est la laur\u00e9ate de la 3\u00e8me \u00e9dition du Prix BIC\u00ae pour l\u2019ENSAPC 2018. Son \u0153uvre\u00a0<i>Paper carpet<\/i>\u00a0est une installation de 121 feuilles assembl\u00e9es dans une bo\u00eete; une fois d\u00e9pli\u00e9es, elles forment un tapis de 213 x 301 cm. Cette \u0153uvre a \u00e9t\u00e9 r\u00e9alis\u00e9e avec du papier, du cuir, des feutres BIC\u00ae VISA et Cont\u00e9\u00ae, des stylos \u00e0 bille BIC\u00ae, de l\u2019encre de chine BIC\u00ae et des crayons BIC\u00ae.<\/p>\n<p>Camille Joffroy a remport\u00e9 le second prix avec\u00a0<i>Judith triomphante,<\/i>\u00a0un triptyque de 50 x 110 cm., stylo BIC\u00ae sur papier et Jun Kim le troisi\u00e8me prix avec\u00a0<i>Atlas bleu<\/i>, installation de deux vid\u00e9os, l\u2019une de danse et l\u2019autre de dessin num\u00e9rique au stylo BIC\u00ae Cristal\u00ae bleu.<\/p>\n<p>L\u2019ensemble des \u0153uvres pr\u00e9sent\u00e9es pour ce concours a \u00e9t\u00e9 expos\u00e9 au nouvel espace ENSAPC YGREC au printemps 2019.<\/p>\n<p>Les membres du jury sont : Sandra Heged\u00fcs, Fondatrice de SAM Art Projects, Herv\u00e9 Mikaeloff, commissaire d\u2019expositions, Marie-Ange Moulonguet, membre du Comit\u00e9 de s\u00e9lection du Prix Duchamp 2018 et du Comit\u00e9 de s\u00e9lection d\u2019Art Paris 2019, qui fut directrice de l\u2019espace culturel Louis Vuitton au 60 de la rue Bassano, Jean-Luc Verna, artiste et professeur de l\u2019ENSAPC, Marie-Ann Yemsi, consultante culturelle et commissaire d\u2019expositions,\u00a0 et Marie-Charlotte Bich pour la Collection BIC.<\/p>\n<p>&nbsp;<\/p>\n<p><a href=\"https:\/\/www.ensapc.fr\/wp-content\/uploads\/2017\/11\/bic.png\"><img decoding=\"async\" class=\"wp-image-2487 alignleft\" src=\"https:\/\/www.ensapc.fr\/wp-content\/uploads\/2017\/11\/bic.png\" alt=\"bic\" width=\"192\" height=\"57\" \/><\/a>[\/vc_column_text][\/vc_column][\/vc_row]<\/p>\n<\/div>","protected":false},"excerpt":{"rendered":"<p>[vc_row][vc_column][vc_images_carousel images=\u00a0\u00bb4972,5179,5180&Prime; img_size=\u00a0\u00bblarge\u00a0\u00bb autoplay=\u00a0\u00bbyes\u00a0\u00bb hide_pagination_control=\u00a0\u00bbyes\u00a0\u00bb wrap=\u00a0\u00bbyes\u00a0\u00bb css=\u00a0\u00bb.vc_custom_1588669826483{padding-left: 50px !important;}\u00a0\u00bb][\/vc_column][\/vc_row][vc_row][vc_column][vc_column_text] Prix Bic 2018 13 d\u00e9cembre 2018 &nbsp; La SOCI\u00c9T\u00c9 BIC et l\u2019\u00c9cole Nationale Sup\u00e9rieure d\u2019Arts de Paris-Cergy se sont associ\u00e9es \u00e0 nouveau jeudi 13 d\u00e9cembre 2018 pour le troisi\u00e8me prix BIC\u00ae de cr\u00e9ation contemporaine pour l\u2019ENSAPC. Ce prix encourage la cr\u00e9ation et de nouvelles formes artistiques&#8230;  <a class=\"excerpt-read-more\" href=\"https:\/\/www.ensapc.fr\/fr\/ygrec\/archives\/2018-3\/prix-bic-2018\/\" title=\"Read PRIX BIC 2018\">Lire la suite &raquo;<\/a><\/p>\n","protected":false},"author":1,"featured_media":0,"parent":4968,"menu_order":429,"comment_status":"closed","ping_status":"closed","template":"","meta":{"footnotes":""},"class_list":["post-5178","page","type-page","status-publish","hentry"],"_links":{"self":[{"href":"https:\/\/www.ensapc.fr\/fr\/wp-json\/wp\/v2\/pages\/5178","targetHints":{"allow":["GET"]}}],"collection":[{"href":"https:\/\/www.ensapc.fr\/fr\/wp-json\/wp\/v2\/pages"}],"about":[{"href":"https:\/\/www.ensapc.fr\/fr\/wp-json\/wp\/v2\/types\/page"}],"author":[{"embeddable":true,"href":"https:\/\/www.ensapc.fr\/fr\/wp-json\/wp\/v2\/users\/1"}],"replies":[{"embeddable":true,"href":"https:\/\/www.ensapc.fr\/fr\/wp-json\/wp\/v2\/comments?post=5178"}],"version-history":[{"count":4,"href":"https:\/\/www.ensapc.fr\/fr\/wp-json\/wp\/v2\/pages\/5178\/revisions"}],"predecessor-version":[{"id":5185,"href":"https:\/\/www.ensapc.fr\/fr\/wp-json\/wp\/v2\/pages\/5178\/revisions\/5185"}],"up":[{"embeddable":true,"href":"https:\/\/www.ensapc.fr\/fr\/wp-json\/wp\/v2\/pages\/4968"}],"wp:attachment":[{"href":"https:\/\/www.ensapc.fr\/fr\/wp-json\/wp\/v2\/media?parent=5178"}],"curies":[{"name":"wp","href":"https:\/\/api.w.org\/{rel}","templated":true}]}}