{"id":527,"date":"2016-10-07T12:48:49","date_gmt":"2016-10-07T10:48:49","guid":{"rendered":"https:\/\/www.ensapc.fr\/fr\/?page_id=527"},"modified":"2020-03-13T17:06:49","modified_gmt":"2020-03-13T16:06:49","slug":"carole-benzaken","status":"publish","type":"page","link":"https:\/\/www.ensapc.fr\/fr\/carole-benzaken\/","title":{"rendered":"CAROLE BENZAKEN"},"content":{"rendered":"<div class=\"wpb-content-wrapper\"><p>[vc_row][vc_column][vc_column_text]<\/p>\n<p style=\"text-align: justify;\">Peintre multim\u00e9dia, laur\u00e9ate du prix Marcel duchamp en 2004. Le travail de Carole benzaken s\u2019appuie sur une banque d\u2019images pr\u00e9lev\u00e9es dans la presse et les m\u00e9dias et sur une base de films et de photographies personnels. Oeuvrant tout \u00e0 la fois dans la profondeur du tableau peint et \u00e0 la surface du m\u00e9dium num\u00e9rique, l\u2019artiste met en sc\u00e8ne un th\u00e9\u00e2tre multiple, qui travaille simultan\u00e9ment le dedans et le dehors, l\u2019intime et la surface, le code collectif et la m\u00e9moire individuelle. De la peinture \u00abtableau\u00bb \u00e0 l\u2019\u00e9largissement spatial de la peinture, son travail se ramifie en divers m\u00e9dias dont la vid\u00e9o, la mise en volume de l\u2019image peinte ainsi que son extension dans l\u2019espace architectural. Laur\u00e9ate du prix Marcel Duchamp en 2004, elle a particip\u00e9 \u00e0 de nombreuses expositions institutionnelles et mus\u00e9ales en France et \u00e0 l\u2019\u00e9tranger : Fondation Cartier, 1994; Villa Arson, Nice, 1995; CapC, Bordeaux, 1999; Gunma Museum of Contemporary Art, Japon, 1998, Espace Paul Ricard, Paris, 1999; \u201cDear Painter, Paint Me\u201d, Centre Georges Pompidou, 2002, Schirn Kunsthalle, Frankfurt et Kunsthalle, Wien, 2003; Mus\u00e9e des Beaux-Arts de Tourcoing, 2003; Espace 315 prix Marcel duchamp, Centre Georges Pompidou, 2004; MoMa, New York, 2006 Mus\u00e9e d\u2019art et d\u2019histoire du Juda\u00efsme, 2011-2012 ; Mus\u00e9e des beaux-arts de Nancy, 2014 ; Muzeum Slaskie\/BWA Contemporary Art Gallery, Katowice, Poland, 2015 ; Mus\u00e9e Slaskie, Katowice, Pologne, 2016 ; Carr\u00e9 Sainte-Anne, Montpellier, 2016 ; Mus\u00e9e de Louviers, 2017 ; Mus\u00e9e Ch\u00e2teau de Tournon, 2019 ; Abbaye de Cluny en collaboration avec le Centre des monuments nationaux, 2019, etc. Ses \u0153uvres sont dans de nombreuses collections : Museum of Modern Art, New-York ; Mus\u00e9e national d\u2019art moderne, Paris ;\u00a0 Collection de la Ville de Paris ; Mus\u00e9e Paul Dini, Villefranche ; Fondation Cartier, etc.<\/p>\n<p>[\/vc_column_text][vc_btn title=\u00a0\u00bbContact\u00a0\u00bb link=\u00a0\u00bburl:mailto%3Acarole.benzaken%40ensapc.fr|||\u00a0\u00bb][vc_btn title=\u00a0\u00bbEn savoir plus\u00a0\u00bb link=\u00a0\u00bburl:http%3A%2F%2Fwww.carolebenzaken.net%2F||target:%20_blank|\u00a0\u00bb][\/vc_column][\/vc_row]<\/p>\n<\/div>","protected":false},"excerpt":{"rendered":"<p>[vc_row][vc_column][vc_column_text] Peintre multim\u00e9dia, laur\u00e9ate du prix Marcel duchamp en 2004. Le travail de Carole benzaken s\u2019appuie sur une banque d\u2019images pr\u00e9lev\u00e9es dans la presse et les m\u00e9dias et sur une base de films et de photographies personnels. Oeuvrant tout \u00e0 la fois dans la profondeur du tableau peint et \u00e0 la surface du m\u00e9dium num\u00e9rique,&#8230;  <a class=\"excerpt-read-more\" href=\"https:\/\/www.ensapc.fr\/fr\/carole-benzaken\/\" title=\"Read CAROLE BENZAKEN\">Lire la suite &raquo;<\/a><\/p>\n","protected":false},"author":1,"featured_media":0,"parent":0,"menu_order":94,"comment_status":"closed","ping_status":"closed","template":"","meta":{"footnotes":""},"class_list":["post-527","page","type-page","status-publish","hentry"],"_links":{"self":[{"href":"https:\/\/www.ensapc.fr\/fr\/wp-json\/wp\/v2\/pages\/527","targetHints":{"allow":["GET"]}}],"collection":[{"href":"https:\/\/www.ensapc.fr\/fr\/wp-json\/wp\/v2\/pages"}],"about":[{"href":"https:\/\/www.ensapc.fr\/fr\/wp-json\/wp\/v2\/types\/page"}],"author":[{"embeddable":true,"href":"https:\/\/www.ensapc.fr\/fr\/wp-json\/wp\/v2\/users\/1"}],"replies":[{"embeddable":true,"href":"https:\/\/www.ensapc.fr\/fr\/wp-json\/wp\/v2\/comments?post=527"}],"version-history":[{"count":3,"href":"https:\/\/www.ensapc.fr\/fr\/wp-json\/wp\/v2\/pages\/527\/revisions"}],"predecessor-version":[{"id":4831,"href":"https:\/\/www.ensapc.fr\/fr\/wp-json\/wp\/v2\/pages\/527\/revisions\/4831"}],"wp:attachment":[{"href":"https:\/\/www.ensapc.fr\/fr\/wp-json\/wp\/v2\/media?parent=527"}],"curies":[{"name":"wp","href":"https:\/\/api.w.org\/{rel}","templated":true}]}}