{"id":535,"date":"2016-10-07T13:03:12","date_gmt":"2016-10-07T11:03:12","guid":{"rendered":"https:\/\/www.ensapc.fr\/fr\/?page_id=535"},"modified":"2016-10-07T13:03:12","modified_gmt":"2016-10-07T11:03:12","slug":"francois-bon","status":"publish","type":"page","link":"https:\/\/www.ensapc.fr\/fr\/francois-bon\/","title":{"rendered":"FRANCOIS BON"},"content":{"rendered":"<div class=\"wpb-content-wrapper\"><p>[vc_row][vc_column][vc_column_text]<\/p>\n<p style=\"text-align: justify;\">Fran\u00e7ois bon, n\u00e9 en 1953, en vend\u00e9e. P\u00e8re m\u00e9canicien-garagiste, m\u00e8re institutrice. Apr\u00e8s des \u00e9tudes d\u2019ing\u00e9nieur \u00e0 dominante m\u00e9canique (Arts et M\u00e9tiers), travaille dans le soudage par faisceau d\u2019\u00e9lectrons pour l\u2019industrie a\u00e9rospatiale et nucl\u00e9aire, en France et \u00e0 l\u2019\u00e9tranger (notamment INDE et URSS). Publie en 1982 aux \u00e9ditions de Minuit Sortie d\u2019Usine. Laur\u00e9at en 1984-1985 de l\u2019acad\u00e9mie de France \u00e0 rome (Villa M\u00e9dicis). Commence en 1991 une recherche continue dans le domaine des ateliers d\u2019\u00e9criture (Tous les mots sont adultes, Fayard, 2002, r\u00e9ed 2005), soit aupr\u00e8s de publics en forte difficult\u00e9 sociale (centre de jeunes d\u00e9tenus Bordeaux, sdF \u00e0 nancy), soit scolaire ou universitaire (ENSBA, CNSAD, ENS Ulm etc). Au th\u00e9\u00e2tre, Quatre avec le mort \u00e0 la Com\u00e9die Fran\u00e7aise en octobre 2002 et Daewoo au festival d\u2019avignon en 2004 (Moli\u00e8re). Se consacre plusieurs ann\u00e9es \u00e0 une trilogie sur le rock\u2019n roll et l\u2019histoire des ann\u00e9es 60\/70 (rolling stones, bob dylan, Led Zeppelin). En 2009-2010, professeur invit\u00e9 en cr\u00e9ation litt\u00e9raire \u00e0 l\u2019universit\u00e9 Laval\/Qu\u00e9bec et \u00e0 l\u2019universit\u00e9 de Montr\u00e9al (udeM\/Montr\u00e9al). R\u00e9cemment parus: Apr\u00e8s le livre (Seuil, 2011), Autobiographie des objets (Seuil, 2012), \u00e0 para\u00eetre: Proust est une fiction, Seuil fiction &amp; cie, sept 2013. Pr\u00e9sent sur internet depuis 1997 via le site :<\/p>\n<p>[\/vc_column_text][vc_btn title=\u00a0\u00bbContact\u00a0\u00bb link=\u00a0\u00bburl:mailto%3Afrancois.bon%40ensapc.fr|||\u00a0\u00bb][vc_btn title=\u00a0\u00bbEn savoir plus\u00a0\u00bb link=\u00a0\u00bburl:http%3A%2F%2Fwww.tierslivre.net%2F||target:%20_blank|\u00a0\u00bb][\/vc_column][\/vc_row]<\/p>\n<\/div>","protected":false},"excerpt":{"rendered":"<p>[vc_row][vc_column][vc_column_text] Fran\u00e7ois bon, n\u00e9 en 1953, en vend\u00e9e. P\u00e8re m\u00e9canicien-garagiste, m\u00e8re institutrice. Apr\u00e8s des \u00e9tudes d\u2019ing\u00e9nieur \u00e0 dominante m\u00e9canique (Arts et M\u00e9tiers), travaille dans le soudage par faisceau d\u2019\u00e9lectrons pour l\u2019industrie a\u00e9rospatiale et nucl\u00e9aire, en France et \u00e0 l\u2019\u00e9tranger (notamment INDE et URSS). Publie en 1982 aux \u00e9ditions de Minuit Sortie d\u2019Usine. Laur\u00e9at en 1984-1985&#8230;  <a class=\"excerpt-read-more\" href=\"https:\/\/www.ensapc.fr\/fr\/francois-bon\/\" title=\"Read FRANCOIS BON\">Lire la suite &raquo;<\/a><\/p>\n","protected":false},"author":1,"featured_media":0,"parent":0,"menu_order":269,"comment_status":"closed","ping_status":"closed","template":"","meta":{"footnotes":""},"class_list":["post-535","page","type-page","status-publish","hentry"],"_links":{"self":[{"href":"https:\/\/www.ensapc.fr\/fr\/wp-json\/wp\/v2\/pages\/535","targetHints":{"allow":["GET"]}}],"collection":[{"href":"https:\/\/www.ensapc.fr\/fr\/wp-json\/wp\/v2\/pages"}],"about":[{"href":"https:\/\/www.ensapc.fr\/fr\/wp-json\/wp\/v2\/types\/page"}],"author":[{"embeddable":true,"href":"https:\/\/www.ensapc.fr\/fr\/wp-json\/wp\/v2\/users\/1"}],"replies":[{"embeddable":true,"href":"https:\/\/www.ensapc.fr\/fr\/wp-json\/wp\/v2\/comments?post=535"}],"version-history":[{"count":1,"href":"https:\/\/www.ensapc.fr\/fr\/wp-json\/wp\/v2\/pages\/535\/revisions"}],"predecessor-version":[{"id":545,"href":"https:\/\/www.ensapc.fr\/fr\/wp-json\/wp\/v2\/pages\/535\/revisions\/545"}],"wp:attachment":[{"href":"https:\/\/www.ensapc.fr\/fr\/wp-json\/wp\/v2\/media?parent=535"}],"curies":[{"name":"wp","href":"https:\/\/api.w.org\/{rel}","templated":true}]}}