{"id":536,"date":"2016-10-07T13:05:21","date_gmt":"2016-10-07T11:05:21","guid":{"rendered":"https:\/\/www.ensapc.fr\/fr\/?page_id=536"},"modified":"2016-10-07T13:05:57","modified_gmt":"2016-10-07T11:05:57","slug":"carole-boulbes","status":"publish","type":"page","link":"https:\/\/www.ensapc.fr\/fr\/carole-boulbes\/","title":{"rendered":"CAROLE BOULB\u00c8S"},"content":{"rendered":"<div class=\"wpb-content-wrapper\"><p>[vc_row][vc_column][vc_column_text]<\/p>\n<p style=\"text-align: justify;\">* Auteur, chercheuse ind\u00e9pendante, int\u00e9ress\u00e9e notamment par les avant-gardes dada\u00efstes et surr\u00e9alistes,<\/p>\n<p style=\"text-align: justify;\">* a organis\u00e9 les colloques \u00abFemmes, attitudes performatives\u00bb au Centre culturel Andr\u00e9 Malraux, de Vand\u0153uvre-l\u00e8s-nancy (2012), \u00abTemps danses\u00bb au Mus\u00e9e Matisse du Cateau Cambr\u00e9sis (2006), et la table-ronde \u00abItin\u00e9raires num\u00e9riques\u00bb \u00e0 l\u2019\u00e9cole sup\u00e9rieure d\u2019art de Cambrai (2001),<\/p>\n<p style=\"text-align: justify;\">* est l\u2019auteur d\u2019une th\u00e8se de doctorat d\u2019Arts et Sciences de l\u2019Art sur Les \u00c9crits esth\u00e9tiques de Francis Picabia, soutenue sous la direction de Gilbert Lascault \u00e0 l\u2019universit\u00e9 de Paris I- Panth\u00e9on-Sorbonne (1993),<\/p>\n<p style=\"text-align: justify;\">* a \u00e9dit\u00e9 un essai intitul\u00e9 Picabia, le saint masqu\u00e9 aux \u00e9ditions Jean-Michel Place (1998),<\/p>\n<p style=\"text-align: justify;\">* a dirig\u00e9 la r\u00e9\u00e9dition des po\u00e8mes et \u00e9crits critiques de Picabia pour M\u00e9moire du Livre (en 2002 et 2005),<\/p>\n<p style=\"text-align: justify;\">* a publi\u00e9 Picabia avec nietzsche, r\u00e9flexion sur l\u2019art, l\u2019amour et le plagiat philosophique, aux Presses du R\u00e9el (septembre 2010),<\/p>\n<p style=\"text-align: justify;\">* a r\u00e9dig\u00e9 de nombreux comptes-rendus d\u2019expositions sur l\u2019art moderne et contemporain international et men\u00e9 des entretiens pour les revues Art Press, Synesth\u00e9sie et Mudam,<\/p>\n<p style=\"text-align: justify;\">* est l\u2019auteur du Voyage \u00e0 Syracuse, nouvelle disponible en ligne sur le site publie.net<\/p>\n<p style=\"text-align: justify;\">* a effectu\u00e9 des recensions de livres pour la revue Critique d\u2019art entre 2007 et 2012,<\/p>\n<p style=\"text-align: justify;\">* a aussi \u00e9crit des articles pour les catalogues d\u2019exposition et les monographies de Nina Childress, Claude Closky, Nathalie Elemento, Anthony Freestone, Jan Kopp, Monique Frydman, Fr\u00e9d\u00e9rique Lucien, Orlan, Fran\u00e7ois Morellet&#8230;<\/p>\n<p>[\/vc_column_text][vc_btn title=\u00a0\u00bbContact\u00a0\u00bb link=\u00a0\u00bburl:mailto%3Acarole.boulbes%40ensapc.fr|||\u00a0\u00bb][vc_btn title=\u00a0\u00bbEn savoir plus\u00a0\u00bb link=\u00a0\u00bburl:http%3A%2F%2Fcaroleboulbes.blogspot.fr%2F||target:%20_blank|\u00a0\u00bb][\/vc_column][\/vc_row]<\/p>\n<\/div>","protected":false},"excerpt":{"rendered":"<p>[vc_row][vc_column][vc_column_text] * Auteur, chercheuse ind\u00e9pendante, int\u00e9ress\u00e9e notamment par les avant-gardes dada\u00efstes et surr\u00e9alistes, * a organis\u00e9 les colloques \u00abFemmes, attitudes performatives\u00bb au Centre culturel Andr\u00e9 Malraux, de Vand\u0153uvre-l\u00e8s-nancy (2012), \u00abTemps danses\u00bb au Mus\u00e9e Matisse du Cateau Cambr\u00e9sis (2006), et la table-ronde \u00abItin\u00e9raires num\u00e9riques\u00bb \u00e0 l\u2019\u00e9cole sup\u00e9rieure d\u2019art de Cambrai (2001), * est l\u2019auteur d\u2019une th\u00e8se&#8230;  <a class=\"excerpt-read-more\" href=\"https:\/\/www.ensapc.fr\/fr\/carole-boulbes\/\" title=\"Read CAROLE BOULB\u00c8S\">Lire la suite &raquo;<\/a><\/p>\n","protected":false},"author":1,"featured_media":0,"parent":0,"menu_order":95,"comment_status":"closed","ping_status":"closed","template":"","meta":{"footnotes":""},"class_list":["post-536","page","type-page","status-publish","hentry"],"_links":{"self":[{"href":"https:\/\/www.ensapc.fr\/fr\/wp-json\/wp\/v2\/pages\/536","targetHints":{"allow":["GET"]}}],"collection":[{"href":"https:\/\/www.ensapc.fr\/fr\/wp-json\/wp\/v2\/pages"}],"about":[{"href":"https:\/\/www.ensapc.fr\/fr\/wp-json\/wp\/v2\/types\/page"}],"author":[{"embeddable":true,"href":"https:\/\/www.ensapc.fr\/fr\/wp-json\/wp\/v2\/users\/1"}],"replies":[{"embeddable":true,"href":"https:\/\/www.ensapc.fr\/fr\/wp-json\/wp\/v2\/comments?post=536"}],"version-history":[{"count":1,"href":"https:\/\/www.ensapc.fr\/fr\/wp-json\/wp\/v2\/pages\/536\/revisions"}],"predecessor-version":[{"id":546,"href":"https:\/\/www.ensapc.fr\/fr\/wp-json\/wp\/v2\/pages\/536\/revisions\/546"}],"wp:attachment":[{"href":"https:\/\/www.ensapc.fr\/fr\/wp-json\/wp\/v2\/media?parent=536"}],"curies":[{"name":"wp","href":"https:\/\/api.w.org\/{rel}","templated":true}]}}