{"id":537,"date":"2016-10-07T13:09:03","date_gmt":"2016-10-07T11:09:03","guid":{"rendered":"https:\/\/www.ensapc.fr\/fr\/?page_id=537"},"modified":"2016-10-07T13:09:03","modified_gmt":"2016-10-07T11:09:03","slug":"jean-michel-brinon","status":"publish","type":"page","link":"https:\/\/www.ensapc.fr\/fr\/jean-michel-brinon\/","title":{"rendered":"JEAN-MICHEL BRINON"},"content":{"rendered":"<div class=\"wpb-content-wrapper\"><p>[vc_row][vc_column][vc_column_text]<\/p>\n<p style=\"text-align: justify;\">Architecte, pratique de la profession en ind\u00e9- pendant depuis 1980. Architecte \u0153uvrant dans diff\u00e9rents programmes priv\u00e9s, sociaux, publics, en abordant l\u2019architecture comme profession mais aussi comme champ artistique et discipline intellectuelle. Nombreux concours d\u2019architecture. Expositions personnelles et collectives de projets et r\u00e9alisations d\u2019architecture. Publications dans des revues et ouvrages d\u2019architecture. Enseigne depuis 1982 dans les \u00e9coles d\u2019art\u2009: Bourges, Nancy puis Cergy. A enseign\u00e9 \u00e0 l\u2019\u00c9cole Sp\u00e9ciale d\u2019Architecture.<\/p>\n<p>[\/vc_column_text][vc_btn title=\u00a0\u00bbContact\u00a0\u00bb link=\u00a0\u00bburl:mailto%3Ajean-michel.brinon%40ensapc.fr|||\u00a0\u00bb][\/vc_column][\/vc_row]<\/p>\n<\/div>","protected":false},"excerpt":{"rendered":"<p>[vc_row][vc_column][vc_column_text] Architecte, pratique de la profession en ind\u00e9- pendant depuis 1980. Architecte \u0153uvrant dans diff\u00e9rents programmes priv\u00e9s, sociaux, publics, en abordant l\u2019architecture comme profession mais aussi comme champ artistique et discipline intellectuelle. Nombreux concours d\u2019architecture. Expositions personnelles et collectives de projets et r\u00e9alisations d\u2019architecture. Publications dans des revues et ouvrages d\u2019architecture. Enseigne depuis 1982 dans&#8230;  <a class=\"excerpt-read-more\" href=\"https:\/\/www.ensapc.fr\/fr\/jean-michel-brinon\/\" title=\"Read JEAN-MICHEL BRINON\">Lire la suite &raquo;<\/a><\/p>\n","protected":false},"author":1,"featured_media":0,"parent":0,"menu_order":282,"comment_status":"closed","ping_status":"closed","template":"","meta":{"footnotes":""},"class_list":["post-537","page","type-page","status-publish","hentry"],"_links":{"self":[{"href":"https:\/\/www.ensapc.fr\/fr\/wp-json\/wp\/v2\/pages\/537","targetHints":{"allow":["GET"]}}],"collection":[{"href":"https:\/\/www.ensapc.fr\/fr\/wp-json\/wp\/v2\/pages"}],"about":[{"href":"https:\/\/www.ensapc.fr\/fr\/wp-json\/wp\/v2\/types\/page"}],"author":[{"embeddable":true,"href":"https:\/\/www.ensapc.fr\/fr\/wp-json\/wp\/v2\/users\/1"}],"replies":[{"embeddable":true,"href":"https:\/\/www.ensapc.fr\/fr\/wp-json\/wp\/v2\/comments?post=537"}],"version-history":[{"count":1,"href":"https:\/\/www.ensapc.fr\/fr\/wp-json\/wp\/v2\/pages\/537\/revisions"}],"predecessor-version":[{"id":547,"href":"https:\/\/www.ensapc.fr\/fr\/wp-json\/wp\/v2\/pages\/537\/revisions\/547"}],"wp:attachment":[{"href":"https:\/\/www.ensapc.fr\/fr\/wp-json\/wp\/v2\/media?parent=537"}],"curies":[{"name":"wp","href":"https:\/\/api.w.org\/{rel}","templated":true}]}}