{"id":539,"date":"2016-10-07T13:14:47","date_gmt":"2016-10-07T11:14:47","guid":{"rendered":"https:\/\/www.ensapc.fr\/fr\/?page_id=539"},"modified":"2016-10-07T13:14:47","modified_gmt":"2016-10-07T11:14:47","slug":"christophe-cuzin","status":"publish","type":"page","link":"https:\/\/www.ensapc.fr\/fr\/christophe-cuzin\/","title":{"rendered":"CHRISTOPHE CUZIN"},"content":{"rendered":"<div class=\"wpb-content-wrapper\"><p>[vc_row][vc_column][vc_column_text]<\/p>\n<p style=\"text-align: justify;\">Artiste peintre en b\u00e2timent. Le travail de Christophe Cuzin s\u2019effectue sur l\u2019architecture. Il est la plupart du temps \u00e9ph\u00e9m\u00e8re. Christophe Cuzin expose r\u00e9guli\u00e8rement, son travail est visible dans diverses collections et commandes publi- ques en France et \u00e0 l\u2019\u00e9tranger.<\/p>\n<p>[\/vc_column_text][vc_btn title=\u00a0\u00bbContact\u00a0\u00bb link=\u00a0\u00bburl:mailto%3Achristophe.cuzin%40ensapc.fr|||\u00a0\u00bb][vc_btn title=\u00a0\u00bbEn savoir plus\u00a0\u00bb link=\u00a0\u00bburl:http%3A%2F%2Fcuzin.canalblog.com%2F||target:%20_blank|\u00a0\u00bb][\/vc_column][\/vc_row]<\/p>\n<\/div>","protected":false},"excerpt":{"rendered":"<p>[vc_row][vc_column][vc_column_text] Artiste peintre en b\u00e2timent. Le travail de Christophe Cuzin s\u2019effectue sur l\u2019architecture. Il est la plupart du temps \u00e9ph\u00e9m\u00e8re. Christophe Cuzin expose r\u00e9guli\u00e8rement, son travail est visible dans diverses collections et commandes publi- ques en France et \u00e0 l\u2019\u00e9tranger. [\/vc_column_text][vc_btn title=\u00a0\u00bbContact\u00a0\u00bb link=\u00a0\u00bburl:mailto%3Achristophe.cuzin%40ensapc.fr|||\u00a0\u00bb][vc_btn title=\u00a0\u00bbEn savoir plus\u00a0\u00bb link=\u00a0\u00bburl:http%3A%2F%2Fcuzin.canalblog.com%2F||target:%20_blank|\u00a0\u00bb][\/vc_column][\/vc_row]<\/p>\n","protected":false},"author":1,"featured_media":0,"parent":0,"menu_order":99,"comment_status":"closed","ping_status":"closed","template":"","meta":{"footnotes":""},"class_list":["post-539","page","type-page","status-publish","hentry"],"_links":{"self":[{"href":"https:\/\/www.ensapc.fr\/fr\/wp-json\/wp\/v2\/pages\/539","targetHints":{"allow":["GET"]}}],"collection":[{"href":"https:\/\/www.ensapc.fr\/fr\/wp-json\/wp\/v2\/pages"}],"about":[{"href":"https:\/\/www.ensapc.fr\/fr\/wp-json\/wp\/v2\/types\/page"}],"author":[{"embeddable":true,"href":"https:\/\/www.ensapc.fr\/fr\/wp-json\/wp\/v2\/users\/1"}],"replies":[{"embeddable":true,"href":"https:\/\/www.ensapc.fr\/fr\/wp-json\/wp\/v2\/comments?post=539"}],"version-history":[{"count":1,"href":"https:\/\/www.ensapc.fr\/fr\/wp-json\/wp\/v2\/pages\/539\/revisions"}],"predecessor-version":[{"id":549,"href":"https:\/\/www.ensapc.fr\/fr\/wp-json\/wp\/v2\/pages\/539\/revisions\/549"}],"wp:attachment":[{"href":"https:\/\/www.ensapc.fr\/fr\/wp-json\/wp\/v2\/media?parent=539"}],"curies":[{"name":"wp","href":"https:\/\/api.w.org\/{rel}","templated":true}]}}