{"id":540,"date":"2016-10-10T11:21:23","date_gmt":"2016-10-10T09:21:23","guid":{"rendered":"https:\/\/www.ensapc.fr\/fr\/?page_id=540"},"modified":"2016-10-10T11:21:23","modified_gmt":"2016-10-10T09:21:23","slug":"eric-dalbis","status":"publish","type":"page","link":"https:\/\/www.ensapc.fr\/fr\/eric-dalbis\/","title":{"rendered":"\u00c9RIC DALBIS"},"content":{"rendered":"<div class=\"wpb-content-wrapper\"><p>[vc_row][vc_column][vc_column_text]<\/p>\n<p style=\"text-align: justify;\">Artiste, particuli\u00e8rement attach\u00e9 au m\u00e9dium de la peinture, \u00e0 son histoire, \u00e0 ses techniques. Laur\u00e9at du prix F\u00e9lix F\u00e9n\u00e9on (Sorbonne) pour la peinture en 1985, de la Villa M\u00e9dicis Hors les Murs pour Venise en 1987, de la Villa M\u00e9dicis \u00e0 Rome en 1991-92, son travail est r\u00e9guli\u00e8rement expos\u00e9 en France et \u00e0 l\u2019\u00e9tranger. \u0152uvres pr\u00e9sentes dans des collections publi- ques et priv\u00e9es.<\/p>\n<p>[\/vc_column_text][vc_btn title=\u00a0\u00bbContact\u00a0\u00bb link=\u00a0\u00bburl:mailto%3Aeric.dalbis%40ensapc.fr|||\u00a0\u00bb][vc_btn title=\u00a0\u00bbEn savoir plus\u00a0\u00bb link=\u00a0\u00bburl:http%3A%2F%2Fwww.ericdalbis.com%2F||target:%20_blank|\u00a0\u00bb][\/vc_column][\/vc_row]<\/p>\n<\/div>","protected":false},"excerpt":{"rendered":"<p>[vc_row][vc_column][vc_column_text] Artiste, particuli\u00e8rement attach\u00e9 au m\u00e9dium de la peinture, \u00e0 son histoire, \u00e0 ses techniques. Laur\u00e9at du prix F\u00e9lix F\u00e9n\u00e9on (Sorbonne) pour la peinture en 1985, de la Villa M\u00e9dicis Hors les Murs pour Venise en 1987, de la Villa M\u00e9dicis \u00e0 Rome en 1991-92, son travail est r\u00e9guli\u00e8rement expos\u00e9 en France et \u00e0 l\u2019\u00e9tranger&#8230;.  <a class=\"excerpt-read-more\" href=\"https:\/\/www.ensapc.fr\/fr\/eric-dalbis\/\" title=\"Read \u00c9RIC DALBIS\">Lire la suite &raquo;<\/a><\/p>\n","protected":false},"author":1,"featured_media":0,"parent":0,"menu_order":243,"comment_status":"closed","ping_status":"closed","template":"","meta":{"footnotes":""},"class_list":["post-540","page","type-page","status-publish","hentry"],"_links":{"self":[{"href":"https:\/\/www.ensapc.fr\/fr\/wp-json\/wp\/v2\/pages\/540","targetHints":{"allow":["GET"]}}],"collection":[{"href":"https:\/\/www.ensapc.fr\/fr\/wp-json\/wp\/v2\/pages"}],"about":[{"href":"https:\/\/www.ensapc.fr\/fr\/wp-json\/wp\/v2\/types\/page"}],"author":[{"embeddable":true,"href":"https:\/\/www.ensapc.fr\/fr\/wp-json\/wp\/v2\/users\/1"}],"replies":[{"embeddable":true,"href":"https:\/\/www.ensapc.fr\/fr\/wp-json\/wp\/v2\/comments?post=540"}],"version-history":[{"count":1,"href":"https:\/\/www.ensapc.fr\/fr\/wp-json\/wp\/v2\/pages\/540\/revisions"}],"predecessor-version":[{"id":554,"href":"https:\/\/www.ensapc.fr\/fr\/wp-json\/wp\/v2\/pages\/540\/revisions\/554"}],"wp:attachment":[{"href":"https:\/\/www.ensapc.fr\/fr\/wp-json\/wp\/v2\/media?parent=540"}],"curies":[{"name":"wp","href":"https:\/\/api.w.org\/{rel}","templated":true}]}}