{"id":541,"date":"2016-10-10T11:24:26","date_gmt":"2016-10-10T09:24:26","guid":{"rendered":"https:\/\/www.ensapc.fr\/fr\/?page_id=541"},"modified":"2016-10-10T11:24:26","modified_gmt":"2016-10-10T09:24:26","slug":"geoffroy-de-lagasnerie","status":"publish","type":"page","link":"https:\/\/www.ensapc.fr\/fr\/geoffroy-de-lagasnerie\/","title":{"rendered":"GEOFFROY DE LAGASNERIE"},"content":{"rendered":"<div class=\"wpb-content-wrapper\"><p>[vc_row][vc_column][vc_column_text]Geoffroy de Lagasnerie est philosophe et sociologue. Ses travaux portent sur l\u2019art, la culture et les intellectuels, sur la philosophie sociale et politique ou encore sur la th\u00e9orie critique.<\/p>\n<p>Il est l\u2019auteur notamment de :<br \/>\nL&rsquo;Art de la r\u00e9volte\u00a0Snowden, Assange, Manning, (Fayard 2015)<br \/>\nJuger.<br \/>\nL&rsquo;Etat p\u00e9nal face \u00e0 la sociologie (Fayard, 2016)<br \/>\nLa derni\u00e8re le\u00e7on de Michel Foucault (Fayard, 2012),<br \/>\nLogique de la cr\u00e9ation (Fayard, 2011),<br \/>\nSur la science des \u0153uvres (Cartouche, 2011)<br \/>\nL\u2019empire de l\u2019universit\u00e9 (Amsterdam, 2007)<br \/>\nIl dirige la collection \u00ab\u00e0 venir\u00bb aux \u00e9ditions Fayard.[\/vc_column_text][vc_btn title=\u00a0\u00bbContact\u00a0\u00bb link=\u00a0\u00bburl:mailto%3Ageoffroy.delagasnerie%40ensapc.fr|||\u00a0\u00bb][vc_btn title=\u00a0\u00bbEn savoir plus\u00a0\u00bb link=\u00a0\u00bburl:http%3A%2F%2Fwww.geoffroydelagasnerie.com||target:%20_blank|\u00a0\u00bb][\/vc_column][\/vc_row]<\/p>\n<\/div>","protected":false},"excerpt":{"rendered":"<p>[vc_row][vc_column][vc_column_text]Geoffroy de Lagasnerie est philosophe et sociologue. Ses travaux portent sur l\u2019art, la culture et les intellectuels, sur la philosophie sociale et politique ou encore sur la th\u00e9orie critique. Il est l\u2019auteur notamment de : L&rsquo;Art de la r\u00e9volte\u00a0Snowden, Assange, Manning, (Fayard 2015) Juger. L&rsquo;Etat p\u00e9nal face \u00e0 la sociologie (Fayard, 2016) La derni\u00e8re le\u00e7on&#8230;  <a class=\"excerpt-read-more\" href=\"https:\/\/www.ensapc.fr\/fr\/geoffroy-de-lagasnerie\/\" title=\"Read GEOFFROY DE LAGASNERIE\">Lire la suite &raquo;<\/a><\/p>\n","protected":false},"author":1,"featured_media":0,"parent":0,"menu_order":272,"comment_status":"closed","ping_status":"closed","template":"","meta":{"footnotes":""},"class_list":["post-541","page","type-page","status-publish","hentry"],"_links":{"self":[{"href":"https:\/\/www.ensapc.fr\/fr\/wp-json\/wp\/v2\/pages\/541","targetHints":{"allow":["GET"]}}],"collection":[{"href":"https:\/\/www.ensapc.fr\/fr\/wp-json\/wp\/v2\/pages"}],"about":[{"href":"https:\/\/www.ensapc.fr\/fr\/wp-json\/wp\/v2\/types\/page"}],"author":[{"embeddable":true,"href":"https:\/\/www.ensapc.fr\/fr\/wp-json\/wp\/v2\/users\/1"}],"replies":[{"embeddable":true,"href":"https:\/\/www.ensapc.fr\/fr\/wp-json\/wp\/v2\/comments?post=541"}],"version-history":[{"count":1,"href":"https:\/\/www.ensapc.fr\/fr\/wp-json\/wp\/v2\/pages\/541\/revisions"}],"predecessor-version":[{"id":555,"href":"https:\/\/www.ensapc.fr\/fr\/wp-json\/wp\/v2\/pages\/541\/revisions\/555"}],"wp:attachment":[{"href":"https:\/\/www.ensapc.fr\/fr\/wp-json\/wp\/v2\/media?parent=541"}],"curies":[{"name":"wp","href":"https:\/\/api.w.org\/{rel}","templated":true}]}}