{"id":542,"date":"2016-10-10T11:27:15","date_gmt":"2016-10-10T09:27:15","guid":{"rendered":"https:\/\/www.ensapc.fr\/fr\/?page_id=542"},"modified":"2017-01-05T17:45:56","modified_gmt":"2017-01-05T16:45:56","slug":"vincent-gerard","status":"publish","type":"page","link":"https:\/\/www.ensapc.fr\/fr\/vincent-gerard\/","title":{"rendered":"VINCENT G\u00c9RARD"},"content":{"rendered":"<div class=\"wpb-content-wrapper\"><p>[vc_row][vc_column][vc_column_text]<\/p>\n<p style=\"text-align: justify;\">Depuis 1997 il a \u00e9crit, r\u00e9alis\u00e9, produit plusieurs films de fiction, documentaires, vid\u00e9os et installations. Il collabore r\u00e9guli\u00e8rement avec le r\u00e9alisateur C\u00e9dric Laty, avec qui il est producteur associ\u00e9 de la compagnie Lamplighter Films et Lamplighter Kamera.<br \/>\nIl est \u00e9galement commissaire d\u2019exposition ind\u00e9pendant.<\/p>\n<p>&nbsp;<\/p>\n<p><strong>Filmographie:<\/strong><\/p>\n<p>2016 &#8211; The fisherman&rsquo;s whispers &#8211;\u00a0Long-m\u00e9trage de fiction \/ en post-production<\/p>\n<p>2015 &#8211; Barthes* &#8211; un film de Vincent G\u00e9rard, C\u00e9dric Laty, Bernard Marcad\u00e9, Camille Z\u00e9henne\u00a0\/ sortie, 2015-2016<\/p>\n<p>2015 &#8211; William Eggleston&rsquo;s shooting Dunkerque\u00a0&#8211; un &lsquo;shotgun film&rsquo; de Vincent G\u00e9rard<\/p>\n<p>2015\u00a0&#8211;\u00a0L\u2019homme-Fum\u00e9e\u00a0&#8211; Long-m\u00e9trage co\u00e9crit et cor\u00e9alis\u00e9 avec\u00a0C\u00e9dric Laty \/ sortie, 2015-2016<\/p>\n<p>2013 &#8211; Le plan social &#8211; Ep. 9\/16 de la s\u00e9rie &lsquo;le travail ne rend pas libre&rsquo;<\/p>\n<p>2013 &#8211; L\u2019homme-Fum\u00e9e &#8211; Long-m\u00e9trage co\u00e9crit et cor\u00e9alis\u00e9 avec C\u00e9dric Laty\/sortie, 2014<\/p>\n<p>2012 &#8211; Catastrophe en M\u00e9dit\u00e9rann\u00e9e &#8211; vid\u00e9o\/ diffusion, Lamplighter program #2<\/p>\n<p>2011 &#8211; Jeux documentaires &#8211; essai documentaire \/ production et diffusion, La fabrique du Regard\/ Le BAL, Fondation Magnum<\/p>\n<p>2010 &#8211; Les doublons d\u2019or (pilote de la s\u00e9rie) &#8211; cor\u00e9alis\u00e9 avec C\u00e9dric Laty &#8211; sc\u00e9nario Vincent G\u00e9rard<\/p>\n<p>2009\/2013 &#8211; Fusillade &#8211; essai de fiction, co\u00e9crit et cor\u00e9alis\u00e9 avec C\u00e9dric Laty \/ sortie 2014<\/p>\n<p>2008\/2009 &#8211; L\u2019affaire du faux poisson &#8211; doc tv \/ diffusion TNT<\/p>\n<p>2007 &#8211; By the ways, a journey with William Eggleston &#8211; LM doc, co\u00e9crit et cor\u00e9alis\u00e9 avec C\u00e9dric Laty \/ sortie salles France 2007 &amp; sortie internationale, 2008\/2009<\/p>\n<p>Actuellement :<\/p>\n<p>En tournage:\u00a0Le dernier cri movie\u00a0&#8211; LM documentaire, co\u00e9crit et cor\u00e9alis\u00e9 avec C\u00e9dric Laty<\/p>\n<p>En montage:\u00a0The fisherman\u2019s whispers\u00a0&#8211; LM de fiction (2014)<\/p>\n<p>En production: H\u00e9l\u00e8ne Cixous &#8211; essai documentaire de Catherine Lobstein et Maria Chevska &#8211; producteur associ\u00e9 (2014-2016)<\/p>\n<p>En production:\u00a0Th\u00e9\u00e2tres (the 2 young ladies of the bali sunset)\u00a0&#8211; film-installation, co\u00e9crit et cor\u00e9alis\u00e9 avec C\u00e9dric Laty<\/p>\n<p>Producteur associ\u00e9 :<\/p>\n<p>2016 &#8211;\u00a0Sounds of silence\u00a0&#8211; LM de fiction, \u00e9crit et r\u00e9alis\u00e9 par Pradeepan Raveendran \/ coproduction, Bald Anders Films, Jar Pictures (Inde)<\/p>\n<p>2014\u00a0&#8211;\u00a0Take me to the water\u00a0&#8211; Court-M\u00e9trage de fiction, \u00e9crit et r\u00e9alis\u00e9 par Nelson Bourrec Carter<\/p>\n<p>2012 &#8211;\u00a0Maj\u2019noun\u00a0&#8211; CM de fiction, \u00e9crit et r\u00e9alis\u00e9 par Hazem Berrabah<\/p>\n<p>2011 &#8211;\u00a0Armor\u00a0&#8211; essai documentaire, \u00e9crit et r\u00e9alis\u00e9 par Jean Anouilh<\/p>\n<p>2010 &#8211;\u00a0Shadows of silence\u00a0&#8211; CM de fiction, \u00e9crit et r\u00e9alis\u00e9 par Pradeepan Raveendran<\/p>\n<p>2007 &#8211;\u00a0L\u2019ingrat\u00a0&#8211; CM de fiction, \u00e9crit et r\u00e9alis\u00e9 par Niav Conty<\/p>\n<p><strong>Commissariat, textes et dessin:<\/strong><\/p>\n<p>2015 &#8211; Exposition &lsquo;American Journey&rsquo; &#8211; Galerie La r\u00e9tine (Marseille) \/ photographies de William Eggleston et de Mark Lyon, dessins de Vincent G\u00e9rard \/ Commissariat, Vincent G\u00e9rard &amp; Caroline H\u00e9rard<\/p>\n<p>2009 &#8211;\u00a0Mark Lyon, Le Collectionneur\u00a0&#8211; commissaire de l\u2019exposition &#8211; Fondation Zervos, V\u00e9zelay (Ed. catalogue, Fondation Zervos &#8211; textes, V. G\u00e9rard, E. Perruchot, J-M. Bustamante)<\/p>\n<p>2007 &#8211; \u00abLe documentaire d\u00e9passe la r\u00e9alit\u00e9 documentaire\u00bb &#8211; essai publi\u00e9 dans le recueil\u00a0Pensar El Documental\u00a0(Ed. Edoc 7 &#8211; Encuentros del otro cine festival internacional de cine documental, Quito)<\/p>\n<p>2006 &#8211;\u00a0William Eggleston, Spirit of Dunkerque\u00a0&#8211; commissaire de l\u2019exposition &#8211; LAAC de dunkerque (Ed. catalogue, Biro editeur &#8211; textes, V. G\u00e9rard, J-P. rehm)[\/vc_column_text][vc_btn title=\u00a0\u00bbContact\u00a0\u00bb link=\u00a0\u00bburl:mailto%3Avincent.gerard%40ensapc.fr|||\u00a0\u00bb][\/vc_column][\/vc_row]<\/p>\n<\/div>","protected":false},"excerpt":{"rendered":"<p>[vc_row][vc_column][vc_column_text] Depuis 1997 il a \u00e9crit, r\u00e9alis\u00e9, produit plusieurs films de fiction, documentaires, vid\u00e9os et installations. Il collabore r\u00e9guli\u00e8rement avec le r\u00e9alisateur C\u00e9dric Laty, avec qui il est producteur associ\u00e9 de la compagnie Lamplighter Films et Lamplighter Kamera. Il est \u00e9galement commissaire d\u2019exposition ind\u00e9pendant. &nbsp; Filmographie: 2016 &#8211; The fisherman&rsquo;s whispers &#8211;\u00a0Long-m\u00e9trage de fiction \/&#8230;  <a class=\"excerpt-read-more\" href=\"https:\/\/www.ensapc.fr\/fr\/vincent-gerard\/\" title=\"Read VINCENT G\u00c9RARD\">Lire la suite &raquo;<\/a><\/p>\n","protected":false},"author":1,"featured_media":0,"parent":0,"menu_order":334,"comment_status":"closed","ping_status":"closed","template":"","meta":{"footnotes":""},"class_list":["post-542","page","type-page","status-publish","hentry"],"_links":{"self":[{"href":"https:\/\/www.ensapc.fr\/fr\/wp-json\/wp\/v2\/pages\/542","targetHints":{"allow":["GET"]}}],"collection":[{"href":"https:\/\/www.ensapc.fr\/fr\/wp-json\/wp\/v2\/pages"}],"about":[{"href":"https:\/\/www.ensapc.fr\/fr\/wp-json\/wp\/v2\/types\/page"}],"author":[{"embeddable":true,"href":"https:\/\/www.ensapc.fr\/fr\/wp-json\/wp\/v2\/users\/1"}],"replies":[{"embeddable":true,"href":"https:\/\/www.ensapc.fr\/fr\/wp-json\/wp\/v2\/comments?post=542"}],"version-history":[{"count":3,"href":"https:\/\/www.ensapc.fr\/fr\/wp-json\/wp\/v2\/pages\/542\/revisions"}],"predecessor-version":[{"id":1154,"href":"https:\/\/www.ensapc.fr\/fr\/wp-json\/wp\/v2\/pages\/542\/revisions\/1154"}],"wp:attachment":[{"href":"https:\/\/www.ensapc.fr\/fr\/wp-json\/wp\/v2\/media?parent=542"}],"curies":[{"name":"wp","href":"https:\/\/api.w.org\/{rel}","templated":true}]}}