{"id":543,"date":"2016-10-10T11:32:51","date_gmt":"2016-10-10T09:32:51","guid":{"rendered":"https:\/\/www.ensapc.fr\/fr\/?page_id=543"},"modified":"2016-10-10T11:32:51","modified_gmt":"2016-10-10T09:32:51","slug":"jeff-guess","status":"publish","type":"page","link":"https:\/\/www.ensapc.fr\/fr\/jeff-guess\/","title":{"rendered":"JEFF GUESS"},"content":{"rendered":"<div class=\"wpb-content-wrapper\"><p>[vc_row][vc_column][vc_column_text]<\/p>\n<p style=\"text-align: justify;\">Jeff Guess est un artiste am\u00e9ricain qui vit et travaille \u00e0 Paris depuis 1988. Ses \u00e9tudes en photographie et en histoire du cin\u00e9ma ont permis, dans un premier temps, de situer son travail dans l\u2019intervalle entre l\u2019image fixe et l\u2019image en mouvement. Depuis une dizaine d\u2019ann\u00e9es cet espace \u00ab\u2009entre\u2009\u00bb est probl\u00e9matis\u00e9 par l\u2019introduction d\u2019un troisi\u00e8me terme, l\u2019algo- rithmique, qui ouvre plus explicitement ses recherches \u00e0 la question du langage. Ses photographies, programmes, installations et performances ont \u00e9t\u00e9 pr\u00e9sent\u00e9s notamment au Centre Pompidou, \u00e0 la Maison Rouge, \u00e0 l\u2019American Center, au ZKM\u2009\u00ad\u2013\u2009Zentrum f\u00fcr Kunst und Medientechnologie (Karlsr\u00fche), au Filmmuseum (Amsterdam), au Centro Cultural Banco do Brasil (Rio de Janeiro), au Moderna Museet (Stockholm) et au Museet For Fotokunst (Odense).<\/p>\n<p>[\/vc_column_text][vc_btn title=\u00a0\u00bbContact\u00a0\u00bb link=\u00a0\u00bburl:mailto%3Ajeff.guess%40ensapc.fr|||\u00a0\u00bb][vc_btn title=\u00a0\u00bbEn savoir plus\u00a0\u00bb link=\u00a0\u00bburl:http%3A%2F%2Fwww.guess.fr%2F||target:%20_blank|\u00a0\u00bb][\/vc_column][\/vc_row]<\/p>\n<\/div>","protected":false},"excerpt":{"rendered":"<p>[vc_row][vc_column][vc_column_text] Jeff Guess est un artiste am\u00e9ricain qui vit et travaille \u00e0 Paris depuis 1988. Ses \u00e9tudes en photographie et en histoire du cin\u00e9ma ont permis, dans un premier temps, de situer son travail dans l\u2019intervalle entre l\u2019image fixe et l\u2019image en mouvement. Depuis une dizaine d\u2019ann\u00e9es cet espace \u00ab\u2009entre\u2009\u00bb est probl\u00e9matis\u00e9 par l\u2019introduction d\u2019un&#8230;  <a class=\"excerpt-read-more\" href=\"https:\/\/www.ensapc.fr\/fr\/jeff-guess\/\" title=\"Read JEFF GUESS\">Lire la suite &raquo;<\/a><\/p>\n","protected":false},"author":1,"featured_media":0,"parent":0,"menu_order":283,"comment_status":"closed","ping_status":"closed","template":"","meta":{"footnotes":""},"class_list":["post-543","page","type-page","status-publish","hentry"],"_links":{"self":[{"href":"https:\/\/www.ensapc.fr\/fr\/wp-json\/wp\/v2\/pages\/543","targetHints":{"allow":["GET"]}}],"collection":[{"href":"https:\/\/www.ensapc.fr\/fr\/wp-json\/wp\/v2\/pages"}],"about":[{"href":"https:\/\/www.ensapc.fr\/fr\/wp-json\/wp\/v2\/types\/page"}],"author":[{"embeddable":true,"href":"https:\/\/www.ensapc.fr\/fr\/wp-json\/wp\/v2\/users\/1"}],"replies":[{"embeddable":true,"href":"https:\/\/www.ensapc.fr\/fr\/wp-json\/wp\/v2\/comments?post=543"}],"version-history":[{"count":1,"href":"https:\/\/www.ensapc.fr\/fr\/wp-json\/wp\/v2\/pages\/543\/revisions"}],"predecessor-version":[{"id":569,"href":"https:\/\/www.ensapc.fr\/fr\/wp-json\/wp\/v2\/pages\/543\/revisions\/569"}],"wp:attachment":[{"href":"https:\/\/www.ensapc.fr\/fr\/wp-json\/wp\/v2\/media?parent=543"}],"curies":[{"name":"wp","href":"https:\/\/api.w.org\/{rel}","templated":true}]}}