{"id":558,"date":"2016-10-10T11:46:59","date_gmt":"2016-10-10T09:46:59","guid":{"rendered":"https:\/\/www.ensapc.fr\/fr\/?page_id=558"},"modified":"2016-10-10T11:46:59","modified_gmt":"2016-10-10T09:46:59","slug":"luc-lang","status":"publish","type":"page","link":"https:\/\/www.ensapc.fr\/fr\/luc-lang\/","title":{"rendered":"LUC LANG"},"content":{"rendered":"<div class=\"wpb-content-wrapper\"><p>[vc_row][vc_column][vc_column_text]<\/p>\n<p style=\"text-align: justify;\">Luc Lang est \u00e9crivain et th\u00e9oricien de l\u2019art. Auteur de romans (Voyage sur la ligne d\u2019horizon [Gallimard, 1988], Liverpool mar\u00e9e haute [id. 1991], Furies [id. 1995], Mille six cent ventres [Fayard, 1998], Les Indiens [Stock, 2001], La fin des paysages [id. 2006], Cruels, 13 [id. 2008], Esprit chien [id. 2010]), d\u2019un \u00abroad story\u00bb dans le grand ouest am\u00e9ricain (11\u00a0septembre mon amour [Stock, 2003]) et d\u2019ouvrages th\u00e9oriques sur l\u2019art et la litt\u00e9rature (Les Invisibles, 12 r\u00e9cits sur l\u2019art contemporain, [ed. du Regard, 2002], Notes pour une po\u00e9tique du roman [Inventaire\/Invention, 2002]) et de multiples contributions \u00e0 Arstudio, \u00e0 des catalogues d\u2019exposition et aux Cahiers de recherche (tous disponibles \u00e0 la biblioth\u00e8que de l\u2019ENSAPC).<\/p>\n<p class=\"indent\" style=\"text-align: justify;\">Enseigne l\u2019esth\u00e9tique \u00e0 partir d\u2019un corpus d\u2019\u0153uvres visuelles, tous m\u00e9dias confondus, y compris la vid\u00e9o, le cin\u00e9ma, l\u2019architecture, principalement pour la deuxi\u00e8me moiti\u00e9 du XXe si\u00e8cle jusqu\u2019\u00e0 aujourd\u2019hui.<\/p>\n<p>[\/vc_column_text][vc_btn title=\u00a0\u00bbContact\u00a0\u00bb link=\u00a0\u00bburl:mailto%3Aluc.lang%40ensapc.fr|||\u00a0\u00bb][\/vc_column][\/vc_row]<\/p>\n<\/div>","protected":false},"excerpt":{"rendered":"<p>[vc_row][vc_column][vc_column_text] Luc Lang est \u00e9crivain et th\u00e9oricien de l\u2019art. Auteur de romans (Voyage sur la ligne d\u2019horizon [Gallimard, 1988], Liverpool mar\u00e9e haute [id. 1991], Furies [id. 1995], Mille six cent ventres [Fayard, 1998], Les Indiens [Stock, 2001], La fin des paysages [id. 2006], Cruels, 13 [id. 2008], Esprit chien [id. 2010]), d\u2019un \u00abroad story\u00bb dans&#8230;  <a class=\"excerpt-read-more\" href=\"https:\/\/www.ensapc.fr\/fr\/luc-lang\/\" title=\"Read LUC LANG\">Lire la suite &raquo;<\/a><\/p>\n","protected":false},"author":1,"featured_media":0,"parent":0,"menu_order":290,"comment_status":"closed","ping_status":"closed","template":"","meta":{"footnotes":""},"class_list":["post-558","page","type-page","status-publish","hentry"],"_links":{"self":[{"href":"https:\/\/www.ensapc.fr\/fr\/wp-json\/wp\/v2\/pages\/558","targetHints":{"allow":["GET"]}}],"collection":[{"href":"https:\/\/www.ensapc.fr\/fr\/wp-json\/wp\/v2\/pages"}],"about":[{"href":"https:\/\/www.ensapc.fr\/fr\/wp-json\/wp\/v2\/types\/page"}],"author":[{"embeddable":true,"href":"https:\/\/www.ensapc.fr\/fr\/wp-json\/wp\/v2\/users\/1"}],"replies":[{"embeddable":true,"href":"https:\/\/www.ensapc.fr\/fr\/wp-json\/wp\/v2\/comments?post=558"}],"version-history":[{"count":1,"href":"https:\/\/www.ensapc.fr\/fr\/wp-json\/wp\/v2\/pages\/558\/revisions"}],"predecessor-version":[{"id":571,"href":"https:\/\/www.ensapc.fr\/fr\/wp-json\/wp\/v2\/pages\/558\/revisions\/571"}],"wp:attachment":[{"href":"https:\/\/www.ensapc.fr\/fr\/wp-json\/wp\/v2\/media?parent=558"}],"curies":[{"name":"wp","href":"https:\/\/api.w.org\/{rel}","templated":true}]}}