{"id":559,"date":"2016-10-10T11:48:39","date_gmt":"2016-10-10T09:48:39","guid":{"rendered":"https:\/\/www.ensapc.fr\/fr\/?page_id=559"},"modified":"2016-10-10T11:48:39","modified_gmt":"2016-10-10T09:48:39","slug":"corinne-le-neun","status":"publish","type":"page","link":"https:\/\/www.ensapc.fr\/fr\/corinne-le-neun\/","title":{"rendered":"CORINNE LE NE\u00dcN"},"content":{"rendered":"<div class=\"wpb-content-wrapper\"><p>[vc_row][vc_column][vc_column_text]<\/p>\n<p style=\"text-align: justify;\">Historienne de l\u2019art, doctorante \u00e0 l\u2019\u00c9cole des Hautes \u00c9tudes en Sciences Sociales sous la direction de Giovanni Careri (CEHTA). Ses travaux portent principalement sur la figure infamante et la g\u00e9n\u00e9alogie des images au travers des \u0153uvres de Michel Journiac, Carsten H\u00f6ller, Rosemarie Trockel, Michael Haneke et Pier Paolo Pasolini. Conceptrice du Furoshiki Art Studio, lieu de production exp\u00e9rimentale, de cr\u00e9ation art et textile. Elle fut commissaire d\u2019exposition, conservateur du Ch\u00e2teau d\u2019Oiron, conseiller pour les arts plastiques et les mus\u00e9es, directeur de l\u2019\u00c9cole Nationale Sup\u00e9rieure d\u2019Art de Bourges, inspecteur g\u00e9n\u00e9ral pour les enseignements artistiques au Minist\u00e8re de la Culture et de la Communication. Elle a exerc\u00e9 les missions de d\u00e9l\u00e9gu\u00e9e scientifique culture au sein de l\u2019agence d\u2019\u00e9valuation de la recherche et de l\u2019enseignement sup\u00e9rieur (AERES).<\/p>\n<p>[\/vc_column_text][vc_btn title=\u00a0\u00bbContact\u00a0\u00bb link=\u00a0\u00bburl:mailto%3Acorinne.le-neun%40ensapc.fr|||\u00a0\u00bb][\/vc_column][\/vc_row]<\/p>\n<\/div>","protected":false},"excerpt":{"rendered":"<p>[vc_row][vc_column][vc_column_text] Historienne de l\u2019art, doctorante \u00e0 l\u2019\u00c9cole des Hautes \u00c9tudes en Sciences Sociales sous la direction de Giovanni Careri (CEHTA). Ses travaux portent principalement sur la figure infamante et la g\u00e9n\u00e9alogie des images au travers des \u0153uvres de Michel Journiac, Carsten H\u00f6ller, Rosemarie Trockel, Michael Haneke et Pier Paolo Pasolini. Conceptrice du Furoshiki Art Studio,&#8230;  <a class=\"excerpt-read-more\" href=\"https:\/\/www.ensapc.fr\/fr\/corinne-le-neun\/\" title=\"Read CORINNE LE NE\u00dcN\">Lire la suite &raquo;<\/a><\/p>\n","protected":false},"author":1,"featured_media":0,"parent":0,"menu_order":103,"comment_status":"closed","ping_status":"closed","template":"","meta":{"footnotes":""},"class_list":["post-559","page","type-page","status-publish","hentry"],"_links":{"self":[{"href":"https:\/\/www.ensapc.fr\/fr\/wp-json\/wp\/v2\/pages\/559","targetHints":{"allow":["GET"]}}],"collection":[{"href":"https:\/\/www.ensapc.fr\/fr\/wp-json\/wp\/v2\/pages"}],"about":[{"href":"https:\/\/www.ensapc.fr\/fr\/wp-json\/wp\/v2\/types\/page"}],"author":[{"embeddable":true,"href":"https:\/\/www.ensapc.fr\/fr\/wp-json\/wp\/v2\/users\/1"}],"replies":[{"embeddable":true,"href":"https:\/\/www.ensapc.fr\/fr\/wp-json\/wp\/v2\/comments?post=559"}],"version-history":[{"count":1,"href":"https:\/\/www.ensapc.fr\/fr\/wp-json\/wp\/v2\/pages\/559\/revisions"}],"predecessor-version":[{"id":572,"href":"https:\/\/www.ensapc.fr\/fr\/wp-json\/wp\/v2\/pages\/559\/revisions\/572"}],"wp:attachment":[{"href":"https:\/\/www.ensapc.fr\/fr\/wp-json\/wp\/v2\/media?parent=559"}],"curies":[{"name":"wp","href":"https:\/\/api.w.org\/{rel}","templated":true}]}}