{"id":561,"date":"2016-10-10T11:52:37","date_gmt":"2016-10-10T09:52:37","guid":{"rendered":"https:\/\/www.ensapc.fr\/fr\/?page_id=561"},"modified":"2016-10-10T11:52:37","modified_gmt":"2016-10-10T09:52:37","slug":"eric-maillet","status":"publish","type":"page","link":"https:\/\/www.ensapc.fr\/fr\/eric-maillet\/","title":{"rendered":"\u00c9RIC MAILLET"},"content":{"rendered":"<div class=\"wpb-content-wrapper\"><p>[vc_row][vc_column][vc_column_text]<\/p>\n<p style=\"text-align: justify;\">Artiste travaillant plus particuli\u00e8rement avec les m\u00e9dias num\u00e9riques (informatique, vid\u00e9o, son), en diffusion classique ou en dispositif. S\u2019int\u00e9resse particuli\u00e8rement au statut des images, leur valeur documentaire et leur \u00e9conomie de production. M\u00e8ne des exp\u00e9riences croisant l\u2019art et d\u2019autres disciplines: sociologie, urbanisme, reportage\u2026 Pr\u00e9sente son travail lors d\u2019expositions, de festivals et d\u2019\u00e9v\u00e9nements publics en France et \u00e0 l\u2019\u00e9tranger.<\/p>\n<p>[\/vc_column_text][vc_btn title=\u00a0\u00bbContact\u00a0\u00bb link=\u00a0\u00bburl:mailto%3Aeric.maillet%40ensapc.fr|||\u00a0\u00bb][vc_btn title=\u00a0\u00bbEn savoir plus\u00a0\u00bb link=\u00a0\u00bburl:http%3A%2F%2Fe.maillet.free.fr%2F||target:%20_blank|\u00a0\u00bb][\/vc_column][\/vc_row]<\/p>\n<\/div>","protected":false},"excerpt":{"rendered":"<p>[vc_row][vc_column][vc_column_text] Artiste travaillant plus particuli\u00e8rement avec les m\u00e9dias num\u00e9riques (informatique, vid\u00e9o, son), en diffusion classique ou en dispositif. S\u2019int\u00e9resse particuli\u00e8rement au statut des images, leur valeur documentaire et leur \u00e9conomie de production. M\u00e8ne des exp\u00e9riences croisant l\u2019art et d\u2019autres disciplines: sociologie, urbanisme, reportage\u2026 Pr\u00e9sente son travail lors d\u2019expositions, de festivals et d\u2019\u00e9v\u00e9nements publics en France&#8230;  <a class=\"excerpt-read-more\" href=\"https:\/\/www.ensapc.fr\/fr\/eric-maillet\/\" title=\"Read \u00c9RIC MAILLET\">Lire la suite &raquo;<\/a><\/p>\n","protected":false},"author":1,"featured_media":0,"parent":0,"menu_order":244,"comment_status":"closed","ping_status":"closed","template":"","meta":{"footnotes":""},"class_list":["post-561","page","type-page","status-publish","hentry"],"_links":{"self":[{"href":"https:\/\/www.ensapc.fr\/fr\/wp-json\/wp\/v2\/pages\/561","targetHints":{"allow":["GET"]}}],"collection":[{"href":"https:\/\/www.ensapc.fr\/fr\/wp-json\/wp\/v2\/pages"}],"about":[{"href":"https:\/\/www.ensapc.fr\/fr\/wp-json\/wp\/v2\/types\/page"}],"author":[{"embeddable":true,"href":"https:\/\/www.ensapc.fr\/fr\/wp-json\/wp\/v2\/users\/1"}],"replies":[{"embeddable":true,"href":"https:\/\/www.ensapc.fr\/fr\/wp-json\/wp\/v2\/comments?post=561"}],"version-history":[{"count":1,"href":"https:\/\/www.ensapc.fr\/fr\/wp-json\/wp\/v2\/pages\/561\/revisions"}],"predecessor-version":[{"id":575,"href":"https:\/\/www.ensapc.fr\/fr\/wp-json\/wp\/v2\/pages\/561\/revisions\/575"}],"wp:attachment":[{"href":"https:\/\/www.ensapc.fr\/fr\/wp-json\/wp\/v2\/media?parent=561"}],"curies":[{"name":"wp","href":"https:\/\/api.w.org\/{rel}","templated":true}]}}