{"id":563,"date":"2016-10-10T11:55:55","date_gmt":"2016-10-10T09:55:55","guid":{"rendered":"https:\/\/www.ensapc.fr\/fr\/?page_id=563"},"modified":"2016-10-10T11:55:55","modified_gmt":"2016-10-10T09:55:55","slug":"judith-perron","status":"publish","type":"page","link":"https:\/\/www.ensapc.fr\/fr\/judith-perron\/","title":{"rendered":"JUDITH PERRON"},"content":{"rendered":"<div class=\"wpb-content-wrapper\"><p>[vc_row][vc_column][vc_column_text]<\/p>\n<p style=\"text-align: justify;\">D\u00eeplom\u00e9e du Conservatoire Nationale Sup\u00e9rieure de Musique et de Danse de Paris en 1993, elle travaille r\u00e9guli\u00e8rement avec Daniel Larrieu. Dans le cadre du Centre Chor\u00e9graphique National de Tours elle participe aux travaux de William Forsythe et du quatuor Knust. Depuis 1994, elle collabore aux projets de Nad\u00e8ge Macleay, Jos\u00e9 Valls, Joan Baixas, Paulo Duarte, Michel Ozeray, Anne Buguet, Dominique Brun. Elle a enseign\u00e9 parall\u00e8lement \u00e0 l\u2019IUFM de Tours et \u00e0 Sciences Po Paris.<\/p>\n<p>[\/vc_column_text][vc_btn title=\u00a0\u00bbContact\u00a0\u00bb link=\u00a0\u00bburl:mailto%3Ajudith.perron%40ensapc.fr|||\u00a0\u00bb][\/vc_column][\/vc_row]<\/p>\n<\/div>","protected":false},"excerpt":{"rendered":"<p>[vc_row][vc_column][vc_column_text] D\u00eeplom\u00e9e du Conservatoire Nationale Sup\u00e9rieure de Musique et de Danse de Paris en 1993, elle travaille r\u00e9guli\u00e8rement avec Daniel Larrieu. Dans le cadre du Centre Chor\u00e9graphique National de Tours elle participe aux travaux de William Forsythe et du quatuor Knust. Depuis 1994, elle collabore aux projets de Nad\u00e8ge Macleay, Jos\u00e9 Valls, Joan Baixas, Paulo&#8230;  <a class=\"excerpt-read-more\" href=\"https:\/\/www.ensapc.fr\/fr\/judith-perron\/\" title=\"Read JUDITH PERRON\">Lire la suite &raquo;<\/a><\/p>\n","protected":false},"author":1,"featured_media":0,"parent":0,"menu_order":288,"comment_status":"closed","ping_status":"closed","template":"","meta":{"footnotes":""},"class_list":["post-563","page","type-page","status-publish","hentry"],"_links":{"self":[{"href":"https:\/\/www.ensapc.fr\/fr\/wp-json\/wp\/v2\/pages\/563","targetHints":{"allow":["GET"]}}],"collection":[{"href":"https:\/\/www.ensapc.fr\/fr\/wp-json\/wp\/v2\/pages"}],"about":[{"href":"https:\/\/www.ensapc.fr\/fr\/wp-json\/wp\/v2\/types\/page"}],"author":[{"embeddable":true,"href":"https:\/\/www.ensapc.fr\/fr\/wp-json\/wp\/v2\/users\/1"}],"replies":[{"embeddable":true,"href":"https:\/\/www.ensapc.fr\/fr\/wp-json\/wp\/v2\/comments?post=563"}],"version-history":[{"count":1,"href":"https:\/\/www.ensapc.fr\/fr\/wp-json\/wp\/v2\/pages\/563\/revisions"}],"predecessor-version":[{"id":577,"href":"https:\/\/www.ensapc.fr\/fr\/wp-json\/wp\/v2\/pages\/563\/revisions\/577"}],"wp:attachment":[{"href":"https:\/\/www.ensapc.fr\/fr\/wp-json\/wp\/v2\/media?parent=563"}],"curies":[{"name":"wp","href":"https:\/\/api.w.org\/{rel}","templated":true}]}}