{"id":565,"date":"2016-10-10T11:59:18","date_gmt":"2016-10-10T09:59:18","guid":{"rendered":"https:\/\/www.ensapc.fr\/fr\/?page_id=565"},"modified":"2016-10-10T11:59:18","modified_gmt":"2016-10-10T09:59:18","slug":"jeff-rian","status":"publish","type":"page","link":"https:\/\/www.ensapc.fr\/fr\/jeff-rian\/","title":{"rendered":"JEFF RIAN"},"content":{"rendered":"<div class=\"wpb-content-wrapper\"><p>[vc_row][vc_column][vc_column_text]<\/p>\n<p style=\"text-align: justify;\">Ex New-Yorkais Jeff Rian, essayiste et musicien : r\u00e9dacteur et \u00e9crivain pour les magazines, Purple Fashion et The Purple Journal, collabore r\u00e9guli\u00e8rement \u00e0 la revue Artforum. Il est l\u2019auteur du Lexique revolver, Purple Years (Onestar Press) et de livres sur Richard Prince, Lewis Baltz, Philip-Lorca diCorcia, et St\u00e9phane Dafflon. Il est compositeur et musicien pour Cds\u00a0: Everglade, avec Jean-Jacques Palix; A7, Fanfares, et 8 de Pique, pour Alexandra Roos\u00a0; Battle Songs, avec son groupe, Rowboat, et compositeur\/guitariste pour des films et vid\u00e9os.<\/p>\n<p>[\/vc_column_text][vc_btn title=\u00a0\u00bbContact\u00a0\u00bb link=\u00a0\u00bburl:mailto%3Ajeff.rian%40ensapc.fr|||\u00a0\u00bb][vc_btn title=\u00a0\u00bbEn savoir plus\u00a0\u00bb link=\u00a0\u00bburl:http%3A%2F%2Fwww.rowboat.fr%2F||target:%20_blank|\u00a0\u00bb][\/vc_column][\/vc_row]<\/p>\n<\/div>","protected":false},"excerpt":{"rendered":"<p>[vc_row][vc_column][vc_column_text] Ex New-Yorkais Jeff Rian, essayiste et musicien : r\u00e9dacteur et \u00e9crivain pour les magazines, Purple Fashion et The Purple Journal, collabore r\u00e9guli\u00e8rement \u00e0 la revue Artforum. Il est l\u2019auteur du Lexique revolver, Purple Years (Onestar Press) et de livres sur Richard Prince, Lewis Baltz, Philip-Lorca diCorcia, et St\u00e9phane Dafflon. Il est compositeur et musicien&#8230;  <a class=\"excerpt-read-more\" href=\"https:\/\/www.ensapc.fr\/fr\/jeff-rian\/\" title=\"Read JEFF RIAN\">Lire la suite &raquo;<\/a><\/p>\n","protected":false},"author":1,"featured_media":0,"parent":0,"menu_order":285,"comment_status":"closed","ping_status":"closed","template":"","meta":{"footnotes":""},"class_list":["post-565","page","type-page","status-publish","hentry"],"_links":{"self":[{"href":"https:\/\/www.ensapc.fr\/fr\/wp-json\/wp\/v2\/pages\/565","targetHints":{"allow":["GET"]}}],"collection":[{"href":"https:\/\/www.ensapc.fr\/fr\/wp-json\/wp\/v2\/pages"}],"about":[{"href":"https:\/\/www.ensapc.fr\/fr\/wp-json\/wp\/v2\/types\/page"}],"author":[{"embeddable":true,"href":"https:\/\/www.ensapc.fr\/fr\/wp-json\/wp\/v2\/users\/1"}],"replies":[{"embeddable":true,"href":"https:\/\/www.ensapc.fr\/fr\/wp-json\/wp\/v2\/comments?post=565"}],"version-history":[{"count":1,"href":"https:\/\/www.ensapc.fr\/fr\/wp-json\/wp\/v2\/pages\/565\/revisions"}],"predecessor-version":[{"id":580,"href":"https:\/\/www.ensapc.fr\/fr\/wp-json\/wp\/v2\/pages\/565\/revisions\/580"}],"wp:attachment":[{"href":"https:\/\/www.ensapc.fr\/fr\/wp-json\/wp\/v2\/media?parent=565"}],"curies":[{"name":"wp","href":"https:\/\/api.w.org\/{rel}","templated":true}]}}