{"id":566,"date":"2016-10-10T12:00:26","date_gmt":"2016-10-10T10:00:26","guid":{"rendered":"https:\/\/www.ensapc.fr\/fr\/?page_id=566"},"modified":"2016-10-10T12:00:26","modified_gmt":"2016-10-10T10:00:26","slug":"patrice-rollet","status":"publish","type":"page","link":"https:\/\/www.ensapc.fr\/fr\/patrice-rollet\/","title":{"rendered":"PATRICE ROLLET"},"content":{"rendered":"<div class=\"wpb-content-wrapper\"><p>[vc_row][vc_column][vc_column_text]<\/p>\n<p style=\"text-align: justify;\">Philosophe de formation, critique et essayiste de cin\u00e9ma, Patrice Rollet a enseign\u00e9 \u00e0 l\u2019Institut d\u2019arts visuels d\u2019Orl\u00e9ans, \u00e0 l\u2019Universit\u00e9 Paris\u00a0III\u2009\u2013 Sorbonne Nouvelle ainsi qu\u2019\u00e0 l\u2019\u00c9cole du Louvre. Membre, depuis sa fondation, du comit\u00e9 de r\u00e9daction de la revue Trafic, apr\u00e8s avoir \u00e9t\u00e9 successivement responsable de Vertigo et directeur litt\u00e9raire des Cahiers du cin\u00e9ma, il a publi\u00e9 plusieurs ouvrages consacr\u00e9s au cin\u00e9ma, dont John Ford aux Cahiers du cin\u00e9ma et Passages \u00e0 vide chez P.O.L. Il a engag\u00e9, par ailleurs, l\u2019\u00e9dition la plus compl\u00e8te \u00e0 ce jour des \u00e9crits de Serge Daney sous le titre g\u00e9n\u00e9ral La Maison cin\u00e9ma et le monde.<\/p>\n<p>[\/vc_column_text][vc_btn title=\u00a0\u00bbContact\u00a0\u00bb link=\u00a0\u00bburl:mailto%3Apatrice.rollet%40ensapc.fr|||\u00a0\u00bb][\/vc_column][\/vc_row]<\/p>\n<\/div>","protected":false},"excerpt":{"rendered":"<p>[vc_row][vc_column][vc_column_text] Philosophe de formation, critique et essayiste de cin\u00e9ma, Patrice Rollet a enseign\u00e9 \u00e0 l\u2019Institut d\u2019arts visuels d\u2019Orl\u00e9ans, \u00e0 l\u2019Universit\u00e9 Paris\u00a0III\u2009\u2013 Sorbonne Nouvelle ainsi qu\u2019\u00e0 l\u2019\u00c9cole du Louvre. Membre, depuis sa fondation, du comit\u00e9 de r\u00e9daction de la revue Trafic, apr\u00e8s avoir \u00e9t\u00e9 successivement responsable de Vertigo et directeur litt\u00e9raire des Cahiers du cin\u00e9ma, il&#8230;  <a class=\"excerpt-read-more\" href=\"https:\/\/www.ensapc.fr\/fr\/patrice-rollet\/\" title=\"Read PATRICE ROLLET\">Lire la suite &raquo;<\/a><\/p>\n","protected":false},"author":1,"featured_media":0,"parent":0,"menu_order":295,"comment_status":"closed","ping_status":"closed","template":"","meta":{"footnotes":""},"class_list":["post-566","page","type-page","status-publish","hentry"],"_links":{"self":[{"href":"https:\/\/www.ensapc.fr\/fr\/wp-json\/wp\/v2\/pages\/566","targetHints":{"allow":["GET"]}}],"collection":[{"href":"https:\/\/www.ensapc.fr\/fr\/wp-json\/wp\/v2\/pages"}],"about":[{"href":"https:\/\/www.ensapc.fr\/fr\/wp-json\/wp\/v2\/types\/page"}],"author":[{"embeddable":true,"href":"https:\/\/www.ensapc.fr\/fr\/wp-json\/wp\/v2\/users\/1"}],"replies":[{"embeddable":true,"href":"https:\/\/www.ensapc.fr\/fr\/wp-json\/wp\/v2\/comments?post=566"}],"version-history":[{"count":2,"href":"https:\/\/www.ensapc.fr\/fr\/wp-json\/wp\/v2\/pages\/566\/revisions"}],"predecessor-version":[{"id":582,"href":"https:\/\/www.ensapc.fr\/fr\/wp-json\/wp\/v2\/pages\/566\/revisions\/582"}],"wp:attachment":[{"href":"https:\/\/www.ensapc.fr\/fr\/wp-json\/wp\/v2\/media?parent=566"}],"curies":[{"name":"wp","href":"https:\/\/api.w.org\/{rel}","templated":true}]}}