{"id":5687,"date":"2020-05-28T10:20:53","date_gmt":"2020-05-28T08:20:53","guid":{"rendered":"https:\/\/www.ensapc.fr\/fr\/?page_id=5687"},"modified":"2022-03-31T16:18:24","modified_gmt":"2022-03-31T14:18:24","slug":"2019-2","status":"publish","type":"page","link":"https:\/\/www.ensapc.fr\/fr\/recherche\/archives\/2019-2\/","title":{"rendered":"2019"},"content":{"rendered":"<div class=\"wpb-content-wrapper\"><p>[vc_row gap=\u00a0\u00bb30&Prime;][vc_column width=\u00a0\u00bb1\/2&Prime;][vc_column_text]<strong>CREATOR DOCTUS<\/strong><\/p>\n<p>Depuis 2018, l\u2019ENSAPC est partenaire du projet europ\u00e9en Creator Doctus (CrD). A\u0300 l\u2019initiative de la Gerrit Rietveld Academie et de l\u2019organisation europe\u0301enne EQ-Arts, et re\u0301unissant la Glasgow School of Art, la Athens School of Fine Arts, la Vilnius Academy of Arts, la Royal Danish Academy of Fine Arts, la Merz Akademie et l\u2019Ecole nationale sup\u00e9rieure d\u2019arts de Paris Cergy, ce projet entend mener, sur la pe\u0301riode 2018-2021 une re\u0301flexion a\u0300 l&rsquo;e\u0301chelle europe\u0301enne sur le doctorat par la pratique artistique et produire des savoirs et des recommandations se nourrissant des exp\u00e9riences et expertises des \u00e9tablissements partenaires, europ\u00e9ens et internationaux.[\/vc_column_text][vc_row_inner][vc_column_inner][vc_column_text]<strong>Conf\u00e9rence Creator Doctus #1, Ath\u00e8nes, 20 et 21 mai 2019<\/strong><\/p>\n<p>Organis\u00e9e par l\u2019Athens School of Art, la premi\u00e8re conf\u00e9rence Creator Doctus a pour ambition de pr\u00e9senter des mod\u00e8les de 3<sup>e<\/sup>\u00a0cycle des diff\u00e9rents pays repr\u00e9senter et de faciliter une discussion entre les \u00e9tudiant\u00b7e\u00b7s de 3<sup>e<\/sup>\u00a0cycle et leurs superviseur\u00b7euse\u00b7s. Les \u00e9changes s\u2019articulent autour des interventions de deux artistes et chercheur\u00b7euse\u00b7s invit\u00e9\u00b7e\u00b7s, Carole Gray et Olav Westphalen. \u00c0 l\u2019issue de la conf\u00e9rence, la base de donn\u00e9es internationale des bonnes pratiques pour l\u2019\u00e9valuation du 3<sup>e<\/sup>\u00a0cycle dans l&rsquo;enseignement sup\u00e9rieur artistique est lanc\u00e9e.[\/vc_column_text][vc_btn title=\u00a0\u00bbEn savoir plus\u00a0\u00bb link=\u00a0\u00bburl:http%3A%2F%2Fcreatordoctus.eu%2Fevent%2Fconference-at-athens-school-of-arts-in-greece%2F||target:%20_blank|\u00a0\u00bb][vc_column_text]<strong>Conf\u00e9rence Creator Doctus #2, Paris, 29 et 30 novembre 2019<\/strong><\/p>\n<p>L&rsquo;ENSAPC organise la deuxi\u00e8me conf\u00e9rence Creator Doctus sur les pratiques de recherche et de doctorat en arts, en coop\u00e9ration avec Cosmopolis #2, Centre Pompidou, les 29 et 30 novembre 2019.<\/p>\n<p>Cette conf\u00e9rence de Creator Doctus explore la question du doctorat par le projet en examinant les pratiques de recherche artistique sous diff\u00e9rents angles avec des contributions des artistes, chercheur\u00b7e\u00b7s, penseur\u00b7euse\u00b7s Heba Amin, Arjun Appadurai, Julieta Aranda, Yann Beauvais, Louise Herv\u00e9 &amp; Chlo\u00e9 Maillet, Chus Martinez, Mpho Matsipa, Senam Okudzeto et Elizabeth Povinelli.[\/vc_column_text][vc_btn title=\u00a0\u00bbEn savoir plus\u00a0\u00bb link=\u00a0\u00bburl:http%3A%2F%2Fcreatordoctus.eu%2Fevent%2Fconference-at-centre-pompidou-paris%2F||target:%20_blank|\u00a0\u00bb][\/vc_column_inner][\/vc_row_inner][\/vc_column][vc_column width=\u00a0\u00bb1\/2&Prime;][vc_row_inner][vc_column_inner][vc_column_text]<strong>TRILOGIE DE LA TERRE<\/strong><br \/>\n<strong>COLLOQUE #1<\/strong><br \/>\n<strong>PORTRAIT DE MALEH P\u00caH (AFRIQUE)<\/strong><\/p>\n<p><em>Maison des \u00e9tudiants &#8211; CY Cergy Paris Universit\u00e9<br \/>\n22 novembre 2019<\/em><\/p>\n<p>Cr\u00e9\u00e9 par Agathe Simon, le projet Trilogie de la Terre propose de recr\u00e9er le portrait d\u2019une humanit\u00e9 disparue afin de mieux appr\u00e9hender le futur de notre plan\u00e8te. Dans un contexte de globalisation et de flux migratoires, son enjeu est de d\u00e9voiler les racines de la mondialisation, pr\u00e9sent\u00e9es \u00e0 travers cinq personnes vivant sur cinq continents.<\/p>\n<p>Le colloque interdisciplinaire du vendredi 22 novembre est la premi\u00e8re date du projet Trilogie de la Terre \u00e0 l&rsquo;<dfn title=\"Universit\u00e9 de Cergy-Pontoise\">UCP<\/dfn>. Il est d\u00e9di\u00e9 \u00e0 Maleh P\u00eah, un chef Toura (nord-ouest de la C\u00f4te d&rsquo;Ivoire) ayant v\u00e9cu au d\u00e9but du XXe si\u00e8cle. Il est propos\u00e9 par des \u00e9tudiant\u00b7e\u00b7s :<br \/>\n&#8211; du laboratoire G\u00e9osciences et Environnement Cergy (<dfn title=\"Laboratoire g\u00e9osciences et environnement Cergy\">GEC<\/dfn>) de l&rsquo;UCP, sous la supervision du Professeur Bertrand Maillot,<br \/>\n&#8211; de l\u2019<dfn title=\"Unit\u00e9 de formation et de recherche\">UFR<\/dfn>\u00a0Langues et \u00c9tudes Internationales de l\u2019universit\u00e9 de Cergy-Pontoise, sous la supervision de G\u00e9rald Peloux et C\u00e9cile Doustaly,<br \/>\n&#8211; de l&rsquo;\u00c9cole nationale sup\u00e9rieur d&rsquo;art de Paris-Cergy (ENSAPC), sous la supervision de Corinne Le N\u00e9\u00fcn,<\/p>\n<p>en pr\u00e9sence de V\u00e9ronique Moulini\u00e9, du laboratoire Lahic du\u00a0<dfn title=\"Centre National de la Recherche Scientifique\">CNRS<\/dfn>\u00a0et d&rsquo;Agathe Simon, auteur du projet et artiste en r\u00e9sidence \u00e0 l&rsquo;UCP.\u00a0Ce projet est organis\u00e9 avec Diana Burgos-Vigna, charg\u00e9e de mission culture, et le service culture de l\u2019universit\u00e9 de Cergy-Pontoise.[\/vc_column_text][vc_btn title=\u00a0\u00bbEn savoir plus \u00a0\u00bb link=\u00a0\u00bburl:https%3A%2F%2Fwww.u-cergy.fr%2Ffr%2Fvie-etudiante%2Fculture%2Fagenda-culture%2Ftrilogie-de-la-terre.html||target:%20_blank|\u00a0\u00bb][\/vc_column_inner][\/vc_row_inner][vc_column_text]<strong>MEL BOCHNER: ON TRANSLATION<\/strong><\/p>\n<p><em>Colloque, s\u00e9minaire de recherche et performance con\u00e7us\u00a0et organis\u00e9s par S\u00e9bastien Pluot, Art by Translation (ESAD TALM et ENSAPC) et la Biblioth\u00e8que Kandinsky, en collaboration avec la Maison des Sciences de l\u2019Homme, l\u2019\u00c9cole Normale Sup\u00e9rieure de Paris-Saclay, d\u00e9partement design.<\/em><\/p>\n<p><em>Centre Pompidou<\/em><br \/>\n<i>6-7 d\u00e9cembre 2019<\/i><\/p>\n<p>Figure centrale de la sc\u00e8ne artistique contemporaine,\u00a0Mel Bochner\u00a0s\u2019est distingu\u00e9 depuis le milieu des ann\u00e9es 1960 autant par ses \u0153uvres que par ses textes critiques \u2013 \u00e0 la fois g\u00e9n\u00e9ratifs et disruptifs \u00e0 l\u2019\u00e9gard des discours entourant l\u2019art minimal, l\u2019art conceptuel, l\u2019expressionnisme abstrait et la critique institutionnelle. Depuis 1966 ses \u0153uvres d\u00e9ploient des sp\u00e9culations formelles et th\u00e9oriques sur le langage et la question de la signification qui engagent des proc\u00e9dures de traduction interlinguistiques et inters\u00e9miotiques. Historien(ne)s de l\u2019art et philosophes proposeront lors de ce colloque d\u2019ouvrir de nouvelles perspectives d\u2019analyse de son travail. Le Colloque du 6 d\u00e9cembre\u00a0est suivi d\u2019un s\u00e9minaire de recherche et de performances le samedi 7 d\u00e9cembre \u00e0 la Biblioth\u00e8que Kandinsky en pr\u00e9sence de Mel Bochner.[\/vc_column_text][vc_btn title=\u00a0\u00bbEn savoir plus\u00a0\u00bb link=\u00a0\u00bburl:https%3A%2F%2Fwww.artbytranslation.org%2Fevents%2Fsymposia%2F2019%2F201912paris||target:%20_blank|\u00a0\u00bb][\/vc_column][\/vc_row]<\/p>\n<\/div>","protected":false},"excerpt":{"rendered":"<p>[vc_row gap=\u00a0\u00bb30&Prime;][vc_column width=\u00a0\u00bb1\/2&Prime;][vc_column_text]CREATOR DOCTUS Depuis 2018, l\u2019ENSAPC est partenaire du projet europ\u00e9en Creator Doctus (CrD). A\u0300 l\u2019initiative de la Gerrit Rietveld Academie et de l\u2019organisation europe\u0301enne EQ-Arts, et re\u0301unissant la Glasgow School of Art, la Athens School of Fine Arts, la Vilnius Academy of Arts, la Royal Danish Academy of Fine Arts, la Merz Akademie&#8230;  <a class=\"excerpt-read-more\" href=\"https:\/\/www.ensapc.fr\/fr\/recherche\/archives\/2019-2\/\" title=\"Read 2019\">Lire la suite &raquo;<\/a><\/p>\n","protected":false},"author":1,"featured_media":0,"parent":4930,"menu_order":315,"comment_status":"closed","ping_status":"closed","template":"","meta":{"footnotes":""},"class_list":["post-5687","page","type-page","status-publish","hentry"],"_links":{"self":[{"href":"https:\/\/www.ensapc.fr\/fr\/wp-json\/wp\/v2\/pages\/5687","targetHints":{"allow":["GET"]}}],"collection":[{"href":"https:\/\/www.ensapc.fr\/fr\/wp-json\/wp\/v2\/pages"}],"about":[{"href":"https:\/\/www.ensapc.fr\/fr\/wp-json\/wp\/v2\/types\/page"}],"author":[{"embeddable":true,"href":"https:\/\/www.ensapc.fr\/fr\/wp-json\/wp\/v2\/users\/1"}],"replies":[{"embeddable":true,"href":"https:\/\/www.ensapc.fr\/fr\/wp-json\/wp\/v2\/comments?post=5687"}],"version-history":[{"count":5,"href":"https:\/\/www.ensapc.fr\/fr\/wp-json\/wp\/v2\/pages\/5687\/revisions"}],"predecessor-version":[{"id":9783,"href":"https:\/\/www.ensapc.fr\/fr\/wp-json\/wp\/v2\/pages\/5687\/revisions\/9783"}],"up":[{"embeddable":true,"href":"https:\/\/www.ensapc.fr\/fr\/wp-json\/wp\/v2\/pages\/4930"}],"wp:attachment":[{"href":"https:\/\/www.ensapc.fr\/fr\/wp-json\/wp\/v2\/media?parent=5687"}],"curies":[{"name":"wp","href":"https:\/\/api.w.org\/{rel}","templated":true}]}}