{"id":5696,"date":"2020-05-28T10:48:49","date_gmt":"2020-05-28T08:48:49","guid":{"rendered":"https:\/\/www.ensapc.fr\/fr\/?page_id=5696"},"modified":"2022-03-31T16:21:25","modified_gmt":"2022-03-31T14:21:25","slug":"2020-2","status":"publish","type":"page","link":"https:\/\/www.ensapc.fr\/fr\/recherche\/archives\/2020-2\/","title":{"rendered":"2020"},"content":{"rendered":"<div class=\"wpb-content-wrapper\"><p>[vc_row gap=\u00a0\u00bb30&Prime;][vc_column width=\u00a0\u00bb1\/2&Prime;][vc_row_inner][vc_column_inner][vc_column_text]<strong>CREATOR DOCTUS<\/strong><\/p>\n<p>Depuis 2018, l\u2019ENSAPC est partenaire du projet europ\u00e9en Creator Doctus (CrD). A\u0300 l\u2019initiative de la Gerrit Rietveld Academie et de l\u2019organisation europe\u0301enne EQ-Arts, et re\u0301unissant la Glasgow School of Art, la Athens School of Fine Arts, la Vilnius Academy of Arts, la Royal Danish Academy of Fine Arts, la Merz Akademie et l\u2019Ecole nationale sup\u00e9rieure d\u2019arts de Paris Cergy, ce projet entend mener, sur la pe\u0301riode 2018-2021 une re\u0301flexion a\u0300 l\u2019e\u0301chelle europe\u0301enne sur le doctorat par la pratique artistique et produire des savoirs et des recommandations se nourrissant des exp\u00e9riences et expertises des \u00e9tablissements partenaires, europ\u00e9ens et internationaux.<\/p>\n<p><strong>Training Stuttgart, 10, 11, 12 f\u00e9vrier 2020<\/strong><\/p>\n<p>Organis\u00e9 par Merz Akademie, ce s\u00e9minaire r\u00e9unissant doctorant\u00b7e\u00b7s, artistes, chercheur\u00b7euse\u00b7s se concentre sur la question de la supervision du doctorat par la pratique. Autour d\u2019invit\u00e9\u00b7e\u00b7s issu\u00b7e\u00b7s de diff\u00e9rentes institutions et programmes de recherche, il a pour objectif de faire dialoguer plusieurs perspectives sur les admissions en 3<sup>e<\/sup>\u00a0cycle, les exp\u00e9riences de supervision, et l\u2019\u00e9valuation du doctorat.[\/vc_column_text][vc_column_text]<strong>S\u00c9MINAIRE DOCTORAL DE L&rsquo;ENSAPC<\/strong><br \/>\n<strong>30 OCTOBRE 2020<\/strong><\/p>\n<p>Cette premi\u00e8re session du s\u00e9minaire doctoral de l\u2019ENSAPC propose d\u2019accueillir les travaux et recherches des doctorant\u00b7e\u00b7s en art de notre Graduate School, Humanit\u00e9s, Cr\u00e9ation et Patrimoine, et invite \u00e9galement deux professeures de l\u2019ENSAPC \u00e0 se joindre aux \u00e9changes. Depuis trois ans, les doctorats en art men\u00e9s \u00e0 l\u2019ENSAPC, questionnent les pratiques, les cadres et \u00ab l\u2019excellence \u00bb qu\u2019on attend de ce type de travail.<\/p>\n<p>Plac\u00e9e sous le signe de certains \u00e9nonc\u00e9s forts produits par les artistes qui interviendront, \u00abPour une th\u00e8se vivante\u00bb, \u00abLe cycle des inqui\u00e9tudes\u00bb, \u00ab(Pour) une \u00e9thique-esth\u00e9tique de l&rsquo;\u00e9mancipation\u00bb, \u00abPour une litt\u00e9rature de lisi\u00e8res\u00bb\u2026 cette journ\u00e9e entend accueillir des discussions et des r\u00e9flexions nourries par une vari\u00e9t\u00e9 de pratiques, de gestes, de positionnements, de r\u00e9cits, qui n\u2019entendent pas faire syst\u00e8me ni \u00e9tablir des m\u00e9thodologies ou d\u00e9finitions fixes de ce que peut \u00eatre un doctorat par le projet.<\/p>\n<p>Traversant l\u2019\u00e9cole et ses enseignements de 1<sup>er<\/sup>, 2<sup>nd<\/sup> et 3<sup>e<\/sup> cycles, la recherche en art renoue avec une dimension r\u00e9solument ouverte \u00e0 la transmission et au partage qu\u2019il nous importe de d\u00e9fendre \u00e0 l\u2019heure o\u00f9 le monde doit r\u00e9inventer \u00e0 marche forc\u00e9e ses mani\u00e8res de communiquer et de vivre ensemble, tout comme elle interroge, dans une double adresse aux artistes et aux chercheur\u00b7euse\u00b7s, les articulations historiques et strat\u00e9giques de leurs pratiques.[\/vc_column_text][vc_column_text]<strong>TRILOGIE DE LA TERRE<\/strong><br \/>\n<strong>COLLOQUE #3<\/strong><br \/>\n<strong>PORTRAITS DE\u00a0JESSIE SWORD (AM\u00c9RIQUE)<\/strong><\/p>\n<p><em>Maison des \u00e9tudiants\u00a0du site universitaire des Ch\u00eanes<br \/>\n28 f\u00e9vrier\u00a02020<br \/>\n<\/em><\/p>\n<p>Cr\u00e9\u00e9 par Agathe Simon et produit par la compagnie de cr\u00e9ation Le Groupe, le projet Trilogie de la Terre propose de recr\u00e9er le portrait d\u2019une humanit\u00e9 disparue afin de mieux appr\u00e9hender le futur de notre plan\u00e8te. Dans un contexte de globalisation et de flux migratoires, son enjeu est de d\u00e9voiler les racines de la mondialisation, pr\u00e9sent\u00e9es \u00e0 travers cinq personnes vivant sur cinq continents.<\/p>\n<p>Il se d\u00e9roule \u00e0 CY Cergy Paris Universit\u00e9 et \u00e0 l&rsquo;ENSAPC, en partenariat avec le\u00a0<dfn title=\"Centre National de la Recherche Scientifique\">CNRS<\/dfn>\u00a0et l&rsquo;Universit\u00e9 Paris-Seine, durant l&rsquo;ann\u00e9e universitaire 2019-2020 et donnera\u00a0lieu \u00e0 un film, une publication, une exposition et des colloques.<\/p>\n<p>Le colloque interdisciplinaire du vendredi 28 f\u00e9vrier est la quatri\u00e8me date du projet Trilogie de la Terre \u00e0 CY. Il est d\u00e9di\u00e9 \u00e0 Jessie Sword du peuple Lakota (Am\u00e9rique du Nord), qui est n\u00e9e en 1888 et d\u00e9c\u00e9d\u00e9e en 1977. Il est propos\u00e9 par des \u00e9tudiant\u00b7e\u00b7s :<br \/>\n&#8211; du laboratoire G\u00e9osciences et Environnement Cergy (<dfn title=\"Laboratoire g\u00e9osciences et environnement Cergy\">GEC<\/dfn>) de l&rsquo;UCP, sous la supervision du Professeur Bertrand Maillot,<br \/>\n&#8211; de l\u2019<dfn title=\"Unit\u00e9 de formation et de recherche\">UFR<\/dfn>\u00a0Langues et \u00c9tudes Internationales de l\u2019universit\u00e9 de Cergy-Pontoise, sous la supervision de G\u00e9rald Peloux et C\u00e9cile Doustaly,<br \/>\n&#8211; de l&rsquo;\u00c9cole nationale sup\u00e9rieur d&rsquo;art de Paris-Cergy (ENSAPC), sous la supervision de Corinne Le N\u00e9\u00fcn,<\/p>\n<p>en pr\u00e9sence de V\u00e9ronique Moulini\u00e9, du laboratoire Lahic du\u00a0<dfn title=\"Centre National de la Recherche Scientifique\">CNRS<\/dfn>\u00a0et d&rsquo;Agathe Simon, auteur du projet et artiste en r\u00e9sidence \u00e0 l&rsquo;UCP.[\/vc_column_text][vc_btn title=\u00a0\u00bbEn savoir plus \u00a0\u00bb link=\u00a0\u00bburl:https%3A%2F%2Fwww.u-cergy.fr%2Ffr%2Fvie-etudiante%2Fculture%2Fagenda-culture%2Ftrilogie-de-la-terre.html||target:%20_blank|\u00a0\u00bb][vc_column_text][\/vc_column_text][\/vc_column_inner][\/vc_row_inner][vc_column_text][\/vc_column_text][vc_column_text][\/vc_column_text][\/vc_column][vc_column width=\u00a0\u00bb1\/2&Prime;][vc_row_inner][vc_column_inner][vc_column_text]<strong>TRILOGIE DE LA TERRE<\/strong><br \/>\n<strong>ANNUL\u00c9 : COLLOQUE DE RESTITUTION<\/strong><\/p>\n<p><em>Maison Internationale de la Recherche (MIR)<br \/>\nSite universitaire de Neuville-sur-Oise<br \/>\n30 avril 2020<br \/>\n<\/em><br \/>\nCr\u00e9\u00e9 par Agathe Simon et produit par la compagnie de cr\u00e9ation Le Groupe, le projet Trilogie de la Terre propose de recr\u00e9er le portrait d\u2019une humanit\u00e9 disparue afin de mieux appr\u00e9hender le futur de notre plan\u00e8te. Dans un contexte de globalisation et de flux migratoires, son enjeu est de d\u00e9voiler les racines de la mondialisation, pr\u00e9sent\u00e9es \u00e0 travers cinq personnes vivant sur cinq continents.<\/p>\n<p>Il se d\u00e9roule \u00e0 CY Cergy Paris Universit\u00e9 et \u00e0 l&rsquo;ENSAPC, en partenariat avec le\u00a0<dfn title=\"Centre National de la Recherche Scientifique\">CNRS<\/dfn>\u00a0et l&rsquo;Universit\u00e9 Paris-Seine, durant l&rsquo;ann\u00e9e universitaire 2019-2020 et donnera\u00a0lieu \u00e0 un film, une publication, une exposition et des colloques.<\/p>\n<p>Le colloque est propos\u00e9 par le CRI (Centre de Recherche sur l&rsquo;Inconnu), compos\u00e9 par des \u00e9tudiant\u00b7e\u00b7s :<br \/>\n&#8211; du laboratoire G\u00e9osciences et Environnement Cergy (<dfn title=\"Laboratoire g\u00e9osciences et environnement Cergy\">GEC<\/dfn>) de l&rsquo;UCP, sous la supervision du Professeur Bertrand Maillot,<br \/>\n&#8211; de l\u2019<dfn title=\"Unit\u00e9 de formation et de recherche\">UFR<\/dfn>\u00a0Langues et \u00c9tudes Internationales de l\u2019universit\u00e9 de Cergy-Pontoise, sous la supervision de G\u00e9rald Peloux et C\u00e9cile Doustaly,<br \/>\n&#8211; de l&rsquo;\u00c9cole nationale sup\u00e9rieur d&rsquo;art de Paris-Cergy (ENSAPC), sous la supervision de Corinne Le N\u00e9\u00fcn,<\/p>\n<p>en pr\u00e9sence de V\u00e9ronique Moulini\u00e9, du laboratoire Lahic du\u00a0<dfn title=\"Centre National de la Recherche Scientifique\">CNRS<\/dfn>\u00a0et d&rsquo;Agathe Simon, auteur du projet et artiste en r\u00e9sidence \u00e0 l&rsquo;UCP.[\/vc_column_text][\/vc_column_inner][\/vc_row_inner][vc_column_text]<strong>TRILOGIE DE LA TERRE<\/strong><br \/>\n<strong>COLLOQUE #2<\/strong><br \/>\n<strong>PORTRAITS DE\u00a0NUKU ET TIRI (OC\u00c9ANIE) ET SRISTIDHAR KOLAY (ASIE)<\/strong><\/p>\n<p><em>Maison des \u00e9tudiants\u00a0du site universitaire des Ch\u00eanes<br \/>\n31 janvier 2020<br \/>\n<\/em><\/p>\n<p>Cr\u00e9\u00e9 par Agathe Simon et produit par la compagnie de cr\u00e9ation Le Groupe, le projet Trilogie de la Terre propose de recr\u00e9er le portrait d\u2019une humanit\u00e9 disparue afin de mieux appr\u00e9hender le futur de notre plan\u00e8te. Dans un contexte de globalisation et de flux migratoires, son enjeu est de d\u00e9voiler les racines de la mondialisation, pr\u00e9sent\u00e9es \u00e0 travers cinq personnes vivant sur cinq continents.<\/p>\n<p>Il se d\u00e9roule \u00e0 CY Cergy Paris Universit\u00e9 et \u00e0 l&rsquo;ENSAPC, en partenariat avec le\u00a0<dfn title=\"Centre National de la Recherche Scientifique\">CNRS<\/dfn>\u00a0et l&rsquo;Universit\u00e9 Paris-Seine, durant l&rsquo;ann\u00e9e universitaire 2019-2020 et donnera\u00a0lieu \u00e0 un film, une publication, une exposition et des colloques.<\/p>\n<p>Le colloque interdisciplinaire du vendredi 31 janvier est la troisi\u00e8me date du projet Trilogie de la Terre \u00e0 l&rsquo;Universit\u00e9 de Cergy-Pontoise. Il est d\u00e9di\u00e9 \u00e0 Nuku et Tiki, deux anc\u00eatres d&rsquo;Oc\u00e9anie, ainsi qu&rsquo;\u00e0 Sristidhar Kolay, un anc\u00eatre d&rsquo;Asie. Il est propos\u00e9 par des \u00e9tudiant\u00b7e\u00b7s :<br \/>\n&#8211; du laboratoire G\u00e9osciences et Environnement Cergy (<dfn title=\"Laboratoire g\u00e9osciences et environnement Cergy\">GEC<\/dfn>) de l&rsquo;UCP, sous la supervision du Professeur Bertrand Maillot,<br \/>\n&#8211; de l\u2019<dfn title=\"Unit\u00e9 de formation et de recherche\">UFR<\/dfn>\u00a0Langues et \u00c9tudes Internationales de l\u2019universit\u00e9 de Cergy-Pontoise, sous la supervision de G\u00e9rald Peloux et C\u00e9cile Doustaly,<br \/>\n&#8211; de l&rsquo;\u00c9cole nationale sup\u00e9rieur d&rsquo;art de Paris-Cergy (ENSAPC), sous la supervision de Corinne Le N\u00e9\u00fcn,<\/p>\n<p>en pr\u00e9sence de V\u00e9ronique Moulini\u00e9, du laboratoire Lahic du\u00a0<dfn title=\"Centre National de la Recherche Scientifique\">CNRS<\/dfn>\u00a0et d&rsquo;Agathe Simon, auteur du projet et artiste en r\u00e9sidence \u00e0 l&rsquo;UCP.[\/vc_column_text][vc_btn title=\u00a0\u00bbEn savoir plus \u00a0\u00bb link=\u00a0\u00bburl:https%3A%2F%2Fwww.u-cergy.fr%2Ffr%2Fvie-etudiante%2Fculture%2Fagenda-culture%2Ftrilogie-de-la-terre.html||target:%20_blank|\u00a0\u00bb][vc_row_inner][vc_column_inner][\/vc_column_inner][\/vc_row_inner][\/vc_column][\/vc_row][vc_row gap=\u00a0\u00bb30&Prime;][vc_column width=\u00a0\u00bb1\/2&Prime;][vc_row_inner][vc_column_inner][vc_column_text][\/vc_column_text][\/vc_column_inner][\/vc_row_inner][\/vc_column][vc_column width=\u00a0\u00bb1\/2&Prime;][vc_row_inner][vc_column_inner][vc_column_text][\/vc_column_text][\/vc_column_inner][\/vc_row_inner][\/vc_column][\/vc_row]<\/p>\n<\/div>","protected":false},"excerpt":{"rendered":"<p>[vc_row gap=\u00a0\u00bb30&Prime;][vc_column width=\u00a0\u00bb1\/2&Prime;][vc_row_inner][vc_column_inner][vc_column_text]CREATOR DOCTUS Depuis 2018, l\u2019ENSAPC est partenaire du projet europ\u00e9en Creator Doctus (CrD). A\u0300 l\u2019initiative de la Gerrit Rietveld Academie et de l\u2019organisation europe\u0301enne EQ-Arts, et re\u0301unissant la Glasgow School of Art, la Athens School of Fine Arts, la Vilnius Academy of Arts, la Royal Danish Academy of Fine Arts, la Merz Akademie&#8230;  <a class=\"excerpt-read-more\" href=\"https:\/\/www.ensapc.fr\/fr\/recherche\/archives\/2020-2\/\" title=\"Read 2020\">Lire la suite &raquo;<\/a><\/p>\n","protected":false},"author":1,"featured_media":0,"parent":4930,"menu_order":314,"comment_status":"closed","ping_status":"closed","template":"","meta":{"footnotes":""},"class_list":["post-5696","page","type-page","status-publish","hentry"],"_links":{"self":[{"href":"https:\/\/www.ensapc.fr\/fr\/wp-json\/wp\/v2\/pages\/5696","targetHints":{"allow":["GET"]}}],"collection":[{"href":"https:\/\/www.ensapc.fr\/fr\/wp-json\/wp\/v2\/pages"}],"about":[{"href":"https:\/\/www.ensapc.fr\/fr\/wp-json\/wp\/v2\/types\/page"}],"author":[{"embeddable":true,"href":"https:\/\/www.ensapc.fr\/fr\/wp-json\/wp\/v2\/users\/1"}],"replies":[{"embeddable":true,"href":"https:\/\/www.ensapc.fr\/fr\/wp-json\/wp\/v2\/comments?post=5696"}],"version-history":[{"count":5,"href":"https:\/\/www.ensapc.fr\/fr\/wp-json\/wp\/v2\/pages\/5696\/revisions"}],"predecessor-version":[{"id":9784,"href":"https:\/\/www.ensapc.fr\/fr\/wp-json\/wp\/v2\/pages\/5696\/revisions\/9784"}],"up":[{"embeddable":true,"href":"https:\/\/www.ensapc.fr\/fr\/wp-json\/wp\/v2\/pages\/4930"}],"wp:attachment":[{"href":"https:\/\/www.ensapc.fr\/fr\/wp-json\/wp\/v2\/media?parent=5696"}],"curies":[{"name":"wp","href":"https:\/\/api.w.org\/{rel}","templated":true}]}}