{"id":5905,"date":"2020-09-01T11:17:37","date_gmt":"2020-09-01T09:17:37","guid":{"rendered":"https:\/\/www.ensapc.fr\/?page_id=5905"},"modified":"2020-10-22T15:41:09","modified_gmt":"2020-10-22T13:41:09","slug":"tiphaine-calmettes-il-y-avait-des-odeurs-qui-marchaient","status":"publish","type":"page","link":"https:\/\/www.ensapc.fr\/fr\/ygrec\/archives\/2020-2\/tiphaine-calmettes-il-y-avait-des-odeurs-qui-marchaient\/","title":{"rendered":"TIPHAINE CALMETTES"},"content":{"rendered":"<div class=\"wpb-content-wrapper\"><p>[vc_row][vc_column css=\u00a0\u00bb.vc_custom_1598952455156{padding-left: 40px !important;}\u00a0\u00bb][vc_images_carousel images=\u00a0\u00bb5908,5914,5932,5920,5938,5926&Prime; img_size=\u00a0\u00bblarge\u00a0\u00bb autoplay=\u00a0\u00bbyes\u00a0\u00bb hide_pagination_control=\u00a0\u00bbyes\u00a0\u00bb hide_prev_next_buttons=\u00a0\u00bbyes\u00a0\u00bb wrap=\u00a0\u00bbyes\u00a0\u00bb][\/vc_column][\/vc_row][vc_row][vc_column][vc_column_text]<\/p>\n<h3>TIPHAINE CALMETTES<\/h3>\n<h3><em>IL Y AVAIT DES ODEURS QUI MARCHAIENT<\/em><\/h3>\n<p><strong><br \/>\nDu 10 juillet au 8 aou\u0302t 2020<\/strong><\/p>\n<p>Durant quatre semaines, l\u2019artiste transformera le centre d\u2019art en un espace de recherche, d\u2019expe\u0301rimentation et de production (artisanale, culinaire et ve\u0301ge\u0301tale) dans lequel les visiteurs pourront de\u0301couvrir des \u0153uvres \u00ab en devenir \u00bb.<\/p>\n<p>L\u2019espace d\u2019exposition se me\u0301tamorphosera en un lieu de culture de kombucha (tissu vivant, symbiose de bacte\u0301ries et de levures, qui prolife\u0300re, grandit et s\u2019e\u0301tend) ainsi qu\u2019en un lieu d\u2019expe\u0301rimentation culinaire ou\u0300 le public pourra regarder, sentir et gou\u0302ter des objets comestibles. Les sculptures produites e\u0301volueront chaque semaine en une exposition jamais totalement arre\u0302te\u0301e dans sa forme mais, a\u0300 l\u2019instar du vivant, en transformation constante.<\/p>\n<p>Ce projet, entre exposition et re\u0301sidence de production, se veut e\u0301galement une plateforme de rencontres et d\u2019e\u0301changes entre l\u2019artiste, des intervenants (cheffe, philosophe, commissaires d\u2019exposition) et le public, invite\u0301 a\u0300 l\u2019occasion de trois rencontres-e\u0301ve\u0301nements les 23 juillet, 30 juillet et 8 aou\u0302t. C\u2019est a\u0300 travers des re\u0301flexions artistiques, alimentaires, sociales, philosophiques et par conse\u0301quent politiques que l\u2019artiste, vient questionner, nos usages et nos habitudes qu\u2019ils soient lie\u0301s a\u0300 notre manie\u0300re de visiter une exposition, de consommer du pain, de s\u2019asseoir a\u0300 table ou plus largement, d\u2019envisager le vivant.<\/p>\n<p>Ygrec est ouvert au public du mercredi au samedi de 13h a\u0300 19h.<\/p>\n<p><em>Il y avait des odeurs qui marchaient<\/em>\u00a0est une proposition de\u0301veloppe\u0301e par l\u2019artiste Tiphaine Calmettes pour Ygrec-ENSAPC dans le cadre d\u2019Un e\u0301te\u0301 culturel en I\u0302le-de-France.<\/p>\n<p><strong>23 juillet \u2013 18h-20h30<\/strong><br \/>\nL\u2019artiste Tiphaine Calmettes e\u0301changera avec Ariane Leblanc (coordinatrice du projet La Semeuse aux Laboratoires d\u2019Aubervilliers) et Guillaume Breton (responsable du centre d\u2019Art Ygrec) lors d\u2019une visite de l\u2019exposition pre\u0301sentant les diffe\u0301rents chantiers en cours dans l\u2019espace et comment ceux- ci s\u2019inse\u0300rent dans une recherche artistique plus large lie\u0301e a\u0300 la notion du vivant. A\u0300 cette occasion le public sera invite\u0301 a\u0300 gou\u0302ter les nouvelles productions comestibles de l\u2019artiste.<\/p>\n<p><strong>30 juillet \u2013 19h30-22h<\/strong><br \/>\nUne narration comestible sera organise\u0301e par l\u2019artiste : un repas produit en collaboration avec une cheffe. Ce repas s\u2019e\u0301crira et se composera avec des objets, des aliments, des odeurs, des couleurs, des textures et des saveurs ; e\u0301le\u0301ments d\u2019un re\u0301cit e\u0301voquant les croyances oublie\u0301es a\u0300 leur sujet, les modes de pense\u0301es associe\u0301s a\u0300 leur usage, les possibilite\u0301s nouvelles qu\u2019ils rece\u0300lent.<\/p>\n<p><strong>8 aou\u0302t \u2013 15h00-19h00<\/strong><br \/>\nRencontre publique entre l\u2019artiste Tiphaine Calmettes et le philosophe Emanuele Coccia (La vie des plantes \u2013 une me\u0301taphysique du me\u0301lange, Me\u0301tamorphoses). L\u2019artiste e\u0301changera avec Emanuele Coccia sur la notion de me\u0301tamorphose (centrale dans la pratique de l\u2019artiste) en tant que phe\u0301nome\u0300ne qui lie toutes les espe\u0300ces entre elles, qui unit le vivant au mine\u0301ral et sur les questions d\u2019interde\u0301pendances entre bacte\u0301ries, virus, champignons, plantes et animaux qui en de\u0301coulent.[\/vc_column_text][\/vc_column][\/vc_row][vc_row][vc_column][vc_btn title=\u00a0\u00bbLire l&rsquo;article consacr\u00e9 \u00e0 l&rsquo;exposition par Lib\u00e9ration \u00a0\u00bb link=\u00a0\u00bburl:https%3A%2F%2Fnext.liberation.fr%2Farts%2F2020%2F08%2F02%2Ftiphaine-calmettes-le-gout-d-apprendre_1795874%20||target:%20_blank|\u00a0\u00bb][\/vc_column][\/vc_row][vc_row css=\u00a0\u00bb.vc_custom_1598966311822{padding-top: 10px !important;}\u00a0\u00bb][vc_column][vc_column_text]<strong>Tiphaine CALMETTES<\/strong>\u00a0(Ivry-sur-Seine, 1988) vit et travaille a\u0300 Paris. E\u0301volutives, ses sculptures et ses installations cre\u0301ent de nouveaux modes de coexistence entre des e\u0301le\u0301ments a priori distincts. Incluant du be\u0301ton, de la terre, de la mousse et du lichen, mais aussi des empreintes de plantes, d\u2019animaux et de parties de corps, ses \u0153uvres activent les re\u0301cits qui informent notre rapport au monde.<\/p>\n<p>Son travail a e\u0301te\u0301 expose\u0301 a\u0300 La Panace\u0301e MOCO (Montpellier), a\u0300 la Zoo galerie (Nantes), au CAC La Traverse (Alfortville), au Kunstwerk Carlshu\u0308tte (Bu\u0308delsdorf, Allemagne), a\u0300 l\u2019E\u0301cole normale supe\u0301rieure de Lyon, avec la Biennale de Lyon 2019. En 2020, laure\u0301ate du prix AWARE, elle expose au Centre Ce\u0301ramique contemporaine La Borne (Henrichemont). Elle est actuellement en re\u0301sidence aux Laboratoires d\u2019Aubervilliers et pre\u0301pare une exposition personnelle au Centre international d\u2019art et du paysage de l\u2019i\u0302le de Vassivie\u0300re (Beaumont-du-Lac) ainsi que deux expositions collectives: La vie des tables, Le Cre\u0301dac (Ivry-sur-seine) et Rituel.le.s, IAC (Villeurbanne). Tiphaine Calmettes est laure\u0301ate du programme re\u0301gional de re\u0301sidences d\u2019artistes 2020-2021 et entrera en re\u0301sidence au Cre\u0301dac fin 2020.<\/p>\n<div class=\"page\" title=\"Page 2\">\n<div class=\"layoutArea\">\n<div class=\"column\">\n<p>Avec le soutien de la Direction re\u0301gionale des Affaires culturelles d\u2019I\u0302le-de-France \u2013 Ministe\u0300re de la Culture.<\/p>\n<\/div>\n<\/div>\n<\/div>\n<p>[\/vc_column_text][\/vc_column][\/vc_row][vc_row][vc_column css=\u00a0\u00bb.vc_custom_1598952519700{padding-left: 50px !important;}\u00a0\u00bb][vc_single_image image=\u00a0\u00bb5950&Prime;][\/vc_column][\/vc_row]<\/p>\n<\/div>","protected":false},"excerpt":{"rendered":"<p>[vc_row][vc_column css=\u00a0\u00bb.vc_custom_1598952455156{padding-left: 40px !important;}\u00a0\u00bb][vc_images_carousel images=\u00a0\u00bb5908,5914,5932,5920,5938,5926&Prime; img_size=\u00a0\u00bblarge\u00a0\u00bb autoplay=\u00a0\u00bbyes\u00a0\u00bb hide_pagination_control=\u00a0\u00bbyes\u00a0\u00bb hide_prev_next_buttons=\u00a0\u00bbyes\u00a0\u00bb wrap=\u00a0\u00bbyes\u00a0\u00bb][\/vc_column][\/vc_row][vc_row][vc_column][vc_column_text] TIPHAINE CALMETTES IL Y AVAIT DES ODEURS QUI MARCHAIENT Du 10 juillet au 8 aou\u0302t 2020 Durant quatre semaines, l\u2019artiste transformera le centre d\u2019art en un espace de recherche, d\u2019expe\u0301rimentation et de production (artisanale, culinaire et ve\u0301ge\u0301tale) dans lequel les visiteurs pourront de\u0301couvrir des \u0153uvres&#8230;  <a class=\"excerpt-read-more\" href=\"https:\/\/www.ensapc.fr\/fr\/ygrec\/archives\/2020-2\/tiphaine-calmettes-il-y-avait-des-odeurs-qui-marchaient\/\" title=\"Read TIPHAINE CALMETTES\">Lire la suite &raquo;<\/a><\/p>\n","protected":false},"author":1,"featured_media":0,"parent":5764,"menu_order":408,"comment_status":"closed","ping_status":"closed","template":"","meta":{"footnotes":""},"class_list":["post-5905","page","type-page","status-publish","hentry"],"_links":{"self":[{"href":"https:\/\/www.ensapc.fr\/fr\/wp-json\/wp\/v2\/pages\/5905","targetHints":{"allow":["GET"]}}],"collection":[{"href":"https:\/\/www.ensapc.fr\/fr\/wp-json\/wp\/v2\/pages"}],"about":[{"href":"https:\/\/www.ensapc.fr\/fr\/wp-json\/wp\/v2\/types\/page"}],"author":[{"embeddable":true,"href":"https:\/\/www.ensapc.fr\/fr\/wp-json\/wp\/v2\/users\/1"}],"replies":[{"embeddable":true,"href":"https:\/\/www.ensapc.fr\/fr\/wp-json\/wp\/v2\/comments?post=5905"}],"version-history":[{"count":5,"href":"https:\/\/www.ensapc.fr\/fr\/wp-json\/wp\/v2\/pages\/5905\/revisions"}],"predecessor-version":[{"id":6607,"href":"https:\/\/www.ensapc.fr\/fr\/wp-json\/wp\/v2\/pages\/5905\/revisions\/6607"}],"up":[{"embeddable":true,"href":"https:\/\/www.ensapc.fr\/fr\/wp-json\/wp\/v2\/pages\/5764"}],"wp:attachment":[{"href":"https:\/\/www.ensapc.fr\/fr\/wp-json\/wp\/v2\/media?parent=5905"}],"curies":[{"name":"wp","href":"https:\/\/api.w.org\/{rel}","templated":true}]}}