{"id":6334,"date":"2020-10-13T09:35:47","date_gmt":"2020-10-13T07:35:47","guid":{"rendered":"https:\/\/www.ensapc.fr\/?page_id=6334"},"modified":"2021-02-02T09:43:11","modified_gmt":"2021-02-02T08:43:11","slug":"aphelie-toutes-les-etoiles-sont-deja-mortes","status":"publish","type":"page","link":"https:\/\/www.ensapc.fr\/fr\/ygrec\/archives\/2021-2\/aphelie-toutes-les-etoiles-sont-deja-mortes\/","title":{"rendered":"APH\u00c9LIE, TOUTES LES \u00c9TOILES SONT D\u00c9J\u00c0 MORTES"},"content":{"rendered":"<div class=\"wpb-content-wrapper\"><p>[vc_row css=\u00a0\u00bb.vc_custom_1606813452720{padding-left: 30px !important;}\u00a0\u00bb][vc_column css=\u00a0\u00bb.vc_custom_1611220366346{padding-left: 30px !important;}\u00a0\u00bb][vc_images_carousel images=\u00a0\u00bb7621,7579,7603,7585,7615,7591,7627&Prime; img_size=\u00a0\u00bblarge\u00a0\u00bb autoplay=\u00a0\u00bbyes\u00a0\u00bb hide_pagination_control=\u00a0\u00bbyes\u00a0\u00bb hide_prev_next_buttons=\u00a0\u00bbyes\u00a0\u00bb wrap=\u00a0\u00bbyes\u00a0\u00bb][\/vc_column][\/vc_row][vc_row][vc_column][vc_column_text]<\/p>\n<h3><i class=\"\">Aph\u00e9lie, toutes les \u00e9toiles sont d\u00e9j\u00e0 mortes<\/i><\/h3>\n<p>[\/vc_column_text][vc_column_text]<strong>Avec : Communaute\u0301 Be\u0301ta, Ke\u0301vin Blinderman et Azzeazy<\/strong><\/p>\n<p><strong>Commissaire : Hugo Bausch Belbachir (e\u0301tudiant ENSAPC)<\/strong><\/p>\n<p>Dans un article publie\u0301 peu avant sa mort, Pier Paolo Pasolini e\u0301voquait a\u0300 travers l\u2019image lumineuse et alte\u0301rable de minuscules insectes, des corps humains emplis d\u2019amour et de de\u0301sir et leur incapacite\u0301 a\u0300 survivre dans un monde de\u0301truit par le syste\u0300me industriel. C\u2019est ainsi que l\u2019exposition <em>Aphe\u0301lie, toutes les e\u0301toiles sont de\u0301ja\u0300 mortes<\/em> tend a\u0300 mettre en e\u0301vidence un rapport inquiet au monde, bouleverse\u0301 par les de\u0301re\u0300glements climatiques, politiques et sociaux.<\/p>\n<div class=\"page\" title=\"Page 1\">\n<div class=\"section\">\n<div class=\"layoutArea\">\n<div class=\"column\">\n<p>Elle se propose comme un lieu de refuge au statut incertain, habite\u0301 par les sculptures thermiques de Ke\u0301vin Blinderman, le dessin d\u2019une inquie\u0301tante double figure d\u2019Azzeazy et une installation sonore de Communaute\u0301 Be\u0301ta aux e\u0301chos purgatoires et contemplatifs.<\/p>\n<\/div>\n<\/div>\n<\/div>\n<\/div>\n<p>[\/vc_column_text][\/vc_column][vc_column][\/vc_column][\/vc_row]<\/p>\n<\/div>","protected":false},"excerpt":{"rendered":"<p>[vc_row css=\u00a0\u00bb.vc_custom_1606813452720{padding-left: 30px !important;}\u00a0\u00bb][vc_column css=\u00a0\u00bb.vc_custom_1611220366346{padding-left: 30px !important;}\u00a0\u00bb][vc_images_carousel images=\u00a0\u00bb7621,7579,7603,7585,7615,7591,7627&Prime; img_size=\u00a0\u00bblarge\u00a0\u00bb autoplay=\u00a0\u00bbyes\u00a0\u00bb hide_pagination_control=\u00a0\u00bbyes\u00a0\u00bb hide_prev_next_buttons=\u00a0\u00bbyes\u00a0\u00bb wrap=\u00a0\u00bbyes\u00a0\u00bb][\/vc_column][\/vc_row][vc_row][vc_column][vc_column_text] Aph\u00e9lie, toutes les \u00e9toiles sont d\u00e9j\u00e0 mortes [\/vc_column_text][vc_column_text]Avec : Communaute\u0301 Be\u0301ta, Ke\u0301vin Blinderman et Azzeazy Commissaire : Hugo Bausch Belbachir (e\u0301tudiant ENSAPC) Dans un article publie\u0301 peu avant sa mort, Pier Paolo Pasolini e\u0301voquait a\u0300 travers l\u2019image lumineuse et alte\u0301rable de minuscules&#8230;  <a class=\"excerpt-read-more\" href=\"https:\/\/www.ensapc.fr\/fr\/ygrec\/archives\/2021-2\/aphelie-toutes-les-etoiles-sont-deja-mortes\/\" title=\"Read APH\u00c9LIE, TOUTES LES \u00c9TOILES SONT D\u00c9J\u00c0 MORTES\">Lire la suite &raquo;<\/a><\/p>\n","protected":false},"author":1,"featured_media":0,"parent":7855,"menu_order":384,"comment_status":"closed","ping_status":"closed","template":"","meta":{"footnotes":""},"class_list":["post-6334","page","type-page","status-publish","hentry"],"_links":{"self":[{"href":"https:\/\/www.ensapc.fr\/fr\/wp-json\/wp\/v2\/pages\/6334","targetHints":{"allow":["GET"]}}],"collection":[{"href":"https:\/\/www.ensapc.fr\/fr\/wp-json\/wp\/v2\/pages"}],"about":[{"href":"https:\/\/www.ensapc.fr\/fr\/wp-json\/wp\/v2\/types\/page"}],"author":[{"embeddable":true,"href":"https:\/\/www.ensapc.fr\/fr\/wp-json\/wp\/v2\/users\/1"}],"replies":[{"embeddable":true,"href":"https:\/\/www.ensapc.fr\/fr\/wp-json\/wp\/v2\/comments?post=6334"}],"version-history":[{"count":5,"href":"https:\/\/www.ensapc.fr\/fr\/wp-json\/wp\/v2\/pages\/6334\/revisions"}],"predecessor-version":[{"id":7876,"href":"https:\/\/www.ensapc.fr\/fr\/wp-json\/wp\/v2\/pages\/6334\/revisions\/7876"}],"up":[{"embeddable":true,"href":"https:\/\/www.ensapc.fr\/fr\/wp-json\/wp\/v2\/pages\/7855"}],"wp:attachment":[{"href":"https:\/\/www.ensapc.fr\/fr\/wp-json\/wp\/v2\/media?parent=6334"}],"curies":[{"name":"wp","href":"https:\/\/api.w.org\/{rel}","templated":true}]}}