{"id":698,"date":"2016-11-24T16:15:41","date_gmt":"2016-11-24T15:15:41","guid":{"rendered":"https:\/\/www.ensapc.fr\/fr\/?page_id=698"},"modified":"2026-04-08T12:06:12","modified_gmt":"2026-04-08T10:06:12","slug":"international","status":"publish","type":"page","link":"https:\/\/www.ensapc.fr\/fr\/international\/international\/","title":{"rendered":"Mobilit\u00e9"},"content":{"rendered":"<div class=\"wpb-content-wrapper\"><p>[vc_row][vc_column][vc_column_text css=\u00a0\u00bb\u00a0\u00bb]Exp\u00e9riences favorables \u00e0 l\u2019ouverture artistique et au d\u00e9centrement, les s\u00e9jours \u00e0 l\u2019\u00e9tranger permettent d\u2019\u00eatre au contact d\u2019autres r\u00e9alit\u00e9s, d\u2019autres formes et m\u00e9thodologies artistiques et d\u2019acqu\u00e9rir de nouvelles connaissances et r\u00e9f\u00e9rences. De nombreux projets p\u00e9dagogiques et de recherche sont con\u00e7us en partenariat avec des institutions internationales et permettent aux \u00e9tudiant\u00b7es, doctorant\u00b7es et enseignant\u00b7es d\u2019organiser des voyages d\u2019\u00e9tude, des s\u00e9minaires et \u00e9v\u00e8nements conjoints \u00e0 l\u2019\u00e9tranger.<\/p>\n<p>Par ailleurs, l\u2019ENSAPC place la mobilit\u00e9 des \u00e9tudiant\u00b7es au c\u0153ur de son projet p\u00e9dagogique et les encourage, le temps d\u2019un semestre, \u00e0 ouvrir leurs horizons en \u00e9tudiant ou en faisant un stage \u00e0 l\u2019international.<\/p>\n<p>&nbsp;<\/p>\n<p><strong>LA MOBILIT\u00c9 SORTANTE DES \u00c9TUDIANT\u00b7ES ET DES ENSEIGNANT\u00b7ES<\/strong><\/p>\n<p>Tous\u00b7tes les \u00e9tudiant\u00b7es r\u00e9alisent au moins un semestre \u00e0 l\u2019international au cours du cursus les menant au DNSEP. Il peut prendre la forme d\u2019un s\u00e9jour d\u2019\u00e9tudes ou d\u2019un stage \u00e0 l\u2019\u00e9tranger. Les enseignant\u00b7es b\u00e9n\u00e9ficient \u00e9galement des partenariats internationaux \u00e9tablis par l\u2019\u00e9cole et ont l\u2019opportunit\u00e9 de s\u00e9journer ponctuellement au sein d\u2019\u00e9coles ou d\u2019universit\u00e9s \u00e0 l\u2019international.<\/p>\n<p>L\u2019ENSAPC est signataire de la <a href=\"https:\/\/www.ensapc.fr\/wp-content\/uploads\/2021\/05\/Charte-2021-27-ENSAPC.pdf\" target=\"_blank\" rel=\"noopener\">charte Erasmus<\/a> + (voir aussi\u00a0<a href=\"https:\/\/www.ensapc.fr\/wp-content\/uploads\/2021\/05\/Erasmus-Policy-Statement.pdf\" target=\"_blank\" rel=\"noopener\">strat\u00e9gie Erasmus<\/a>) et propose des <a href=\"https:\/\/www.ensapc.fr\/wp-content\/uploads\/2024\/09\/2024_ac131_tableaux_financements_etudiants_et_personnels_1707814180.xlsx\">bourses pour la mobilit\u00e9<\/a> intra-europ\u00e9enne dans le cadre de ce programme. Elle obtient par ailleurs r\u00e9guli\u00e8rement des financements compl\u00e9mentaires de la Commission europ\u00e9enne permettant aux \u00e9tudiants de b\u00e9n\u00e9ficier de bourses Erasmus+ dans le cadre d\u2019\u00e9changes et de stages hors Union Europ\u00e9enne. L\u2019ENSAPC offre \u00e9galement des bourses de mobilit\u00e9 sur crit\u00e8res sociaux de la R\u00e9gion \u00cele-de-France et du minist\u00e8re de la Culture.<\/p>\n<p>&nbsp;<\/p>\n<p><strong><img decoding=\"async\" class=\"alignleft size-medium wp-image-4435\" src=\"https:\/\/www.ensapc.fr\/wp-content\/uploads\/2019\/03\/logosbeneficaireserasmusleft_fr-300x66.jpg\" alt=\"logosbeneficaireserasmusleft_fr\" width=\"300\" height=\"66\" srcset=\"https:\/\/www.ensapc.fr\/wp-content\/uploads\/2019\/03\/logosbeneficaireserasmusleft_fr-300x66.jpg 300w, https:\/\/www.ensapc.fr\/wp-content\/uploads\/2019\/03\/logosbeneficaireserasmusleft_fr-768x169.jpg 768w, https:\/\/www.ensapc.fr\/wp-content\/uploads\/2019\/03\/logosbeneficaireserasmusleft_fr-1024x225.jpg 1024w\" sizes=\"(max-width: 300px) 100vw, 300px\" \/><\/strong><\/p>\n<p>&nbsp;<\/p>\n<p>&nbsp;<\/p>\n<p>&nbsp;<\/p>\n<p>&nbsp;<\/p>\n<p><strong>LA MOBILIT\u00c9 ENTRANTE DES \u00c9TUDIANT\u00b7ES ET DES ENSEIGNANT\u00b7ES<\/strong><\/p>\n<p>L\u2019accueil d\u2019\u00e9tudiant\u00b7es et d\u2019enseignant\u00b7es venant d\u2019horizons divers fait partie de la politique d\u2019\u00e9tablissement de l\u2019ENSAPC, poursuivant l\u2019objectif de cr\u00e9er, au sein de l\u2019\u00e9cole, un contexte propice \u00e0 l\u2019interaction et au dialogue interculturel.<\/p>\n<p>Les \u00e9tudiant\u00b7es internationaux\u00b7ales souhaitant \u00e9tudier \u00e0 l\u2019ENSAPC pour un ou deux semestres sont invit\u00e9\u00b7es \u00e0 s\u2019adresser au service des relations internationales de leur \u00e9tablissement d\u2019origine dans un premier temps. Avec l\u2019accord de leur \u00e9cole qui doit \u00eatre partenaire de l\u2019ENSAPC, ils\u00b7elles peuvent ensuite soumettre leur dossier de candidature.<\/p>\n<p><u>Attention : Exceptionnellement et en raison de l\u2019emm\u00e9nagement dans son nouveau b\u00e2timent, l\u2019\u00e9cole n\u2019accueillera pas d\u2019\u00e9tudiant\u00b7es en \u00e9change pour le semestre d\u2019automne (d\u2019octobre 2026 \u00e0 janvier 2027). <\/u><\/p>\n<p>Les \u00e9tudiant\u00b7es en \u00e9change seront les bienvenu\u00b7es \u00e0 partir du semestre de printemps (de f\u00e9vrier \u00e0 juin 2027).<\/p>\n<p>Les dates limites de d\u00e9p\u00f4t du dossier de candidature sont les suivantes :<br \/>\n&gt; du 1er octobre au 8 novembre pour le semestre de printemps (de f\u00e9vrier \u00e0 juin 2027).<\/p>\n<p>Le dossier de candidature est compos\u00e9 des \u00e9l\u00e9ments suivants :<br \/>\n\u2013 <a href=\"https:\/\/www.ensapc.fr\/wp-content\/uploads\/2025\/11\/APPLICATION-FORM-Incoming-students.pdf\" target=\"_blank\" rel=\"noopener\">Formulaire de candidature<\/a><br \/>\n\u2013 Portfolio num\u00e9rique<br \/>\n\u2013 Curriculum Vitae<br \/>\n\u2013 Lettre de motivation<\/p>\n<p>Il est pr\u00e9f\u00e9rable d\u2019arriver avec un bon niveau de fran\u00e7ais (B2 recommand\u00e9). L\u2019\u00e9cole offre aussi des cours de perfectionnement du fran\u00e7ais qui ont lieu \u00e0 CY Universit\u00e9, \u00e0 quelques minutes \u00e0 pied de l\u2019ENSAPC, pour les \u00e9tudiant\u00b7e\u00b7s qui le souhaitent.<\/p>\n<p>&nbsp;<\/p>\n<p><strong>Les \u00e9tudiant\u00b7es internationaux\u00b7ales souhaitant int\u00e9grer l\u2019ENSAPC en premi\u00e8re ann\u00e9e ou en cours de cursus pour obtenir un dipl\u00f4me, trouveront toutes les informations n\u00e9cessaires dans \u00ab <\/strong><a href=\"https:\/\/www.ensapc.fr\/fr\/admissions\/admissions\"><strong>Admissions<\/strong><\/a><strong>\u00a0\u00bb.<\/strong>[\/vc_column_text][\/vc_column][\/vc_row]<\/p>\n<\/div>","protected":false},"excerpt":{"rendered":"<p>[vc_row][vc_column][vc_column_text css=\u00a0\u00bb\u00a0\u00bb]Exp\u00e9riences favorables \u00e0 l\u2019ouverture artistique et au d\u00e9centrement, les s\u00e9jours \u00e0 l\u2019\u00e9tranger permettent d\u2019\u00eatre au contact d\u2019autres r\u00e9alit\u00e9s, d\u2019autres formes et m\u00e9thodologies artistiques et d\u2019acqu\u00e9rir de nouvelles connaissances et r\u00e9f\u00e9rences. De nombreux projets p\u00e9dagogiques et de recherche sont con\u00e7us en partenariat avec des institutions internationales et permettent aux \u00e9tudiant\u00b7es, doctorant\u00b7es et enseignant\u00b7es d\u2019organiser des&#8230;  <a class=\"excerpt-read-more\" href=\"https:\/\/www.ensapc.fr\/fr\/international\/international\/\" title=\"Read Mobilit\u00e9\">Lire la suite &raquo;<\/a><\/p>\n","protected":false},"author":1,"featured_media":0,"parent":16,"menu_order":276,"comment_status":"closed","ping_status":"closed","template":"","meta":{"footnotes":""},"class_list":["post-698","page","type-page","status-publish","hentry"],"_links":{"self":[{"href":"https:\/\/www.ensapc.fr\/fr\/wp-json\/wp\/v2\/pages\/698","targetHints":{"allow":["GET"]}}],"collection":[{"href":"https:\/\/www.ensapc.fr\/fr\/wp-json\/wp\/v2\/pages"}],"about":[{"href":"https:\/\/www.ensapc.fr\/fr\/wp-json\/wp\/v2\/types\/page"}],"author":[{"embeddable":true,"href":"https:\/\/www.ensapc.fr\/fr\/wp-json\/wp\/v2\/users\/1"}],"replies":[{"embeddable":true,"href":"https:\/\/www.ensapc.fr\/fr\/wp-json\/wp\/v2\/comments?post=698"}],"version-history":[{"count":9,"href":"https:\/\/www.ensapc.fr\/fr\/wp-json\/wp\/v2\/pages\/698\/revisions"}],"predecessor-version":[{"id":14778,"href":"https:\/\/www.ensapc.fr\/fr\/wp-json\/wp\/v2\/pages\/698\/revisions\/14778"}],"up":[{"embeddable":true,"href":"https:\/\/www.ensapc.fr\/fr\/wp-json\/wp\/v2\/pages\/16"}],"wp:attachment":[{"href":"https:\/\/www.ensapc.fr\/fr\/wp-json\/wp\/v2\/media?parent=698"}],"curies":[{"name":"wp","href":"https:\/\/api.w.org\/{rel}","templated":true}]}}