{"id":701,"date":"2016-10-26T16:17:01","date_gmt":"2016-10-26T14:17:01","guid":{"rendered":"https:\/\/www.ensapc.fr\/fr\/?page_id=701"},"modified":"2020-09-08T16:23:54","modified_gmt":"2020-09-08T14:23:54","slug":"mobilite-entrante","status":"publish","type":"page","link":"https:\/\/www.ensapc.fr\/fr\/international\/mobilite-entrante\/","title":{"rendered":"Stages"},"content":{"rendered":"<div class=\"wpb-content-wrapper\"><p>[vc_row][vc_column][vc_column_text]Dans le cadre de leur mobilit\u00e9 internationale, les \u00e9tudiant\u00b7e\u00b7s peuvent effectuer un stage de quatre mois ou plus \u00e0 l\u2019\u00e9tranger. La nature du stage varie en fonction du projet artistique de l\u2019\u00e9tudiant\u00b7e qui peut \u00eatre accueilli\u00b7e par des artistes ou diff\u00e9rents types de structures (centres d\u2019arts, mus\u00e9es, fondations, galeries, festivals, biennales, ONGs, associations, soci\u00e9t\u00e9s de production,etc\u2026).[\/vc_column_text][\/vc_column][\/vc_row][vc_row][vc_column][vc_column_text css=\u00a0\u00bb.vc_custom_1599575026408{border-right-width: 10px !important;border-left-width: 10px !important;padding-right: 40px !important;padding-left: 40px !important;}\u00a0\u00bb]<strong>Structures internationales partenaires accueillant r\u00e9guli\u00e8rement des stagiaires de l\u2019ENSAPC :<\/strong><\/p>\n<p>&#8211; Cin\u00e9math\u00e8que de Tanger<br \/>\n&#8211; Galerie Kurimanzutto, Mexico<br \/>\n&#8211; National Gallery of Arts, Tirana<br \/>\n&#8211; Villa Kujoyama, Kyoto<\/p>\n<p>&nbsp;<\/p>\n<p><strong>Artistes et structures internationales ayant accueillis des stagiaires de l\u2019ENSAPC r\u00e9cemment (entre autres) :<\/strong><\/p>\n<p>&#8211; A4 Contemporary Arts Center, Chengdu<br \/>\n&#8211; David Altmejd, New York<br \/>\n&#8211; Andrea Ancira, Mexico<br \/>\n&#8211; Athens Museum of Queer Arts, Ath\u00e8nes<br \/>\n&#8211; Arab Image Foundation, Beyrouth<br \/>\n&#8211; Azad Art Gallery, T\u00e9h\u00e9ran<br \/>\n&#8211; Yto Barrada studio, Tanger<br \/>\n&#8211; Centre International de Recherches sur l\u2019Anarchisme, Lausanne<br \/>\n&#8211; Sirine Fattouh, Beyrouth<br \/>\n&#8211; Fonderie Darling, Montr\u00e9al<br \/>\n&#8211; Mire Lee, S\u00e9oul<br \/>\n&#8211; Mark Lewis, Londres<br \/>\n&#8211; Antje Majewski, Berlin<br \/>\n&#8211; Matt Mullican studio, Berlin<br \/>\n&#8211; RAM Radioarte movile, Rome<br \/>\n&#8211; SALT Gallery, Istanbul<br \/>\n&#8211; Jim Shaw, Los Angeles[\/vc_column_text][\/vc_column][\/vc_row]<\/p>\n<\/div>","protected":false},"excerpt":{"rendered":"<p>[vc_row][vc_column][vc_column_text]Dans le cadre de leur mobilit\u00e9 internationale, les \u00e9tudiant\u00b7e\u00b7s peuvent effectuer un stage de quatre mois ou plus \u00e0 l\u2019\u00e9tranger. La nature du stage varie en fonction du projet artistique de l\u2019\u00e9tudiant\u00b7e qui peut \u00eatre accueilli\u00b7e par des artistes ou diff\u00e9rents types de structures (centres d\u2019arts, mus\u00e9es, fondations, galeries, festivals, biennales, ONGs, associations, soci\u00e9t\u00e9s de&#8230;  <a class=\"excerpt-read-more\" href=\"https:\/\/www.ensapc.fr\/fr\/international\/mobilite-entrante\/\" title=\"Read Stages\">Lire la suite &raquo;<\/a><\/p>\n","protected":false},"author":1,"featured_media":0,"parent":16,"menu_order":280,"comment_status":"closed","ping_status":"closed","template":"","meta":{"footnotes":""},"class_list":["post-701","page","type-page","status-publish","hentry"],"_links":{"self":[{"href":"https:\/\/www.ensapc.fr\/fr\/wp-json\/wp\/v2\/pages\/701","targetHints":{"allow":["GET"]}}],"collection":[{"href":"https:\/\/www.ensapc.fr\/fr\/wp-json\/wp\/v2\/pages"}],"about":[{"href":"https:\/\/www.ensapc.fr\/fr\/wp-json\/wp\/v2\/types\/page"}],"author":[{"embeddable":true,"href":"https:\/\/www.ensapc.fr\/fr\/wp-json\/wp\/v2\/users\/1"}],"replies":[{"embeddable":true,"href":"https:\/\/www.ensapc.fr\/fr\/wp-json\/wp\/v2\/comments?post=701"}],"version-history":[{"count":5,"href":"https:\/\/www.ensapc.fr\/fr\/wp-json\/wp\/v2\/pages\/701\/revisions"}],"predecessor-version":[{"id":6166,"href":"https:\/\/www.ensapc.fr\/fr\/wp-json\/wp\/v2\/pages\/701\/revisions\/6166"}],"up":[{"embeddable":true,"href":"https:\/\/www.ensapc.fr\/fr\/wp-json\/wp\/v2\/pages\/16"}],"wp:attachment":[{"href":"https:\/\/www.ensapc.fr\/fr\/wp-json\/wp\/v2\/media?parent=701"}],"curies":[{"name":"wp","href":"https:\/\/api.w.org\/{rel}","templated":true}]}}