{"id":725,"date":"2016-11-07T11:50:28","date_gmt":"2016-11-07T10:50:28","guid":{"rendered":"https:\/\/www.ensapc.fr\/fr\/?page_id=725"},"modified":"2017-02-01T12:42:53","modified_gmt":"2017-02-01T11:42:53","slug":"2010-2","status":"publish","type":"page","link":"https:\/\/www.ensapc.fr\/fr\/ygrec\/archives\/2010-2\/","title":{"rendered":"2010"},"content":{"rendered":"<div class=\"wpb-content-wrapper\"><p>[vc_row][vc_column width=\u00a0\u00bb1\/2&Prime;][vc_row_inner][vc_column_inner][vc_column_text]<strong>Cargo culte<\/strong><\/p>\n<p>2 Octobre 2010 \u2013 20 Novembre 2010<br \/>\nExposition<\/p>\n<p>Vernissage le 2 octobre, dans le cadre de Nuit Blanche<\/p>\n<p>Cargo Culte \u2014 expression g\u00e9n\u00e9rique qui d\u00e9signe les rituels adopt\u00e9s par les indig\u00e8nes en r\u00e9action \u00e0 la colonisation, dont le point commun est l\u2019imitation de certains gestes effectu\u00e9s par les occidentaux \u2014 est \u00e0 la fois une exposition et une revue d\u2019artistes.<\/p>\n<p>[\/vc_column_text][vc_single_image image=\u00a0\u00bb728&Prime; img_size=\u00a0\u00bbfull\u00a0\u00bb add_caption=\u00a0\u00bbyes\u00a0\u00bb alignment=\u00a0\u00bbcenter\u00a0\u00bb][vc_separator color=\u00a0\u00bbpink\u00a0\u00bb border_width=\u00a0\u00bb5&Prime; el_width=\u00a0\u00bb90&Prime;][\/vc_column_inner][\/vc_row_inner][\/vc_column][vc_column width=\u00a0\u00bb1\/2&Prime;][vc_row_inner][vc_column_inner][vc_column_text]<strong>Sound Machine<\/strong><\/p>\n<p>16 D\u00e9cembre 2010<br \/>\nPerformance<\/p>\n<p>Lancement de l&rsquo;\u00e9dition TOAD, compos\u00e9e d&rsquo;un cd et d&rsquo;un livret, con\u00e7ue par les \u00e9tudiants de Sound Machine.<\/p>\n<p>[\/vc_column_text][vc_single_image image=\u00a0\u00bb727&Prime; img_size=\u00a0\u00bbfull\u00a0\u00bb add_caption=\u00a0\u00bbyes\u00a0\u00bb alignment=\u00a0\u00bbcenter\u00a0\u00bb][\/vc_column_inner][\/vc_row_inner][vc_separator color=\u00a0\u00bbpink\u00a0\u00bb border_width=\u00a0\u00bb5&Prime; el_width=\u00a0\u00bb90&Prime;][\/vc_column][\/vc_row][vc_row][vc_column width=\u00a0\u00bb1\/2&Prime;][vc_row_inner][vc_column_inner][vc_column_text]<strong>Les Interlocuteurs \u2014 \u00c9pisode 1 Le chemin du serpent<br \/>\n<\/strong><br \/>\n18 Juin 2010 \u2013 25 Juin 2010<br \/>\nExposition<\/p>\n<p>Organis\u00e9 selon un mode d\u2019exposition densifi\u00e9 \u00e0 l\u2019extr\u00eame, ce premier volet des \u00abInterlocuteurs\u00bb s\u2019est articul\u00e9 autour de trois soir\u00e9es de projections de films et de performances.[\/vc_column_text][vc_single_image image=\u00a0\u00bb509&Prime; img_size=\u00a0\u00bbfull\u00a0\u00bb add_caption=\u00a0\u00bbyes\u00a0\u00bb alignment=\u00a0\u00bbcenter\u00a0\u00bb][\/vc_column_inner][\/vc_row_inner][vc_row_inner][vc_column_inner][vc_separator color=\u00a0\u00bbpink\u00a0\u00bb border_width=\u00a0\u00bb5&Prime; el_width=\u00a0\u00bb90&Prime;][vc_column_text]<strong>Bonzo-Gonzo, L\u2019Agence. Cyrill Verde<\/strong><\/p>\n<p>20 Mars 2010 \u2013 17 Avril 2010<br \/>\nExposition<\/p>\n<p>\u00abBonzo-Gonzo\u00bb est une intuition pour un film. Un pitch depuis lequel se d\u00e9ploie pendant toute la dur\u00e9e de l\u2019exposition, un projet tentaculaire, fragmentaire et al\u00e9taoire, ouvert aux collaborations ext\u00e9rieures. Instaurant des ponts entre l\u2019\u00e9mergence d\u2019une forme \u00e9ditoriale et la r\u00e9alisation de formes plastiques \u2014 des panneaux s\u00e9rigraphi\u00e9s devenant mat\u00e9riau des \u0153uvres en devenir \u2014 l\u2019artiste met en place des m\u00e9thodes de travail et d\u2019\u00e9conomie de production dans une logique d\u2019\u00abing\u00e9nierie inverse\u00bb auto-r\u00e9flexive.<br \/>\nUne proposition de l\u2019artiste, Cyril Verde ancien \u00e9tudiant de l\u2019ENSAPC<\/p>\n<p>[\/vc_column_text][vc_single_image image=\u00a0\u00bb506&Prime; img_size=\u00a0\u00bbfull\u00a0\u00bb add_caption=\u00a0\u00bbyes\u00a0\u00bb alignment=\u00a0\u00bbcenter\u00a0\u00bb][\/vc_column_inner][\/vc_row_inner][vc_row_inner][vc_column_inner][vc_separator color=\u00a0\u00bbpink\u00a0\u00bb border_width=\u00a0\u00bb5&Prime; el_width=\u00a0\u00bb90&Prime;][vc_column_text]<span class=\"date-display-start\"><strong>VAPAA\/VARATTU<\/strong><\/span><\/p>\n<p>24 F\u00e9vrier 2010 \u2013 10 Mars 2010<br \/>\nExposition<\/p>\n<p>\u00abSeptembre 2009, Paris \u2013 Li\u00e8ge \u2013 D\u00fcsseldorf \u2013 Hambourg \u2013 Abenraa \u2013 Odense \u2013 Copenhague \u2013 Stockholm \u2013 Mariehamn \u2013 Helsinki. Puis la travers\u00e9e du pays par \u00e9tape jusqu\u2019au cercle polaire.[\/vc_column_text][\/vc_column_inner][\/vc_row_inner][\/vc_column][vc_column width=\u00a0\u00bb1\/2&Prime;][vc_row_inner][vc_column_inner][vc_column_text]<strong>Alex Cecchetti<br \/>\n<\/strong><br \/>\n13 Mai 2010 \u2013 12 Juin 2010<br \/>\nExposition<\/p>\n<p>Alex Cecchetti est artiste.[\/vc_column_text][vc_single_image image=\u00a0\u00bb508&Prime; img_size=\u00a0\u00bbfull\u00a0\u00bb add_caption=\u00a0\u00bbyes\u00a0\u00bb alignment=\u00a0\u00bbcenter\u00a0\u00bb][\/vc_column_inner][\/vc_row_inner][vc_row_inner][vc_column_inner][vc_separator color=\u00a0\u00bbpink\u00a0\u00bb border_width=\u00a0\u00bb5&Prime; el_width=\u00a0\u00bb90&Prime;][vc_column_text]<strong>\u00d8ystein Aasan, Double Trouble<br \/>\n<\/strong><br \/>\n17 D\u00e9cembre 2009 \u2013 20 F\u00e9vrier 2010<br \/>\nExposition<\/p>\n<p>Ce sont des images sans qualit\u00e9 et gomm\u00e9es par le temps qu\u2019\u00d8ystein Aasan extirpe de la culture populaire\u2009: pages arrach\u00e9es de magazines rares, affiches de films aux acteurs m\u00e9connus, documents d\u2019architectures d\u00e9suets, qu\u2019il r\u00e9injecte au sein de structures \u00e9tablies en amont.[\/vc_column_text][vc_single_image image=\u00a0\u00bb505&Prime; img_size=\u00a0\u00bbfull\u00a0\u00bb add_caption=\u00a0\u00bbyes\u00a0\u00bb alignment=\u00a0\u00bbcenter\u00a0\u00bb][\/vc_column_inner][\/vc_row_inner][\/vc_column][\/vc_row]<\/p>\n<\/div>","protected":false},"excerpt":{"rendered":"<p>[vc_row][vc_column width=\u00a0\u00bb1\/2&Prime;][vc_row_inner][vc_column_inner][vc_column_text]Cargo culte 2 Octobre 2010 \u2013 20 Novembre 2010 Exposition Vernissage le 2 octobre, dans le cadre de Nuit Blanche Cargo Culte \u2014 expression g\u00e9n\u00e9rique qui d\u00e9signe les rituels adopt\u00e9s par les indig\u00e8nes en r\u00e9action \u00e0 la colonisation, dont le point commun est l\u2019imitation de certains gestes effectu\u00e9s par les occidentaux \u2014 est \u00e0&#8230;  <a class=\"excerpt-read-more\" href=\"https:\/\/www.ensapc.fr\/fr\/ygrec\/archives\/2010-2\/\" title=\"Read 2010\">Lire la suite &raquo;<\/a><\/p>\n","protected":false},"author":1,"featured_media":0,"parent":271,"menu_order":466,"comment_status":"closed","ping_status":"closed","template":"","meta":{"footnotes":""},"class_list":["post-725","page","type-page","status-publish","hentry"],"_links":{"self":[{"href":"https:\/\/www.ensapc.fr\/fr\/wp-json\/wp\/v2\/pages\/725","targetHints":{"allow":["GET"]}}],"collection":[{"href":"https:\/\/www.ensapc.fr\/fr\/wp-json\/wp\/v2\/pages"}],"about":[{"href":"https:\/\/www.ensapc.fr\/fr\/wp-json\/wp\/v2\/types\/page"}],"author":[{"embeddable":true,"href":"https:\/\/www.ensapc.fr\/fr\/wp-json\/wp\/v2\/users\/1"}],"replies":[{"embeddable":true,"href":"https:\/\/www.ensapc.fr\/fr\/wp-json\/wp\/v2\/comments?post=725"}],"version-history":[{"count":5,"href":"https:\/\/www.ensapc.fr\/fr\/wp-json\/wp\/v2\/pages\/725\/revisions"}],"predecessor-version":[{"id":1433,"href":"https:\/\/www.ensapc.fr\/fr\/wp-json\/wp\/v2\/pages\/725\/revisions\/1433"}],"up":[{"embeddable":true,"href":"https:\/\/www.ensapc.fr\/fr\/wp-json\/wp\/v2\/pages\/271"}],"wp:attachment":[{"href":"https:\/\/www.ensapc.fr\/fr\/wp-json\/wp\/v2\/media?parent=725"}],"curies":[{"name":"wp","href":"https:\/\/api.w.org\/{rel}","templated":true}]}}