{"id":745,"date":"2016-11-07T12:14:33","date_gmt":"2016-11-07T11:14:33","guid":{"rendered":"https:\/\/www.ensapc.fr\/fr\/?page_id=745"},"modified":"2017-02-01T12:38:07","modified_gmt":"2017-02-01T11:38:07","slug":"2011-2","status":"publish","type":"page","link":"https:\/\/www.ensapc.fr\/fr\/ygrec\/archives\/2011-2\/","title":{"rendered":"2011"},"content":{"rendered":"<div class=\"wpb-content-wrapper\"><p>[vc_row][vc_column width=\u00a0\u00bb1\/2&Prime;][vc_row_inner][vc_column_inner][vc_column_text]<strong>Studio Romance. Hybrid Object n\u00b03<\/strong><\/p>\n<p>6 Octobre 2011 \u2013 12 Novembre 2011<br \/>\nExposition<\/p>\n<p>Vernissage le 5 octobre 2011<\/p>\n<p>[\/vc_column_text][vc_single_image image=\u00a0\u00bb746&Prime; img_size=\u00a0\u00bbfull\u00a0\u00bb add_caption=\u00a0\u00bbyes\u00a0\u00bb alignment=\u00a0\u00bbcenter\u00a0\u00bb][vc_separator color=\u00a0\u00bbpink\u00a0\u00bb border_width=\u00a0\u00bb5&Prime; el_width=\u00a0\u00bb90&Prime;][\/vc_column_inner][\/vc_row_inner][\/vc_column][vc_column width=\u00a0\u00bb1\/2&Prime;][vc_row_inner][vc_column_inner][vc_column_text]<strong>SevenUp<\/strong><\/p>\n<p>1 Octobre 2011<br \/>\nPerformance<\/p>\n<p>Nuit Blanche \/ Festival de performances Frasq<\/p>\n<p>[\/vc_column_text][vc_single_image image=\u00a0\u00bb749&Prime; img_size=\u00a0\u00bbfull\u00a0\u00bb add_caption=\u00a0\u00bbyes\u00a0\u00bb alignment=\u00a0\u00bbcenter\u00a0\u00bb][vc_separator color=\u00a0\u00bbpink\u00a0\u00bb border_width=\u00a0\u00bb5&Prime; el_width=\u00a0\u00bb90&Prime;][\/vc_column_inner][\/vc_row_inner][\/vc_column][\/vc_row][vc_row][vc_column width=\u00a0\u00bb1\/2&Prime;][vc_row_inner][vc_column_inner][vc_column_text]<strong>The Fat moments (la p\u00e9dagogie), 5e s\u00e9quence du mini-op\u00e9ra pour non musiciens<\/strong><\/p>\n<p>26 Mai 2011 \u2013 9 Juillet 2011<br \/>\nExposition<\/p>\n<p>Les fat moments (expression traduite g\u00e9n\u00e9ralement en fran\u00e7ais par \u00abmoments remarquables\u00bb) d\u00e9signent ces moments o\u00f9, au cours d\u2019une conversation entre plusieurs personnes, surgit une forme de savoir, de nature proprement collective, qui n\u2019aurait pu \u00e9merger hors de ce cadre : li\u00e9e \u00e0 une \u00absituation[\/vc_column_text][vc_single_image image=\u00a0\u00bb730&Prime; img_size=\u00a0\u00bbfull\u00a0\u00bb add_caption=\u00a0\u00bbyes\u00a0\u00bb alignment=\u00a0\u00bbcenter\u00a0\u00bb][\/vc_column_inner][\/vc_row_inner][vc_row_inner][vc_column_inner][vc_separator color=\u00a0\u00bbpink\u00a0\u00bb border_width=\u00a0\u00bb5&Prime; el_width=\u00a0\u00bb90&Prime;][vc_column_text]<strong>Die Vitrine<\/strong><\/p>\n<p>16 Avril 2011<br \/>\nExposition<\/p>\n<p>Suite au workshop d\u2019une semaine des \u00e9tudiants de la classe de Simone Decker, artiste et professeure \u00e0 l\u2019Akademie der Bildenden K\u00fcnste \u00e0 Nuremberg et ceux de l\u2019ENSAPC, La Vitrine pr\u00e9sente l&rsquo;ensemble des propositions plastiques.[\/vc_column_text][vc_single_image image=\u00a0\u00bb731&Prime; img_size=\u00a0\u00bbfull\u00a0\u00bb add_caption=\u00a0\u00bbyes\u00a0\u00bb alignment=\u00a0\u00bbcenter\u00a0\u00bb][\/vc_column_inner][\/vc_row_inner][vc_row_inner][vc_column_inner][vc_separator color=\u00a0\u00bbpink\u00a0\u00bb border_width=\u00a0\u00bb5&Prime; el_width=\u00a0\u00bb90&Prime;][vc_column_text]<span class=\"date-display-start\"><strong>Self Fulfilling Prophecies<\/strong><\/span><\/p>\n<p>27 Janvier 2011 \u2013 19 Mars 2011<br \/>\nExposition<\/p>\n<p>Vernissage le 26 janvier 2011<\/p>\n<p>[\/vc_column_text][vc_single_image image=\u00a0\u00bb733&Prime; img_size=\u00a0\u00bbfull\u00a0\u00bb add_caption=\u00a0\u00bbyes\u00a0\u00bb alignment=\u00a0\u00bbcenter\u00a0\u00bb][\/vc_column_inner][\/vc_row_inner][\/vc_column][vc_column width=\u00a0\u00bb1\/2&Prime;][vc_row_inner][vc_column_inner][vc_column_text]<strong>Projection # 2<\/strong><\/p>\n<p>18 Mai 2011<br \/>\nExposition<\/p>\n<p>Projection des travaux vid\u00e9o des \u00e9tudiants de l\u2019artiste-professeur Mich\u00e8le Waquant.<br \/>\nUne proposition de Mich\u00e8le Waquant<\/p>\n<p>[\/vc_column_text][\/vc_column_inner][\/vc_row_inner][vc_row_inner][vc_column_inner][vc_separator color=\u00a0\u00bbpink\u00a0\u00bb border_width=\u00a0\u00bb5&Prime; el_width=\u00a0\u00bb90&Prime;][vc_column_text]<strong>La Convention<\/strong><\/p>\n<p>13 Mai 2011<br \/>\nExposition<\/p>\n<p>Signature du partenariat entre l\u2019\u00c9cole d\u2019Art de Soochow Universit\u00e9 (Suzhou, Chine) et l\u2019\u00c9cole Nationale Sup\u00e9rieure d\u2019Arts Paris-Cergy.<\/p>\n<p>Une proposition de Claire Roudenko-Bertin et des \u00e9tudiants de l&rsquo;ENSAPC.[\/vc_column_text][vc_single_image image=\u00a0\u00bb729&Prime; img_size=\u00a0\u00bbfull\u00a0\u00bb add_caption=\u00a0\u00bbyes\u00a0\u00bb alignment=\u00a0\u00bbcenter\u00a0\u00bb][\/vc_column_inner][\/vc_row_inner][vc_row_inner][vc_column_inner][vc_separator color=\u00a0\u00bbpink\u00a0\u00bb border_width=\u00a0\u00bb5&Prime; el_width=\u00a0\u00bb90&Prime;][vc_column_text]<strong>Mille Feuillets<\/strong><\/p>\n<p>25 Mars 2011 \u2013 2 Avril 2011<br \/>\nExposition<\/p>\n<p>Pour Drawing Now l Le Parcours, La Vitrine se fait le relais des productions des \u00e9tudiants qui questionnent la pratique m\u00eame du dessin, convoquant, notamment, d\u2019autres disciplines. Ce que montre ainsi La Vitrine, c\u2019est avant tout un travail d\u2019ouverture au monde et un engagement vivant.[\/vc_column_text][vc_single_image image=\u00a0\u00bb732&Prime; img_size=\u00a0\u00bbfull\u00a0\u00bb add_caption=\u00a0\u00bbyes\u00a0\u00bb alignment=\u00a0\u00bbcenter\u00a0\u00bb][\/vc_column_inner][\/vc_row_inner][vc_row_inner][vc_column_inner][vc_separator color=\u00a0\u00bbpink\u00a0\u00bb border_width=\u00a0\u00bb5&Prime; el_width=\u00a0\u00bb90&Prime;][vc_column_text]<strong>Rocket Engine ou la m\u00e9tamorphose des agr\u00e9gats<\/strong><\/p>\n<p>6 Janvier 2011 \u2013 15 Janvier 2011<br \/>\nExposition<\/p>\n<p>Vernissage le 5 janvier 2011<br \/>\n20h: performance d&rsquo;Emilien Adage<\/p>\n<p>[\/vc_column_text][vc_single_image image=\u00a0\u00bb726&Prime; img_size=\u00a0\u00bbfull\u00a0\u00bb add_caption=\u00a0\u00bbyes\u00a0\u00bb alignment=\u00a0\u00bbcenter\u00a0\u00bb][\/vc_column_inner][\/vc_row_inner][\/vc_column][\/vc_row]<\/p>\n<\/div>","protected":false},"excerpt":{"rendered":"<p>[vc_row][vc_column width=\u00a0\u00bb1\/2&Prime;][vc_row_inner][vc_column_inner][vc_column_text]Studio Romance. Hybrid Object n\u00b03 6 Octobre 2011 \u2013 12 Novembre 2011 Exposition Vernissage le 5 octobre 2011 [\/vc_column_text][vc_single_image image=\u00a0\u00bb746&Prime; img_size=\u00a0\u00bbfull\u00a0\u00bb add_caption=\u00a0\u00bbyes\u00a0\u00bb alignment=\u00a0\u00bbcenter\u00a0\u00bb][vc_separator color=\u00a0\u00bbpink\u00a0\u00bb border_width=\u00a0\u00bb5&Prime; el_width=\u00a0\u00bb90&Prime;][\/vc_column_inner][\/vc_row_inner][\/vc_column][vc_column width=\u00a0\u00bb1\/2&Prime;][vc_row_inner][vc_column_inner][vc_column_text]SevenUp 1 Octobre 2011 Performance Nuit Blanche \/ Festival de performances Frasq [\/vc_column_text][vc_single_image image=\u00a0\u00bb749&Prime; img_size=\u00a0\u00bbfull\u00a0\u00bb add_caption=\u00a0\u00bbyes\u00a0\u00bb alignment=\u00a0\u00bbcenter\u00a0\u00bb][vc_separator color=\u00a0\u00bbpink\u00a0\u00bb border_width=\u00a0\u00bb5&Prime; el_width=\u00a0\u00bb90&Prime;][\/vc_column_inner][\/vc_row_inner][\/vc_column][\/vc_row][vc_row][vc_column width=\u00a0\u00bb1\/2&Prime;][vc_row_inner][vc_column_inner][vc_column_text]The Fat moments (la p\u00e9dagogie), 5e s\u00e9quence du&#8230;  <a class=\"excerpt-read-more\" href=\"https:\/\/www.ensapc.fr\/fr\/ygrec\/archives\/2011-2\/\" title=\"Read 2011\">Lire la suite &raquo;<\/a><\/p>\n","protected":false},"author":1,"featured_media":0,"parent":271,"menu_order":464,"comment_status":"closed","ping_status":"closed","template":"","meta":{"footnotes":""},"class_list":["post-745","page","type-page","status-publish","hentry"],"_links":{"self":[{"href":"https:\/\/www.ensapc.fr\/fr\/wp-json\/wp\/v2\/pages\/745","targetHints":{"allow":["GET"]}}],"collection":[{"href":"https:\/\/www.ensapc.fr\/fr\/wp-json\/wp\/v2\/pages"}],"about":[{"href":"https:\/\/www.ensapc.fr\/fr\/wp-json\/wp\/v2\/types\/page"}],"author":[{"embeddable":true,"href":"https:\/\/www.ensapc.fr\/fr\/wp-json\/wp\/v2\/users\/1"}],"replies":[{"embeddable":true,"href":"https:\/\/www.ensapc.fr\/fr\/wp-json\/wp\/v2\/comments?post=745"}],"version-history":[{"count":4,"href":"https:\/\/www.ensapc.fr\/fr\/wp-json\/wp\/v2\/pages\/745\/revisions"}],"predecessor-version":[{"id":1430,"href":"https:\/\/www.ensapc.fr\/fr\/wp-json\/wp\/v2\/pages\/745\/revisions\/1430"}],"up":[{"embeddable":true,"href":"https:\/\/www.ensapc.fr\/fr\/wp-json\/wp\/v2\/pages\/271"}],"wp:attachment":[{"href":"https:\/\/www.ensapc.fr\/fr\/wp-json\/wp\/v2\/media?parent=745"}],"curies":[{"name":"wp","href":"https:\/\/api.w.org\/{rel}","templated":true}]}}