{"id":759,"date":"2016-11-07T12:15:56","date_gmt":"2016-11-07T11:15:56","guid":{"rendered":"https:\/\/www.ensapc.fr\/fr\/?page_id=759"},"modified":"2017-02-01T12:35:57","modified_gmt":"2017-02-01T11:35:57","slug":"2012-2","status":"publish","type":"page","link":"https:\/\/www.ensapc.fr\/fr\/ygrec\/archives\/2012-2\/","title":{"rendered":"2012"},"content":{"rendered":"<div class=\"wpb-content-wrapper\"><p>[vc_row][vc_column width=\u00a0\u00bb1\/2&Prime;][vc_row_inner][vc_column_inner][vc_column_text]<strong>Laur\u00e9at de l&rsquo;appel \u00e0 commissaire<\/strong><\/p>\n<p>1 Novembre 2012<br \/>\nExposition<br \/>\nSuite \u00e0 l&rsquo;appel \u00e0 commissaire lanc\u00e9 par l&rsquo;ENSAPC en ao\u00fbt 2012, nous f\u00e9licitons les laur\u00e9ates Val\u00e9rie Caradec et Alice Marquaille.<\/p>\n<p>[\/vc_column_text][vc_single_image image=\u00a0\u00bb765&Prime; img_size=\u00a0\u00bbfull\u00a0\u00bb add_caption=\u00a0\u00bbyes\u00a0\u00bb alignment=\u00a0\u00bbcenter\u00a0\u00bb][vc_separator color=\u00a0\u00bbpink\u00a0\u00bb border_width=\u00a0\u00bb5&Prime; el_width=\u00a0\u00bb90&Prime;][\/vc_column_inner][\/vc_row_inner][vc_row_inner][vc_column_inner][vc_column_text]<strong>De l\u2019eau pour les oiseaux et les serpents<\/strong><br \/>\n5 Octobre 2012 \u2013 3 Novembre 2012<br \/>\nExposition<br \/>\nVERNISSAGE 5 OCTOBRE 2012 18H<\/p>\n<p>[\/vc_column_text][vc_single_image image=\u00a0\u00bb766&Prime; img_size=\u00a0\u00bbfull\u00a0\u00bb add_caption=\u00a0\u00bbyes\u00a0\u00bb alignment=\u00a0\u00bbcenter\u00a0\u00bb][vc_separator color=\u00a0\u00bbpink\u00a0\u00bb border_width=\u00a0\u00bb5&Prime; el_width=\u00a0\u00bb90&Prime;][\/vc_column_inner][\/vc_row_inner][\/vc_column][vc_column width=\u00a0\u00bb1\/2&Prime;][vc_row_inner][vc_column_inner][vc_column_text]<strong>Histories from Below<\/strong><\/p>\n<p>10 Novembre 2012 \u2013 19 Janvier 2013<br \/>\nExposition<br \/>\nVERNISSAGE VENDREDI 9 NOVEMBRE 2012, 18H<br \/>\nPROJECTIONS JEUDI 22 NOVEMBRE 2012, 20H<br \/>\nFr\u00e9d\u00e9ric Moser et Philippe Schwinger, Capitulation Project, 2003<\/p>\n<p>[\/vc_column_text][vc_single_image image=\u00a0\u00bb763&Prime; img_size=\u00a0\u00bbfull\u00a0\u00bb add_caption=\u00a0\u00bbyes\u00a0\u00bb alignment=\u00a0\u00bbcenter\u00a0\u00bb][vc_separator color=\u00a0\u00bbpink\u00a0\u00bb border_width=\u00a0\u00bb5&Prime; el_width=\u00a0\u00bb90&Prime;][\/vc_column_inner][\/vc_row_inner][\/vc_column][\/vc_row][vc_row][vc_column width=\u00a0\u00bb1\/2&Prime;][vc_row_inner][vc_column_inner][vc_column_text]<strong>D&rsquo;\u00e9chec en \u00e9chec sans perdre son enthousiasme<\/strong><\/p>\n<p>2 Juin 2012 \u2013 13 Juillet 2012<br \/>\nExposition<\/p>\n<p>L\u2019exposition &#8211; qui tire son nom d\u2019une phrase l\u00e9gendaire de Winston Churchill \u00abLe secret de la r\u00e9ussite, c\u2019est d\u2019aller d\u2019\u00e9chec en \u00e9chec, sans perdre son enthousiasme\u00bb &#8211; et son programme de performances \u00abNo Sport\u00bb, s\u2019attachent \u00e0 faire de l\u2019\u00e9chec un principe moteur et \u00e0 ne pas distinguer la constitution d\u2019un objet ou d\u2019une exposition de son ex\u00e9cution et de sa perception, conjuguant l\u2019exp\u00e9rience esth\u00e9tique \u00e0 celle de la vie.<\/p>\n<p>[\/vc_column_text][vc_single_image image=\u00a0\u00bb747&Prime; img_size=\u00a0\u00bbfull\u00a0\u00bb add_caption=\u00a0\u00bbyes\u00a0\u00bb alignment=\u00a0\u00bbcenter\u00a0\u00bb][\/vc_column_inner][\/vc_row_inner][vc_row_inner][vc_column_inner][vc_separator color=\u00a0\u00bbpink\u00a0\u00bb border_width=\u00a0\u00bb5&Prime; el_width=\u00a0\u00bb90&Prime;][vc_column_text]<strong>Si je dis la v\u00e9rit\u00e9, personne ne me croira<\/strong><\/p>\n<p>5 Mai 2012 \u2013 18 Mai 2012<br \/>\nExposition<br \/>\nEntr\u00e9e libre du mercredi au samedi, 13h-19h<br \/>\nVernissage vendredi 4 mai \u00e0 18h<\/p>\n<p>[\/vc_column_text][vc_single_image image=\u00a0\u00bb750&Prime; img_size=\u00a0\u00bbfull\u00a0\u00bb add_caption=\u00a0\u00bbyes\u00a0\u00bb alignment=\u00a0\u00bbcenter\u00a0\u00bb][\/vc_column_inner][\/vc_row_inner][vc_row_inner][vc_column_inner][vc_separator color=\u00a0\u00bbpink\u00a0\u00bb border_width=\u00a0\u00bb5&Prime; el_width=\u00a0\u00bb90&Prime;][vc_column_text]<span class=\"date-display-start\"><strong>Ouverture d\u2019Ygrec<\/strong><\/span><\/p>\n<p>9 Mars 2012<br \/>\nInvitation<\/p>\n<p>YGREC est un nouveau lieu d&rsquo;exp\u00e9rimentation et d&rsquo;exposition que L\u2019ENSAPC inaugure au 20 rue Louise Weiss dans le 13e arrondissement de Paris.<br \/>\nIl renouvelle le projet de \u00abLa Vitrine\u00bb cr\u00e9\u00e9e par l&rsquo;\u00e9cole dans le 11\u00e8me arrondissement en 1992.<\/p>\n<p>[\/vc_column_text][vc_single_image image=\u00a0\u00bb752&Prime; img_size=\u00a0\u00bbfull\u00a0\u00bb add_caption=\u00a0\u00bbyes\u00a0\u00bb alignment=\u00a0\u00bbcenter\u00a0\u00bb][\/vc_column_inner][\/vc_row_inner][\/vc_column][vc_column width=\u00a0\u00bb1\/2&Prime;][vc_row_inner][vc_column_inner][vc_column_text]<strong>Soir\u00e9e Silicate<\/strong><\/p>\n<p>26 Mai 2012<\/p>\n<p>Silicate est label de musique \u00e9lectronique et une association culturelle dont le but est d\u2019encourager les productions non marchandes de musiques inventives et originales.<\/p>\n<p>[\/vc_column_text][\/vc_column_inner][\/vc_row_inner][vc_single_image image=\u00a0\u00bb748&Prime; img_size=\u00a0\u00bbfull\u00a0\u00bb add_caption=\u00a0\u00bbyes\u00a0\u00bb alignment=\u00a0\u00bbcenter\u00a0\u00bb][vc_row_inner][vc_column_inner][vc_separator color=\u00a0\u00bbpink\u00a0\u00bb border_width=\u00a0\u00bb5&Prime; el_width=\u00a0\u00bb90&Prime;][vc_column_text]<strong>Mille feuillets II<\/strong><\/p>\n<p>30 Mars 2012 \u2013 14 Avril 2012<br \/>\nExposition<br \/>\nVernissage le 29 mars 2012<\/p>\n<p>Dessin tout terrain, d\u2019observation ou de m\u00e9moire, germinal ou autonome\u2026 on conna\u00eet l\u2019extr\u00eame polys\u00e9mie du mot et la multiplicit\u00e9 de ses supports et de ses formes.<\/p>\n<p>[\/vc_column_text][vc_single_image image=\u00a0\u00bb751&Prime; img_size=\u00a0\u00bbfull\u00a0\u00bb add_caption=\u00a0\u00bbyes\u00a0\u00bb alignment=\u00a0\u00bbcenter\u00a0\u00bb][\/vc_column_inner][\/vc_row_inner][\/vc_column][\/vc_row]<\/p>\n<\/div>","protected":false},"excerpt":{"rendered":"<p>[vc_row][vc_column width=\u00a0\u00bb1\/2&Prime;][vc_row_inner][vc_column_inner][vc_column_text]Laur\u00e9at de l&rsquo;appel \u00e0 commissaire 1 Novembre 2012 Exposition Suite \u00e0 l&rsquo;appel \u00e0 commissaire lanc\u00e9 par l&rsquo;ENSAPC en ao\u00fbt 2012, nous f\u00e9licitons les laur\u00e9ates Val\u00e9rie Caradec et Alice Marquaille. [\/vc_column_text][vc_single_image image=\u00a0\u00bb765&Prime; img_size=\u00a0\u00bbfull\u00a0\u00bb add_caption=\u00a0\u00bbyes\u00a0\u00bb alignment=\u00a0\u00bbcenter\u00a0\u00bb][vc_separator color=\u00a0\u00bbpink\u00a0\u00bb border_width=\u00a0\u00bb5&Prime; el_width=\u00a0\u00bb90&Prime;][\/vc_column_inner][\/vc_row_inner][vc_row_inner][vc_column_inner][vc_column_text]De l\u2019eau pour les oiseaux et les serpents 5 Octobre 2012 \u2013 3 Novembre 2012 Exposition VERNISSAGE 5&#8230;  <a class=\"excerpt-read-more\" href=\"https:\/\/www.ensapc.fr\/fr\/ygrec\/archives\/2012-2\/\" title=\"Read 2012\">Lire la suite &raquo;<\/a><\/p>\n","protected":false},"author":1,"featured_media":0,"parent":271,"menu_order":463,"comment_status":"closed","ping_status":"closed","template":"","meta":{"footnotes":""},"class_list":["post-759","page","type-page","status-publish","hentry"],"_links":{"self":[{"href":"https:\/\/www.ensapc.fr\/fr\/wp-json\/wp\/v2\/pages\/759","targetHints":{"allow":["GET"]}}],"collection":[{"href":"https:\/\/www.ensapc.fr\/fr\/wp-json\/wp\/v2\/pages"}],"about":[{"href":"https:\/\/www.ensapc.fr\/fr\/wp-json\/wp\/v2\/types\/page"}],"author":[{"embeddable":true,"href":"https:\/\/www.ensapc.fr\/fr\/wp-json\/wp\/v2\/users\/1"}],"replies":[{"embeddable":true,"href":"https:\/\/www.ensapc.fr\/fr\/wp-json\/wp\/v2\/comments?post=759"}],"version-history":[{"count":5,"href":"https:\/\/www.ensapc.fr\/fr\/wp-json\/wp\/v2\/pages\/759\/revisions"}],"predecessor-version":[{"id":1429,"href":"https:\/\/www.ensapc.fr\/fr\/wp-json\/wp\/v2\/pages\/759\/revisions\/1429"}],"up":[{"embeddable":true,"href":"https:\/\/www.ensapc.fr\/fr\/wp-json\/wp\/v2\/pages\/271"}],"wp:attachment":[{"href":"https:\/\/www.ensapc.fr\/fr\/wp-json\/wp\/v2\/media?parent=759"}],"curies":[{"name":"wp","href":"https:\/\/api.w.org\/{rel}","templated":true}]}}