{"id":78,"date":"2016-09-05T11:06:16","date_gmt":"2016-09-05T09:06:16","guid":{"rendered":"https:\/\/www.ensapc.fr\/fr\/?page_id=78"},"modified":"2022-03-10T12:09:49","modified_gmt":"2022-03-10T11:09:49","slug":"mentions-legales","status":"publish","type":"page","link":"https:\/\/www.ensapc.fr\/fr\/mentions-legales\/","title":{"rendered":"Mentions l\u00e9gales"},"content":{"rendered":"<div class=\"wpb-content-wrapper\"><p>[vc_row][vc_column][vc_column_text]L\u2019\u00c9cole Nationale Sup\u00e9rieure d\u2019Arts de Paris-Cergy est devenue EPA le 1er janvier 2003 par le d\u00e9cret n\u00b02002-1515 du 23 d\u00e9cembre 2002, transformant l\u2019\u00e9cole en \u00e9tablissement public national et portant statut de cet \u00e9tablissement.<\/p>\n<p>L\u2019\u00c9cole Nationale Sup\u00e9rieure d\u2019Arts de Paris-Cergy (ENSAPC) a la vocation de former les acteurs de la sc\u00e8ne artistique contemporaine. L\u2019\u00e9cole est un \u00c9tablissement Public \u00e0 caract\u00e8re Administratif (EPA) plac\u00e9 sous la tutelle du minist\u00e8re de la Culture et de la Communication. Elle entre dans le syst\u00e8me europ\u00e9en d\u2019harmonisation et d\u2019homologation de l\u2019enseignement sup\u00e9rieur.<\/p>\n<h3><strong>Objet du site internet de L\u2019\u00c9cole nationale sup\u00e9rieure d\u2019arts de Paris-Cergy<\/strong><\/h3>\n<p>Vous \u00eates actuellement connect\u00e9 au site <a href=\"https:\/\/www.ensapc.fr\">https:\/\/www.ensapc.fr<\/a> \u00e9dit\u00e9 par l\u2019\u00c9cole Nationale Sup\u00e9rieure d\u2019Arts de Paris-Cergy.\u00a0l\u2019\u00c9cole Nationale Sup\u00e9rieure d\u2019Arts de Paris-Cergy\u00a0est un \u00e9tablissement d\u2019enseignement sup\u00e9rieur public \u00e0 caract\u00e8re administratif plac\u00e9 sous la tutelle du minist\u00e8re de la Culture et de la Communication.<\/p>\n<h3><strong>Informations l\u00e9gales<br \/>\n<\/strong><\/h3>\n<p>D\u00e9nomination sociale de l\u2019\u00e9tablissement publiant le site \u00c9cole Nationale Sup\u00e9rieure d\u2019Arts de Paris-Cergy, \u00e9tablissement d\u2019enseignement public \u00e0 caract\u00e8re administratif; Il a son si\u00e8ge 2 rue des Italiens, 95000 Cergy; Ses statuts sont d\u00e9finis par le d\u00e9cret n\u00b02002-1515 du 23 d\u00e9cembre 2002, transformant l\u2019\u00e9cole en \u00e9tablissement public national. Il est repr\u00e9sent\u00e9 par sa Directrice, Corinne Diserens.<\/p>\n<p>Directrice de la publication: Corinne Diserens.<br \/>\nResponsable de la r\u00e9daction: Elsa Vettier.<br \/>\nCopyright: \u00a9\u00c9cole Nationale Sup\u00e9rieure d&rsquo;Arts de Paris-Cergy.<\/p>\n<h3>R\u00e9alisation<\/h3>\n<p>Big District<br \/>\n118, rue Jean-Pierre Timbaud<br \/>\n75011 PARIS<br \/>\nTel : +33.(0) 1 84 17 06 36<br \/>\nhello@bigdistrict.com<\/p>\n<h3>H\u00e9bergement :<\/h3>\n<p>Greenshift<br \/>\n9, rue Campagne Premi\u00e8re<br \/>\n75014 Paris<br \/>\nFrance<br \/>\nT\u00e9l\u00e9phone: +33.(0) 9 53 54 22 66<\/p>\n<h3><strong>Engagement<\/strong><\/h3>\n<p>L\u2019\u00e9diteur s\u2019engage \u00e0 respecter l\u2019ensemble du dispositif l\u00e9gislatif concernant la mise en place et l&rsquo;activit\u00e9 d\u2019un site Internet.<\/p>\n<p>Nous vous invitons \u00e0 prendre connaissance des informations figurant dans la pr\u00e9sente rubrique. Vous acceptez que les dispositions qui suivent r\u00e9gissent la consultation du site.<\/p>\n<p>\u00abToute reproduction, utilisation ou repr\u00e9sentation, int\u00e9grale ou partielle, des pages \u00e9crans, des donn\u00e9es et de fa\u00e7on g\u00e9n\u00e9rale de tout \u00e9l\u00e9ment constitutif du site <a href=\"https:\/\/www.ensapc.fr\">https:\/\/www.ensapc.fr<\/a> par quelque proc\u00e9d\u00e9 et sur quelque support que ce soit est strictement interdite et constitue, sans autorisation \u00e9crite et pr\u00e9alable du l\u2019\u00c9cole Nationale Sup\u00e9rieure d&rsquo;Arts de Paris-Cergy, un d\u00e9lit de contrefa\u00e7on.\u00bb<\/p>\n<h3><strong>Informations contenues dans le site<\/strong><\/h3>\n<p>Ce site est un site informatif. Il a pour objectif de pr\u00e9senter l\u2019\u00c9cole Nationale Sup\u00e9rieure d\u2019Arts de Paris-Cergy. Aucune information contenue sur le site ne saurait poss\u00e9der ou \u00eatre interpr\u00e9t\u00e9e comme poss\u00e9dant une quelconque valeur contractuelle.<\/p>\n<p>Les informations contenues sur le site sont issues de documents consid\u00e9r\u00e9s comme fiables.<br \/>\nLes informations sur le site sont r\u00e9guli\u00e8rement mises \u00e0 jour.<br \/>\nLes informations pratiques doivent, n\u00e9anmoins, faire l&rsquo;objet d\u2019une v\u00e9rification directe aupr\u00e8s de\u00a0l\u2019\u00c9cole Nationale Sup\u00e9rieure d\u2019Arts de Paris-Cergy\u00a0(notamment ce qui concerne les dates et horaires d\u2019\u00e9v\u00e9nements organis\u00e9s par et autour de l\u2019\u00c9cole).<\/p>\n<p>Toutes les informations contenues sur ce site ont un caract\u00e8re exclusivement indicatif et sans aucun engagement de la part de l\u2019\u00c9cole Nationale Sup\u00e9rieure d&rsquo;Arts de Paris-Cergy. Toute information contenue sur le site peut \u00eatre modifi\u00e9e, \u00e0 tout moment sans pr\u00e9avis, par l\u2019\u00c9cole Nationale Sup\u00e9rieure d&rsquo;Arts de Paris-Cergy.<\/p>\n<p>Les informations contenues sur le site de l\u2019\u00c9cole Nationale Sup\u00e9rieure d\u2019Arts de Paris-Cergy\u00a0ne constituent pas une offre de services ou de produits ni une sollicitation commerciale de quelque nature que ce soit, ni une recommandation ou un conseil. l\u2019\u00c9cole Nationale Sup\u00e9rieure d\u2019Arts de Paris-Cergy\u00a0ne sera pas tenue responsable pour toute d\u00e9cision prise ou non sur la base d\u2019une information contenue sur le site, ni pour l\u2019utilisation qui pourrait en \u00eatre faite par un tiers. Ces informations ne sauraient engager la responsabilit\u00e9 de l\u2019\u00c9cole Nationale Sup\u00e9rieure d\u2019Arts de Paris-Cergy.<\/p>\n<h3><strong>Loi applicable &#8211; attribution de comp\u00e9tence<\/strong><\/h3>\n<p>Le site, qui a pour langue officielle la langue fran\u00e7aise, est soumis au droit fran\u00e7ais et rel\u00e8ve de la comp\u00e9tence exclusive des juridictions fran\u00e7aises.<\/p>\n<h3><strong>Protection du contenu du site<\/strong><\/h3>\n<p>Le pr\u00e9sent site ainsi que tous ses \u00e9l\u00e9ments constitutifs quels qu\u2019ils soient sont la propri\u00e9t\u00e9 de l\u2019\u00c9cole Nationale Sup\u00e9rieure d\u2019Arts de Paris-Cergy\u00a0et sont prot\u00e9g\u00e9s par le droit d\u2019auteur, droit de la propri\u00e9t\u00e9 intellectuelle.<\/p>\n<p>Les bases et\/ou fichiers de donn\u00e9es sont prot\u00e9g\u00e9s par des dispositions sp\u00e9ciales, introduites par la loi n\u00b098-536 du 1er juillet 1998 relative \u00e0 la protection juridiques de bases de donn\u00e9es.<\/p>\n<p>Il est interdit de les r\u00e9utiliser sans autorisation expresse et pr\u00e9alable de l\u2019\u00c9cole Nationale Sup\u00e9rieure d\u2019Arts de Paris-Cergy.<\/p>\n<h3><strong>Droits de l&rsquo;utilisateur<\/strong><\/h3>\n<p>L\u2019\u00c9cole Nationale Sup\u00e9rieure d\u2019Arts de Paris-Cergy\u00a0autorise l\u2019utilisateur selon les pr\u00e9sentes conditions et les r\u00e8gles d\u2019usage sur l&rsquo;Internet, \u00e0 consulter gratuitement ce site, \u00e0 simple titre d\u2019information, uniquement pour son usage personnel et priv\u00e9 et \u00e0 l&rsquo;exclusion de toutes fins commerciales.<\/p>\n<h3><strong>Droit de la preuve<\/strong><\/h3>\n<p><strong>\u00a0<\/strong>La loi n\u00b02000-230 du 13 mars 2000 relative \u00e0 l&rsquo;adaptation du droit de la preuve aux technologies de l\u2019information et la signature \u00e9lectronique reconna\u00eet \u00e0 l\u2019\u00e9crit sur support \u00e9lectronique la m\u00eame force probante qu\u2019\u00e0 l\u2019\u00e9crit sur support papier. L\u2019\u00c9cole Nationale Sup\u00e9rieure d\u2019Arts de Paris-Cergy\u00a0appelle votre attention sur les cons\u00e9quences de l\u2019envoi de messages \u00e9lectroniques en termes d\u2019engagement de toute nature et en particulier juridique.<\/p>\n<h3><strong>Liens<\/strong><\/h3>\n<p>Des liens hypertextes sont mis en place dans le cadre du site en direction d\u2018autres ressources pr\u00e9sentes sur le r\u00e9seau Internet mais aussi \u00e0 partir desdites ressources vers le site, qu\u2019il s&rsquo;agisse de liens \u00e9tablis avec les sites des entit\u00e9s de l\u2019\u00c9cole Nationale Sup\u00e9rieure d\u2019Arts de Paris-Cergy\u00a0ou de sites de tous autres tiers.<\/p>\n<p>Ces diff\u00e9rents liens ne sauraient \u00eatre consid\u00e9r\u00e9s notamment comme constituant une offre de services ou de produits, ou une recommandation, un conseil, ou une sollicitation commerciale de quelque nature quelle qu\u2019elle soit.<\/p>\n<p>L\u2019\u00c9cole Nationale Sup\u00e9rieure d\u2019Arts de Paris-Cergy\u00a0d\u00e9cline toute responsabilit\u00e9 concernant le contenu et l\u2019utilisation qui serait faite par tout tiers des informations figurant sur tous autres sites.<\/p>\n<p>De m\u00eame, l\u2019\u00c9cole Nationale Sup\u00e9rieure d\u2018Arts de Paris-Cergy\u00a0d\u00e9cline toute responsabilit\u00e9 concernant les cons\u00e9quences li\u00e9es aux d\u00e9faillances techniques en relation avec ces liens.[\/vc_column_text][\/vc_column][\/vc_row][vc_row][vc_column][vc_empty_space height=\u00a0\u00bb60px\u00a0\u00bb][\/vc_column][\/vc_row]<\/p>\n<\/div>","protected":false},"excerpt":{"rendered":"<p>[vc_row][vc_column][vc_column_text]L\u2019\u00c9cole Nationale Sup\u00e9rieure d\u2019Arts de Paris-Cergy est devenue EPA le 1er janvier 2003 par le d\u00e9cret n\u00b02002-1515 du 23 d\u00e9cembre 2002, transformant l\u2019\u00e9cole en \u00e9tablissement public national et portant statut de cet \u00e9tablissement. L\u2019\u00c9cole Nationale Sup\u00e9rieure d\u2019Arts de Paris-Cergy (ENSAPC) a la vocation de former les acteurs de la sc\u00e8ne artistique contemporaine. L\u2019\u00e9cole est un&#8230;  <a class=\"excerpt-read-more\" href=\"https:\/\/www.ensapc.fr\/fr\/mentions-legales\/\" title=\"Read Mentions l\u00e9gales\">Lire la suite &raquo;<\/a><\/p>\n","protected":false},"author":1,"featured_media":0,"parent":0,"menu_order":293,"comment_status":"closed","ping_status":"closed","template":"","meta":{"footnotes":""},"class_list":["post-78","page","type-page","status-publish","hentry"],"_links":{"self":[{"href":"https:\/\/www.ensapc.fr\/fr\/wp-json\/wp\/v2\/pages\/78","targetHints":{"allow":["GET"]}}],"collection":[{"href":"https:\/\/www.ensapc.fr\/fr\/wp-json\/wp\/v2\/pages"}],"about":[{"href":"https:\/\/www.ensapc.fr\/fr\/wp-json\/wp\/v2\/types\/page"}],"author":[{"embeddable":true,"href":"https:\/\/www.ensapc.fr\/fr\/wp-json\/wp\/v2\/users\/1"}],"replies":[{"embeddable":true,"href":"https:\/\/www.ensapc.fr\/fr\/wp-json\/wp\/v2\/comments?post=78"}],"version-history":[{"count":5,"href":"https:\/\/www.ensapc.fr\/fr\/wp-json\/wp\/v2\/pages\/78\/revisions"}],"predecessor-version":[{"id":9569,"href":"https:\/\/www.ensapc.fr\/fr\/wp-json\/wp\/v2\/pages\/78\/revisions\/9569"}],"wp:attachment":[{"href":"https:\/\/www.ensapc.fr\/fr\/wp-json\/wp\/v2\/media?parent=78"}],"curies":[{"name":"wp","href":"https:\/\/api.w.org\/{rel}","templated":true}]}}