{"id":8389,"date":"2021-04-01T18:13:29","date_gmt":"2021-04-01T16:13:29","guid":{"rendered":"https:\/\/www.ensapc.fr\/?page_id=8389"},"modified":"2025-10-30T10:26:49","modified_gmt":"2025-10-30T09:26:49","slug":"cellule-decoute","status":"publish","type":"page","link":"https:\/\/www.ensapc.fr\/fr\/ecole\/cellule-decoute\/","title":{"rendered":"CELLULE D&rsquo;\u00c9COUTE"},"content":{"rendered":"<div class=\"wpb-content-wrapper\"><p>[vc_row css=\u00a0\u00bb.vc_custom_1680618624734{padding-top: 30px !important;padding-right: 20px !important;padding-left: 20px !important;}\u00a0\u00bb][vc_column][vc_column_text css=\u00a0\u00bb\u00a0\u00bb]<\/p>\n<p class=\"p1\"><strong>Le p\u00e9rim\u00e8tre : <\/strong><\/p>\n<p class=\"p1\">La nature des sujets dont peut \u00eatre saisie la cellule est indiqu\u00e9e \u00e0 la page 314 du livret \u00e9tudiant 2020-2021 \u2013 Chapitre \u00ab Charte Ethique pour la diversit\u00e9 et l\u2019\u00e9galit\u00e9 entre les femmes et les hommes \u00bb. Par cette charte l\u2019ENSAPC entend affirmer son attachement \u00e0 la lutte contre les formes de discrimination d\u00e9finies par la loi susceptibles de porter atteinte \u00e0 la diversit\u00e9 et \u00e0 l\u2019\u00e9galit\u00e9. Les crit\u00e8res l\u00e9gaux de la charte sont :<\/p>\n<p class=\"p1\">&#8211; L\u2019\u00e2ge<br \/>\n&#8211; Le sexe<br \/>\n&#8211; L\u2019origine<br \/>\n&#8211; L\u2019appartenance ou non appartenance, vraie ou suppos\u00e9e \u00e0 : une ethnie, une nation, une pr\u00e9tendue race<br \/>\n&#8211; La grossesse<br \/>\n&#8211; L\u2019\u00e9tat de sant\u00e9<br \/>\n&#8211; Le handicap<br \/>\n&#8211; Les caract\u00e9ristiques g\u00e9n\u00e9tiques<br \/>\n&#8211; L\u2019orientation sexuelle<br \/>\n&#8211; L\u2019identit\u00e9 de genre<br \/>\n&#8211; Les opinions politiques<br \/>\n&#8211; Les activit\u00e9s syndicales<br \/>\n&#8211; Les opinions philosophiques<br \/>\n&#8211; Les croyantes ou appartenances ou non appartenance, vraie ou suppos\u00e9e, \u00e0 une religion d\u00e9termin\u00e9e<br \/>\n&#8211; La situation de famille<br \/>\n&#8211; L\u2019apparence physique<br \/>\n&#8211; Le patronyme<br \/>\n&#8211; Les m\u0153urs<br \/>\n&#8211; Le lieu de r\u00e9sidence<br \/>\n&#8211; La perte d\u2019autonomie<br \/>\n&#8211; La particuli\u00e8re vuln\u00e9rabilit\u00e9 r\u00e9sultant de la situation \u00e9conomique<br \/>\n&#8211; La capacit\u00e9 \u00e0 s\u2019exprimer dans une langue autre que le fran\u00e7ais<br \/>\n&#8211; La domiciliation bancaire<\/p>\n<p class=\"p1\">Toute demande qui n\u2019est pas en lien avec ces sujets ne sera pas examin\u00e9e par la cellule interne.<\/p>\n<p>&nbsp;<\/p>\n<p class=\"p1\"><strong>Le process de saisine de la cellule : <\/strong><\/p>\n<p class=\"p1\">Tout agent\u00b7e , enseignant\u00b7e, \u00e9tudiant\u00b7e ou tiers prestataire intervenant \u00e0 l\u2019ENSAPC peut saisir la cellule si elle.il se consid\u00e8re victime ou est t\u00e9moin d\u2019un acte, d\u2019une situation de fait portant atteinte \u00e0 ces crit\u00e8res ;<\/p>\n<p class=\"p1\">Cette personne peut saisir directement la cellule par mail : <a href=\"mailto:cellule.ecoute@ensapc.fr\" target=\"_blank\" rel=\"noopener\">cellule.ecoute@ensapc.fr<\/a> afin de faire part de sa situation, de ses observations ou de son t\u00e9moignage ou bien saisir directement un ou deux membres de la cellule de pr\u00e9f\u00e9rence par mail \u00e9galement ;<\/p>\n<p class=\"p1\">Le membre de la cellule contact\u00e9 demande \u00e0 la personne l\u2019ayant saisi s\u2019il ou elle donne son accord en vue d\u2019informer les autres membres de la cellule. Si la personne ne souhaite pas qu\u2019un ou plusieurs membres de la cellule soient inform\u00e9s de la saisine, sa demande est respect\u00e9e ;<\/p>\n<p class=\"p1\">Si le probl\u00e8me soulev\u00e9 ou la demande rel\u00e8ve bien du p\u00e9rim\u00e8tre de la cellule, cette personne sera entendue par deux membres de la cellule au minimum ;<\/p>\n<p class=\"p1\">La personne victime ou t\u00e9moin peut d\u00e9signer les membres de la cellule qui recueilleront son t\u00e9moignage. S\u2019il\u00b7elle ne le souhaite pas, la cellule d\u00e9signera les membres qui auditionneront cette personne en fonction de la nature de la discrimination pr\u00e9sum\u00e9e et des disponibilit\u00e9s des membres ;<\/p>\n<p>&nbsp;<\/p>\n<p class=\"p1\"><strong>Les membres de la cellule :<\/strong><\/p>\n<p class=\"p1\" style=\"text-align: left;\">Clarisse AWEY<\/p>\n<p>Charlotte CHARBONNEL<\/p>\n<p style=\"text-align: left;\">Jagna CIUCHTA<\/p>\n<p class=\"p1\" style=\"text-align: left;\">Camille KINGU\u00c9<\/p>\n<p style=\"text-align: left;\">Corinne LE NE\u00dcN<\/p>\n<p style=\"text-align: left;\">Chlo\u00e9 NICOLAS<\/p>\n<p>&nbsp;<\/p>\n<p>&nbsp;<\/p>\n<p class=\"p1\">Le process d\u2019examen des demandes et du traitement de celles-ci est r\u00e9gi par un r\u00e8glement interne \u00e0 la cellule.<\/p>\n<p>[\/vc_column_text][\/vc_column][\/vc_row]<\/p>\n<\/div>","protected":false},"excerpt":{"rendered":"<p>[vc_row css=\u00a0\u00bb.vc_custom_1680618624734{padding-top: 30px !important;padding-right: 20px !important;padding-left: 20px !important;}\u00a0\u00bb][vc_column][vc_column_text css=\u00a0\u00bb\u00a0\u00bb] Le p\u00e9rim\u00e8tre : La nature des sujets dont peut \u00eatre saisie la cellule est indiqu\u00e9e \u00e0 la page 314 du livret \u00e9tudiant 2020-2021 \u2013 Chapitre \u00ab Charte Ethique pour la diversit\u00e9 et l\u2019\u00e9galit\u00e9 entre les femmes et les hommes \u00bb. Par cette charte l\u2019ENSAPC entend affirmer&#8230;  <a class=\"excerpt-read-more\" href=\"https:\/\/www.ensapc.fr\/fr\/ecole\/cellule-decoute\/\" title=\"Read CELLULE D&rsquo;\u00c9COUTE\">Lire la suite &raquo;<\/a><\/p>\n","protected":false},"author":1,"featured_media":0,"parent":6,"menu_order":240,"comment_status":"closed","ping_status":"closed","template":"","meta":{"footnotes":""},"class_list":["post-8389","page","type-page","status-publish","hentry"],"_links":{"self":[{"href":"https:\/\/www.ensapc.fr\/fr\/wp-json\/wp\/v2\/pages\/8389","targetHints":{"allow":["GET"]}}],"collection":[{"href":"https:\/\/www.ensapc.fr\/fr\/wp-json\/wp\/v2\/pages"}],"about":[{"href":"https:\/\/www.ensapc.fr\/fr\/wp-json\/wp\/v2\/types\/page"}],"author":[{"embeddable":true,"href":"https:\/\/www.ensapc.fr\/fr\/wp-json\/wp\/v2\/users\/1"}],"replies":[{"embeddable":true,"href":"https:\/\/www.ensapc.fr\/fr\/wp-json\/wp\/v2\/comments?post=8389"}],"version-history":[{"count":9,"href":"https:\/\/www.ensapc.fr\/fr\/wp-json\/wp\/v2\/pages\/8389\/revisions"}],"predecessor-version":[{"id":14337,"href":"https:\/\/www.ensapc.fr\/fr\/wp-json\/wp\/v2\/pages\/8389\/revisions\/14337"}],"up":[{"embeddable":true,"href":"https:\/\/www.ensapc.fr\/fr\/wp-json\/wp\/v2\/pages\/6"}],"wp:attachment":[{"href":"https:\/\/www.ensapc.fr\/fr\/wp-json\/wp\/v2\/media?parent=8389"}],"curies":[{"name":"wp","href":"https:\/\/api.w.org\/{rel}","templated":true}]}}