{"id":8604,"date":"2021-06-08T16:47:04","date_gmt":"2021-06-08T14:47:04","guid":{"rendered":"https:\/\/www.ensapc.fr\/?page_id=8604"},"modified":"2021-06-08T16:47:04","modified_gmt":"2021-06-08T14:47:04","slug":"claudia-triozzi-pour-une-these-vivante","status":"publish","type":"page","link":"https:\/\/www.ensapc.fr\/fr\/ygrec\/archives\/2021-2\/claudia-triozzi-pour-une-these-vivante\/","title":{"rendered":"CLAUDIA TRIOZZI &#8211; POUR UNE TH\u00c8SE VIVANTE"},"content":{"rendered":"<div class=\"wpb-content-wrapper\"><p>[vc_row css=\u00a0\u00bb.vc_custom_1621927384078{padding-top: 20px !important;padding-left: 30px !important;}\u00a0\u00bb][vc_column][vc_images_carousel images=\u00a0\u00bb8571,8552,8554,8573,8579&Prime; img_size=\u00a0\u00bblarge\u00a0\u00bb autoplay=\u00a0\u00bbyes\u00a0\u00bb hide_pagination_control=\u00a0\u00bbyes\u00a0\u00bb hide_prev_next_buttons=\u00a0\u00bbyes\u00a0\u00bb wrap=\u00a0\u00bbyes\u00a0\u00bb css=\u00a0\u00bb.vc_custom_1622147932549{padding-left: 30px !important;}\u00a0\u00bb][\/vc_column][\/vc_row][vc_row][vc_column][vc_column_text]<\/p>\n<h3><em>Pour une th\u00e8se vivante<\/em><\/h3>\n<h3><strong>Claudia Triozzi<\/strong><\/h3>\n<p>&nbsp;<\/p>\n<p><strong>Exposition ouverte du 19\u00a0mai au 03 juin\u00a02021<\/strong><br \/>\n<strong>Claudia Triozzi sera in situ du mercredi au samedi de 13h \u00e0 18h \u00e0 Ygrec-ENSAPC.<\/strong><\/p>\n<p><strong>Dans le cadre de cette exposition,\u00a0Claudia Triozzi invite\u00a0Sabine Macher (artiste &#8211; \u00e9crivaine) le 22 mai de 16 h \u00e0 18h,\u00a0\u00a0Arnaud\u00a0Labelle-Rojoux (artiste) le 27 mai de 18h \u00e0 20h\u00a0et\u00a0Cl\u00e9ment Diri\u00e9 (historien et critique d&rsquo;art) le 28 mai de 18h \u00e0 20h pour des \u00e9changes autour de \u00ab\u00a0Pour une th\u00e8se vivante\u00a0\u00bb.<\/strong>[\/vc_column_text][vc_separator][vc_column_text]Le centre d\u2019art Ygrec accueille Claudia Triozzi, artiste et enseignante a\u0300 l\u2019ENSAPC, du 15 mai au 03 juin 2021 dans un dispositif en constante e\u0301volution. Au sein du projet qu\u2019elle me\u0300ne depuis 2011, \u00abPour une the\u0300se vivante \u00bb, elle met en \u0153uvre une recherche incarne\u0301e dans \u00ab le faire \u00bb. Questionnant l\u2019acte performatif, l\u2019histoire de la pratique et la performance entendue au sens large en tant qu\u2019exercice d\u2019une activite\u0301 donne\u0301e au sein d\u2019un corps social ou d\u2019un me\u0301tier, \u00ab Pour une the\u0300se vivante \u00bb tente de de\u0301passer l\u2019opposition binaire e\u0301criture\/cre\u0301ation plastique, recherche\/repre\u0301sentation. L\u2019espace d\u2019exposition se transforme en lieu de recherche expe\u0301rimentale, vers l\u2019e\u0301criture du geste. Diffe\u0301rentes rencontres et e\u0301ve\u0300nements seront organise\u0301s a\u0300 Ygrec-ENSAPC pendant la dure\u0301e du projet.<\/p>\n<p><em>\u00ab\u00a0Ce moment de r\u00e9sidence au centre d\u2019art YGREC-ENSAPC est une \u00e9laboration cr\u00e9ative de ce qui est depuis le d\u00e9but\u00a0: un acte de partage d\u00e9pla\u00e7ant le champ des savoir-faire. Des moments d\u2019\u00e9changes et de mise en commun des mat\u00e9riaux seront organis\u00e9s pour revisiter, avec des participants, des fragments de ce travail.\u00a0\u00bb<\/em>[\/vc_column_text][vc_separator][vc_column_text]<em>\u00ab\u00a0Initie\u0301 en 2011, POUR UNE THE\u0300SE VIVANTE est un projet qui, dans mon \u0153uvre, te\u0301moigne d\u2019une part de mes re\u0301flexions sur l\u2019ide\u0301e d\u2019un art en tant qu\u2019artisanat, en somme un ensemble de savoirs de\u0301ja\u0300 e\u0301tablis et d\u2019autre part, un art toujours en mouvement qui nai\u0302t dans l\u2019acte me\u0302me de ma pratique.<\/em><\/p>\n<div class=\"page\" title=\"Page 2\">\n<div class=\"layoutArea\">\n<div class=\"column\">\n<p><em>Ce projet recouvre diffe\u0301rents questionnements sur ma propre pratique comprenant : l\u2019acte de performer, l\u2019histoire de la pratique elle-me\u0302me et enfin la performance, entendue au sens large de tout corps exerc\u0327ant une activite\u0301 donne\u0301e : au sens ou\u0300 l\u2019on retrouve la question du corps social, du me\u0301tier.<\/em><\/p>\n<p><em>Le premier manifeste de cette re\u0301flexion, que je conside\u0300re comme acte fondateur, a e\u0301te\u0301 cre\u0301e\u0301 en re\u0301action aux Accords de Bologne obligeant les E\u0301coles d\u2019art a\u0300 e\u0301tablir des partenariats avec des e\u0301quipes de recherche d\u2019e\u0301tablissements d\u2019enseignement supe\u0301rieur et principalement avec l\u2019Universite\u0301.<\/em><\/p>\n<p><em>\u00ab Pour une the\u0300se vivante \u00bb tente d\u2019e\u0301tablir un lien fort entre e\u0301criture, recherche et pratique artistique. Afin de de\u0301passer l\u2019opposition binaire e\u0301criture\/cre\u0301ation plastique, recherche\/repre\u0301sentation, la the\u0300se vivante met en exergue les difficulte\u0301s que peut rencontrer l\u2019artiste a\u0300 trouver un positionnement clair dans cette e\u0301quation complexe.<\/em><\/p>\n<div class=\"page\" title=\"Page 3\">\n<div class=\"layoutArea\">\n<div class=\"column\">\n<p><strong><em>E\u0302tre in situ pour avancer l\u2019acte de l\u2019e\u0301criture<\/em><\/strong><\/p>\n<p><em>\u00ab Pour une the\u0300se vivante \u00bb, est un projet auquel j\u2019ai donne\u0301 diverses formes sce\u0301niques et qui a <\/em><em>e\u0301te\u0301 programme\u0301 dans des the\u0301a\u0302tres, des muse\u0301es mais e\u0301galement dans de lieux de recherche et d\u2019enseignement. Il est ne\u0301 dans le cadre de ma pratique pe\u0301dagogique et veut se poser en partage dans le centre d\u2019art qui porte le nom d\u2019une e\u0301cole. Ma pre\u0301sence a\u0300 Ygrec-ENSAPC est l\u2019occasion de poursuivre le geste d\u2019e\u0301criture et de le rendre public par l\u2019e\u0301dition et l\u2019impression d\u2019extraits.<\/em><\/p>\n<p><em>Trois axes portent le travail de \u00ab Pour une the\u0300se vivante \u00bb. Je peux aussi dire trois intentions, trois directions, trois adresses.<\/em><\/p>\n<p><em>&#8211; Je ne ce\u0300de pas au geste de la cre\u0301ation, le porter me\u0302me dans ce qui apparai\u0302t et le contrarier dans ce regard re\u0301trospectif envers sa vie. Le geste, lui, reste cre\u0301atif.<\/em><\/p>\n<p><em>&#8211; J\u2019adresse ce geste de l\u2019e\u0301criture aux e\u0301coles. Je pourrais dire (expliciter) ceci de la me\u0302me fac\u0327on en parlant du me\u0301moire que j\u2019accompagne dans le champ de l\u2019enseignement.<\/em><\/p>\n<p><em>-Je ne rebrousse pas chemin. Dans sa premie\u0300re pre\u0301sentation en 2011, \u00ab Pour une the\u0300se vivante <\/em><em>\u00bb, nommait la place de la recherche, propre a\u0300 chaque expression. Un the\u0301a\u0302tre allait donc porter, supporter l\u2019e\u0301criture, expliciter indirectement mes tournures d\u2019esprit, mes cogitations, mes boutades. Aujourd\u2019hui, ce de\u0301sir d\u2019e\u0301criture est et veut, avant toute chose, se donner la possibilite\u0301 de dire ce qui a eu lieu dans ce temps et est motive\u0301 a\u0300 faire de me\u0302me de ses propres actes. Ne pas renoncer au geste de la cre\u0301ation.<\/em><\/p>\n<p><em>Mes intentions restent les me\u0302mes mais l\u2019acte a change\u0301. J\u2019ai toujours pense\u0301 que les grands obstacles avaient en eux les de\u0301sirs les plus profonds. Ici continuer l\u2019acte d\u2019e\u0301criture et de cre\u0301er. Ma pre\u0301sence au centre d\u2019art Ygrec-ENSAPC sera l\u2019occasion de poursuivre cette e\u0301criture et de la rendre publique par la pre\u0301sentation d\u2019e\u0301le\u0301ments de recherche.<\/em><\/p>\n<p><em>Mais comment savoir sans le faire ?<\/em><\/p>\n<p><em>Passer a\u0300 l\u2019e\u0301criture me permet de faire apparaitre en premier lieu quels ont e\u0301te\u0301 mes engagements dans ce projet, la substance, la matie\u0300re, le temps qu\u2019il a fallu pour y parvenir. L\u2019occasion de continuer a\u0300 enque\u0302ter sur les relations entre les e\u0301le\u0301ments mis en jeux dans les diffe\u0301rentes repre\u0301sentations<\/em><br \/>\n<em>et d\u2019envisager plusieurs fictions possibles. Je conc\u0327ois ce passage a\u0300 l\u2019e\u0301criture comme un acte d\u2019e\u0301mancipation qui sait ce qui se joue.<\/em><\/p>\n<p><em>Ce moment de re\u0301sidence au centre d\u2019art Ygrec-ENSAPC est une e\u0301laboration cre\u0301ative de ce qui est depuis le de\u0301but : un acte de partage de\u0301plac\u0327ant le champ des savoir-faire. Des moments d\u2019e\u0301changes et de mise en commun des mate\u0301riaux seront organise\u0301s pour revisiter, avec des participants, des fragments de ce travail.<\/em><\/p>\n<p><em>C\u2019est donc, j\u2019oserai dire, une invitation qui encore une fois, me demande un positionnement personnel, riche de contrarie\u0301te\u0301s : e\u0301crire, s\u2019exposer, performer. Partager des e\u0301le\u0301ments qui se cherchent est un acte complique\u0301, voir presque, impudique pour moi. C\u2019est le respect et le sens de ce qui a fait nai\u0302tre \u00ab Pour une the\u0300se vivante \u00bb qui m\u2019a amene\u0301 a\u0300 le faire : une mise en commun de l\u2019expe\u0301rience.\u00a0\u00bb<\/em><\/p>\n<p>Claudia Triozzi (2021)<\/p>\n<\/div>\n<div class=\"page\" title=\"Page 4\">\n<div class=\"layoutArea\">\n<div class=\"column\">\n<p>&nbsp;<\/p>\n<\/div>\n<\/div>\n<\/div>\n<\/div>\n<\/div>\n<\/div>\n<\/div>\n<\/div>\n<p>[\/vc_column_text][\/vc_column][vc_column][vc_column_text]<strong>Claudia Triozzi<\/strong><\/p>\n<p>Son travail se d\u00e9veloppe aussi bien sur sc\u00e8ne qu\u2019au travers de vid\u00e9os ou installations, expos\u00e9es\u00a0dans les mus\u00e9es ou des galeries. Elle pr\u00e9sente ses spectacles sur la sc\u00e8ne europ\u00e9enne ainsi qu\u2019aux\u00a0\u00c9tats-Unis, en Cor\u00e9e, au Japon o\u00f9 elle a b\u00e9n\u00e9fici\u00e9 de la bourse AFAA, Villa Kujoyama, hors les murs,\u00a02004.\u00a0Elle d\u00e9veloppe une p\u00e9dagogie li\u00e9e \u00e0 son propre travail en intervenant dans diff\u00e9rentes \u00e9coles\u00a0d\u2019art en France et \u00e0 l\u2019\u00e9tranger. En 2011, elle re\u00e7oit la bourse d\u2019aide \u00e0 la recherche et au patrimoine en\u00a0danse mise en place par le CND (Pantin) et une bourse de recherche \u00e0 l\u2019Akademie Schloss Solitude \u00e0\u00a0Stuttgart.<br \/>\nClaudia TRIOZZI est artiste associ\u00e9e au Centre national de danse contemporaine d\u2019Angers\u00a0de 2011 \u00e0 2013 puis au CDN Th\u00e9\u00e2tre de Gennevilliers de 2013 \u00e0 2015 et \u00e0 la M\u00e9nagerie de Verre en\u00a02014. Claudia TRIOZZI est accueillie au CDN sur la saison 2016\/2017 en Laboratoire. En 2019, elle\u00a0r\u00e9alise une r\u00e9sidence aux Laboratoires d\u2019Aubervilliers et pr\u00e9sente lors du Festival d\u2019Automne Pour une\u00a0Th\u00e8se Vivante, Claudia regarde la Danse, un CCN en terre et en paille.<\/p>\n<p><strong>Productions<\/strong><\/p>\n<p>Pour une Th\u00e8se Vivante (vers son geste) Festival d\u2019Automne Paris et Les Laboratoires d\u2019Aubervilliers\u00a0(2019), Habiter pour cr\u00e9er La Gare Saint Sauveur \u00e0 Lille pour les 40 ans du Centre Pompidou, Claudia\u00a0regarde la Danse (2018), Un CCN en terre et en paille (Pour une Th\u00e8se Vivante n\u00b0 5 &#8211; 2017), Accent\u00a02017, Festival d\u2019Avignon, Comparses Mus\u00e9e du Louvre FIAC (Pour une Th\u00e8se Vivante n\u00b04 &#8211; 2015),\u00a0Boomerang ou le retour \u00e0 soi (2013), Avanti Tutta (Pour une Th\u00e8se Vivante n\u00b03 &#8211; 2014), Tordre\u00a0(2012), Pour une Th\u00e8se Vivante (2011), Id\u00e9al (2011), Ni vu ni connu (2010), La Prime (2008), Up to\u00a0date (2007), Fais une halte chez Antonella (2006), Strip-tease (2006), La Baronne et son tourment\u00a0(2006), Opera\u2019s Shadows (2005), Stand (2004), The Family Tree (2002), Dolled Up (2000), Bal\u00a0Tango (1999), Park (1998), Gallina Dark (1996), Les Citrons (1992), La Vague (1991).[\/vc_column_text][\/vc_column][\/vc_row]<\/p>\n<\/div>","protected":false},"excerpt":{"rendered":"<p>[vc_row css=\u00a0\u00bb.vc_custom_1621927384078{padding-top: 20px !important;padding-left: 30px !important;}\u00a0\u00bb][vc_column][vc_images_carousel images=\u00a0\u00bb8571,8552,8554,8573,8579&Prime; img_size=\u00a0\u00bblarge\u00a0\u00bb autoplay=\u00a0\u00bbyes\u00a0\u00bb hide_pagination_control=\u00a0\u00bbyes\u00a0\u00bb hide_prev_next_buttons=\u00a0\u00bbyes\u00a0\u00bb wrap=\u00a0\u00bbyes\u00a0\u00bb css=\u00a0\u00bb.vc_custom_1622147932549{padding-left: 30px !important;}\u00a0\u00bb][\/vc_column][\/vc_row][vc_row][vc_column][vc_column_text] Pour une th\u00e8se vivante Claudia Triozzi &nbsp; Exposition ouverte du 19\u00a0mai au 03 juin\u00a02021 Claudia Triozzi sera in situ du mercredi au samedi de 13h \u00e0 18h \u00e0 Ygrec-ENSAPC. Dans le cadre de cette exposition,\u00a0Claudia Triozzi invite\u00a0Sabine Macher (artiste &#8211;&#8230;  <a class=\"excerpt-read-more\" href=\"https:\/\/www.ensapc.fr\/fr\/ygrec\/archives\/2021-2\/claudia-triozzi-pour-une-these-vivante\/\" title=\"Read CLAUDIA TRIOZZI &#8211; POUR UNE TH\u00c8SE VIVANTE\">Lire la suite &raquo;<\/a><\/p>\n","protected":false},"author":1,"featured_media":0,"parent":7855,"menu_order":387,"comment_status":"closed","ping_status":"closed","template":"","meta":{"footnotes":""},"class_list":["post-8604","page","type-page","status-publish","hentry"],"_links":{"self":[{"href":"https:\/\/www.ensapc.fr\/fr\/wp-json\/wp\/v2\/pages\/8604","targetHints":{"allow":["GET"]}}],"collection":[{"href":"https:\/\/www.ensapc.fr\/fr\/wp-json\/wp\/v2\/pages"}],"about":[{"href":"https:\/\/www.ensapc.fr\/fr\/wp-json\/wp\/v2\/types\/page"}],"author":[{"embeddable":true,"href":"https:\/\/www.ensapc.fr\/fr\/wp-json\/wp\/v2\/users\/1"}],"replies":[{"embeddable":true,"href":"https:\/\/www.ensapc.fr\/fr\/wp-json\/wp\/v2\/comments?post=8604"}],"version-history":[{"count":1,"href":"https:\/\/www.ensapc.fr\/fr\/wp-json\/wp\/v2\/pages\/8604\/revisions"}],"predecessor-version":[{"id":8615,"href":"https:\/\/www.ensapc.fr\/fr\/wp-json\/wp\/v2\/pages\/8604\/revisions\/8615"}],"up":[{"embeddable":true,"href":"https:\/\/www.ensapc.fr\/fr\/wp-json\/wp\/v2\/pages\/7855"}],"wp:attachment":[{"href":"https:\/\/www.ensapc.fr\/fr\/wp-json\/wp\/v2\/media?parent=8604"}],"curies":[{"name":"wp","href":"https:\/\/api.w.org\/{rel}","templated":true}]}}