{"id":9051,"date":"2021-09-14T15:47:28","date_gmt":"2021-09-14T13:47:28","guid":{"rendered":"https:\/\/www.ensapc.fr\/?page_id=9051"},"modified":"2021-09-14T15:51:30","modified_gmt":"2021-09-14T13:51:30","slug":"arts-et-humanites-3","status":"publish","type":"page","link":"https:\/\/www.ensapc.fr\/fr\/ygrec\/archives\/2021-2\/arts-et-humanites-3\/","title":{"rendered":"ARTS ET HUMANIT\u00c9S #3"},"content":{"rendered":"<div class=\"wpb-content-wrapper\"><p>[vc_row css=\u00a0\u00bb.vc_custom_1631627486449{padding-top: 20px !important;padding-left: 50px !important;}\u00a0\u00bb][vc_column][vc_images_carousel images=\u00a0\u00bb9071,9069,9067,9065,9063,9061,9052,9056,9054&Prime; img_size=\u00a0\u00bblarge\u00a0\u00bb autoplay=\u00a0\u00bbyes\u00a0\u00bb hide_pagination_control=\u00a0\u00bbyes\u00a0\u00bb hide_prev_next_buttons=\u00a0\u00bbyes\u00a0\u00bb wrap=\u00a0\u00bbyes\u00a0\u00bb][\/vc_column][\/vc_row][vc_row][vc_column][vc_column_text]L\u2019ENSAPC est partenaire de la 3e \u00e9dition du temps fort \u00ab Arts et Humanit\u00e9s \u00bb organis\u00e9 par Points Communs \u2013 Nouvelle Sc\u00e8ne Nationale de Cergy-Pontoise du 11 mars au 1er avril 2021. \u00c9v\u00e9nement phare de la programmation, Arts &amp; Humanit\u00e9s invite chaque ann\u00e9e des artistes internationaux \u00e0 pr\u00e9senter des \u0153uvres incitant publics et habitants \u00e0 croiser leurs regards et \u00e0 \u00e9prouver la r\u00e9alit\u00e9 du monde.<\/p>\n<p>Suite \u00e0 un appel \u00e0 candidatures,\u00a0Dylan Altamiranda, Lise Bolikowski, Maximilien Curtis, Wonwoo Kim, Manon Laurent et Rudy Levasseur,\u00a0\u00e9tudiant\u00b7e\u00b7s de l\u2019ENSAPC ont \u00e9t\u00e9 s\u00e9lectionn\u00e9\u00b7e\u00b7s pour prendre part \u00e0 la programmation.\u00a0Accompagn\u00e9\u00b7e\u00b7s par le chor\u00e9graphe et danseur br\u00e9silien Volmir Cordeiro, il\u00b7elle\u00b7s pr\u00e9senteront des performances et des installations\u00a0\u00e0 d\u00e9couvrir d\u00e8s la r\u00e9ouverture au public.<\/p>\n<p>&nbsp;<\/p>\n<p><strong>Dylan Altamiranda, Accumulation, installation<\/strong><br \/>\n<em>\u00ab\u00a0La montagne des p\u00e9pites d\u2019or en vinyl.\u00a0\u00bb &#8211; Volmir Cordeiro<\/em><\/p>\n<p>Inspir\u00e9 par \u00ab Premier voyage autour du globe \u00bb \u00e9crit par le navigateur Antonio Pigafetta et l\u2019anecdote d\u2019un \u00e9quipage \u00e9merveill\u00e9 par \u00ab des p\u00e9pites d\u2019or aussi grosses que des noix \u00bb aux Philippines, Dylan Altamiranda transforme le th\u00e9\u00e2tre en nouvel Eldorado. En reproduisant \u00e0 l\u2019infini un m\u00eame patron d\u2019une noix dor\u00e9e, il interroge une soci\u00e9t\u00e9 obs\u00e9d\u00e9e par l\u2019accumulation de richesses et le besoin de toujours poss\u00e9der plus.<\/p>\n<p><strong><br \/>\nLise Bolikowski, Combien de jours dans le futur, performance et conf\u00e9rence<\/strong><br \/>\n<em>\u00ab\u00a0L\u2019invention d\u2019autres futurs sous la forme de calendriers engag\u00e9s par l\u2019orientation des r\u00eaves\u00a0\u00bb &#8211; Volmir Cordeiro<\/em><\/p>\n<p>Dans le Th\u00e9\u00e2tre 95 plusieurs jours durant, Lise Bolikowski tracera des calendriers \u2013 2021, 2022, 2023, plusieurs si\u00e8cles peut-\u00eatre ? \u2013 offrant, \u00e0 travers les cases, des espaces temporels sur lesquels les visiteurs pourront inscrire leurs r\u00eaves pour les jours futurs. Une \u00e9criture collective pour r\u00eaver l\u2019avenir ensemble!<\/p>\n<p><strong><br \/>\nMaximilien Curtis, Projection et reproduction, toiles et s\u00e9rigraphies<\/strong><br \/>\n<em>\u00ab\u00a0L\u2019embrassade \u00e0 l\u2019ombre des corps qui se nouent sans s\u2019identifier.\u00a0\u00bb &#8211; Volmir Cordeiro<\/em><\/p>\n<p>Silhouettes vertes, s\u2019enla\u00e7ant, s\u2019embrassant, se parcourant\u2026 Maximilien Curtis ose jouer avec l\u2019\u00e9rotisme pour questionner les corps humains dans toute leur diversit\u00e9 &#8211; couleur, taille, corpulence \u2013 et les liens qui se nouent entre eux. Avec ses toiles, il ouvre des espaces vierges dans lesquels d\u00e9ployer notre imaginaire, des silhouettes dont la couleur franche rappelle le fond vert au cin\u00e9ma, n\u00e9cessaire pour y projeter tout type d\u2019images.<\/p>\n<p><strong><br \/>\nManon Laurent, Pattern of Touch, sculpture<\/strong><br \/>\n<em>\u00ab\u00a0Le m\u00e9lange inqui\u00e9tant entre la science, l\u2019organique, la duret\u00e9, la souplesse, le n\u00e9olib\u00e9ralisme et l\u2019avenir de la terre.\u00a0\u00bb &#8211; Volmir Cordeiro<\/em><\/p>\n<p>Une main m\u00e9tallique, articul\u00e9e, de plus d\u2019un m\u00e8tre de diam\u00e8tre enserre une sph\u00e8re en silicone gonfl\u00e9e. Avec\u00a0<em>Pattern of touch<\/em>, Manon Laurent provoque la rencontre entre organique et inorganique et interroge la mani\u00e8re dont les syst\u00e8mes m\u00e9caniques et industriels fa\u00e7onnent le vivant. Un outil scientifique explorant une particule ? Une machine de science-fiction faisant pression sur le globe terrestre ?<\/p>\n<p><strong><br \/>\nRudy Levassor, D\u00e9bandade, sculpture<\/strong><br \/>\n<em>\u00ab\u00a0La critique f\u00e9roce au \u00ab\u00a0capitalisme bandant\u00a0\u00bb du patriarcat l\u00e9tal et frigide.\u00a0\u00bb &#8211; Volmir Cordeiro<\/em><\/p>\n<p>Des fusils mous, roses, en silicones aux aguets dans le th\u00e9\u00e2tre\u2026 Avec ses dr\u00f4les de sculptures d\u00e9cal\u00e9es, Rudy Levassor interroge le statut de l\u2019artiste h\u00e9ro\u00efque, sauveur du monde par ses \u0153uvres et sa pens\u00e9e, mais aussi plus largement le rapport \u00e0 la domination masculine et \u00e0 la violence. Avec humour et malice, il d\u00e9sarme et rend impuissant le symbole phallique du fusil et marque l\u2019espoir d\u2019un changement de pens\u00e9e dans notre soci\u00e9t\u00e9\u00a0!<\/p>\n<p><strong><br \/>\nWonwoo Kim, <em>Space<\/em>, performance vid\u00e9o<\/strong><br \/>\n<em>\u00ab\u00a0La vitesse abus\u00e9e des magnifiques photos r\u00e9v\u00e9lant de l\u2019intime, de l\u2019inconnu, des lieux-marges.\u00a0\u00bb &#8211; Volmir Cordeiro<\/em><\/p>\n<p>Avec <em>Space<\/em>, Wonwoo Kim projette 10 ans de photos en 10 sec invitant les visiteurs \u00e0 stopper le flux ultra-rapide du temps d\u00e9filant par une simple pression sur la barre espace d\u2019un clavier. Une \u0153uvre qui interroge le temps qui passe et nous d\u00e9passe, et la n\u00e9cessit\u00e9 de parfois faire pause pour savourer l\u2019intensit\u00e9 d\u2019un instant fig\u00e9 hors du flux du temps.[\/vc_column_text][\/vc_column][\/vc_row]<\/p>\n<\/div>","protected":false},"excerpt":{"rendered":"<p>[vc_row css=\u00a0\u00bb.vc_custom_1631627486449{padding-top: 20px !important;padding-left: 50px !important;}\u00a0\u00bb][vc_column][vc_images_carousel images=\u00a0\u00bb9071,9069,9067,9065,9063,9061,9052,9056,9054&Prime; img_size=\u00a0\u00bblarge\u00a0\u00bb autoplay=\u00a0\u00bbyes\u00a0\u00bb hide_pagination_control=\u00a0\u00bbyes\u00a0\u00bb hide_prev_next_buttons=\u00a0\u00bbyes\u00a0\u00bb wrap=\u00a0\u00bbyes\u00a0\u00bb][\/vc_column][\/vc_row][vc_row][vc_column][vc_column_text]L\u2019ENSAPC est partenaire de la 3e \u00e9dition du temps fort \u00ab Arts et Humanit\u00e9s \u00bb organis\u00e9 par Points Communs \u2013 Nouvelle Sc\u00e8ne Nationale de Cergy-Pontoise du 11 mars au 1er avril 2021. \u00c9v\u00e9nement phare de la programmation, Arts &amp; Humanit\u00e9s invite chaque ann\u00e9e des&#8230;  <a class=\"excerpt-read-more\" href=\"https:\/\/www.ensapc.fr\/fr\/ygrec\/archives\/2021-2\/arts-et-humanites-3\/\" title=\"Read ARTS ET HUMANIT\u00c9S #3\">Lire la suite &raquo;<\/a><\/p>\n","protected":false},"author":1,"featured_media":0,"parent":7855,"menu_order":386,"comment_status":"closed","ping_status":"closed","template":"","meta":{"footnotes":""},"class_list":["post-9051","page","type-page","status-publish","hentry"],"_links":{"self":[{"href":"https:\/\/www.ensapc.fr\/fr\/wp-json\/wp\/v2\/pages\/9051","targetHints":{"allow":["GET"]}}],"collection":[{"href":"https:\/\/www.ensapc.fr\/fr\/wp-json\/wp\/v2\/pages"}],"about":[{"href":"https:\/\/www.ensapc.fr\/fr\/wp-json\/wp\/v2\/types\/page"}],"author":[{"embeddable":true,"href":"https:\/\/www.ensapc.fr\/fr\/wp-json\/wp\/v2\/users\/1"}],"replies":[{"embeddable":true,"href":"https:\/\/www.ensapc.fr\/fr\/wp-json\/wp\/v2\/comments?post=9051"}],"version-history":[{"count":3,"href":"https:\/\/www.ensapc.fr\/fr\/wp-json\/wp\/v2\/pages\/9051\/revisions"}],"predecessor-version":[{"id":9075,"href":"https:\/\/www.ensapc.fr\/fr\/wp-json\/wp\/v2\/pages\/9051\/revisions\/9075"}],"up":[{"embeddable":true,"href":"https:\/\/www.ensapc.fr\/fr\/wp-json\/wp\/v2\/pages\/7855"}],"wp:attachment":[{"href":"https:\/\/www.ensapc.fr\/fr\/wp-json\/wp\/v2\/media?parent=9051"}],"curies":[{"name":"wp","href":"https:\/\/api.w.org\/{rel}","templated":true}]}}