{"id":9096,"date":"2021-09-16T15:33:29","date_gmt":"2021-09-16T13:33:29","guid":{"rendered":"https:\/\/www.ensapc.fr\/?page_id=9096"},"modified":"2021-09-16T15:33:29","modified_gmt":"2021-09-16T13:33:29","slug":"shanta-rao","status":"publish","type":"page","link":"https:\/\/www.ensapc.fr\/fr\/ygrec\/archives\/2021-2\/shanta-rao\/","title":{"rendered":"SHANTA RAO"},"content":{"rendered":"<div class=\"wpb-content-wrapper\"><p>[vc_row][vc_column][vc_single_image image=\u00a0\u00bb8596&Prime; img_size=\u00a0\u00bblarge\u00a0\u00bb add_caption=\u00a0\u00bbyes\u00a0\u00bb alignment=\u00a0\u00bbcenter\u00a0\u00bb][\/vc_column][\/vc_row][vc_row][vc_column][vc_column_text]<\/p>\n<div class=\"page\" title=\"Page 2\">\n<div class=\"layoutArea\">\n<div class=\"column\">\n<h3><em>SHANTA RAO\u00a0<\/em><\/h3>\n<h3><em>VATA\u00a0<\/em><\/h3>\n<\/div>\n<p>&nbsp;<\/p>\n<p>Pour la dixi\u00e8me \u00e9dition de Joy, Shanta Rao d\u00e9ploie un projet intitul\u00e9 <em>VATA,<\/em> issu de ses recherches sur le transformisme de la mati\u00e8re, organique ou inorganique, et plus particuli\u00e8rement de la mati\u00e8re molle \u2013 dite aussi fluide complexe \u2013 au comportement m\u00e9canique ambivalent, entre solide et liquide.<\/p>\n<p>L\u2019intervention de l\u2019artiste con\u00e7ue pour le panneau Joy se poursuivra dans l\u2019une des vitrines de Ygrec-ENSAPC, les deux \u00e9tant situ\u00e9s dans la m\u00eame rue. Un objet multim\u00e9dia sera \u00e9galement accessible via un QRcode.<\/p>\n<\/div>\n<\/div>\n<p>[\/vc_column_text][\/vc_column][\/vc_row]<\/p>\n<\/div>","protected":false},"excerpt":{"rendered":"<p>[vc_row][vc_column][vc_single_image image=\u00a0\u00bb8596&Prime; img_size=\u00a0\u00bblarge\u00a0\u00bb add_caption=\u00a0\u00bbyes\u00a0\u00bb alignment=\u00a0\u00bbcenter\u00a0\u00bb][\/vc_column][\/vc_row][vc_row][vc_column][vc_column_text] SHANTA RAO\u00a0 VATA\u00a0 &nbsp; Pour la dixi\u00e8me \u00e9dition de Joy, Shanta Rao d\u00e9ploie un projet intitul\u00e9 VATA, issu de ses recherches sur le transformisme de la mati\u00e8re, organique ou inorganique, et plus particuli\u00e8rement de la mati\u00e8re molle \u2013 dite aussi fluide complexe \u2013 au comportement m\u00e9canique ambivalent, entre solide et&#8230;  <a class=\"excerpt-read-more\" href=\"https:\/\/www.ensapc.fr\/fr\/ygrec\/archives\/2021-2\/shanta-rao\/\" title=\"Read SHANTA RAO\">Lire la suite &raquo;<\/a><\/p>\n","protected":false},"author":1,"featured_media":0,"parent":7855,"menu_order":396,"comment_status":"closed","ping_status":"closed","template":"","meta":{"footnotes":""},"class_list":["post-9096","page","type-page","status-publish","hentry"],"_links":{"self":[{"href":"https:\/\/www.ensapc.fr\/fr\/wp-json\/wp\/v2\/pages\/9096","targetHints":{"allow":["GET"]}}],"collection":[{"href":"https:\/\/www.ensapc.fr\/fr\/wp-json\/wp\/v2\/pages"}],"about":[{"href":"https:\/\/www.ensapc.fr\/fr\/wp-json\/wp\/v2\/types\/page"}],"author":[{"embeddable":true,"href":"https:\/\/www.ensapc.fr\/fr\/wp-json\/wp\/v2\/users\/1"}],"replies":[{"embeddable":true,"href":"https:\/\/www.ensapc.fr\/fr\/wp-json\/wp\/v2\/comments?post=9096"}],"version-history":[{"count":1,"href":"https:\/\/www.ensapc.fr\/fr\/wp-json\/wp\/v2\/pages\/9096\/revisions"}],"predecessor-version":[{"id":9098,"href":"https:\/\/www.ensapc.fr\/fr\/wp-json\/wp\/v2\/pages\/9096\/revisions\/9098"}],"up":[{"embeddable":true,"href":"https:\/\/www.ensapc.fr\/fr\/wp-json\/wp\/v2\/pages\/7855"}],"wp:attachment":[{"href":"https:\/\/www.ensapc.fr\/fr\/wp-json\/wp\/v2\/media?parent=9096"}],"curies":[{"name":"wp","href":"https:\/\/api.w.org\/{rel}","templated":true}]}}