{"id":91,"date":"2016-09-09T18:02:59","date_gmt":"2016-09-09T16:02:59","guid":{"rendered":"https:\/\/www.ensapc.fr\/fr\/?page_id=91"},"modified":"2025-07-24T15:51:16","modified_gmt":"2025-07-24T13:51:16","slug":"diplome","status":"publish","type":"page","link":"https:\/\/www.ensapc.fr\/fr\/etudier\/diplome\/","title":{"rendered":"Dipl\u00f4mes et VAE"},"content":{"rendered":"<div class=\"wpb-content-wrapper\"><p>[vc_row][vc_column][vc_single_image image=\u00a0\u00bb1191&Prime; img_size=\u00a0\u00bbfull\u00a0\u00bb alignment=\u00a0\u00bbcenter\u00a0\u00bb css_animation=\u00a0\u00bbright-to-left\u00a0\u00bb][\/vc_column][\/vc_row][vc_row el_id=\u00a0\u00bbdna\u00a0\u00bb][vc_column][vc_column_text]<\/p>\n<h3>DIPL\u00d4ME NATIONAL D\u2019ART (DNA)<\/h3>\n<p>Il valide le premier cycle, c\u2019est-\u00e0-dire les trois premi\u00e8res ann\u00e9es du cursus, et vaut grade de licence (bac +3). Il sanctionne le suivi et la rigueur de l\u2019implication dans le cursus artistique. Il mesure la capacit\u00e9 de l\u2019\u00e9tudiant\u00b7e \u00e0 s\u2019engager dans un travail personnel et argument\u00e9. Pour se pr\u00e9senter aux \u00e9preuves du DNA, l\u2019\u00e9tudiant\u00b7e doit avoir obtenu le nombre de cr\u00e9dits requis, soit 165 cr\u00e9dits. Le jury du dipl\u00f4me, nomm\u00e9 par la directrice de l\u2019\u00e9tablissement, est compos\u00e9 de trois membres, dont deux personnalit\u00e9s qualifi\u00e9es ext\u00e9rieures \u00e0 l\u2019\u00e9tablissement et un\u00b7e enseignant\u00b7e de l\u2019\u00e9tablissement.<\/p>\n<p>[\/vc_column_text][\/vc_column][\/vc_row][vc_row el_id=\u00a0\u00bbdnsep\u00a0\u00bb][vc_column][vc_column_text]<\/p>\n<h3>DIPL\u00d4ME NATIONAL SUP\u00c9RIEUR D\u2019EXPRESSION PLASTIQUE (DNSEP)<\/h3>\n<p>Il cl\u00f4t le second cycle. Apr\u00e8s l\u2019obtention du DNA,\u00a0il se pr\u00e9pare pendant deux ans. Ce dipl\u00f4me vaut grade de master (bac +5). Son obtention valide\u00a0la capacit\u00e9 de l\u2019\u00e9tudiant\u00b7e\u00a0 \u00e0 affirmer une pratique artistique singuli\u00e8re et exp\u00e9rimentale, \u00e0 d\u00e9velopper des propositions plastiques et conceptuelles originales et \u00e0 mettre en \u0153uvre des projets de recherche. Il repose \u00e9galement sur la production d\u2019un m\u00e9moire qui, s\u2019appuyant sur les recherches men\u00e9es par l\u2019\u00e9tudiant\u00b7e, mobilise ses connaissances th\u00e9oriques et historiques, ses ressources imaginaires et les outils critiques acquis pendant ses \u00e9tudes. Quelle que soit la forme d\u2019\u00e9criture d\u00e9ploy\u00e9e, il confirme l\u2019autonomie de pens\u00e9e de l\u2019\u00e9tudiant\u00b7e.<\/p>\n<p>Pour se pr\u00e9senter aux \u00e9preuves du DNSEP &#8211; la soutenance d\u2019un m\u00e9moire et la soutenance d\u2019un travail artistique &#8211; l\u2019\u00e9tudiant\u00b7e doit avoir obtenu le nombre de cr\u00e9dits requis, soit 270 cr\u00e9dits. Le jury du dipl\u00f4me, nomm\u00e9 par la directrice de l\u2019\u00e9tablissement, est compos\u00e9 de cinq membres, dont un\u00b7e repr\u00e9sentant\u00b7e de l\u2019\u00e9tablissement choisi\u00b7e parmi les enseignant\u00b7e\u00b7s et quatre personnalit\u00e9s qualifi\u00e9es ext\u00e9rieures \u00e0 l\u2019\u00e9tablissement. L\u2019une de ces personnalit\u00e9s, titulaire d\u2019un dipl\u00f4me de doctorat, est charg\u00e9e de la soutenance du m\u00e9moire avec le repr\u00e9sentant de l\u2019\u00e9tablissement.<\/p>\n<p>[\/vc_column_text][\/vc_column][\/vc_row][vc_row el_id=\u00a0\u00bbvae\u00a0\u00bb][vc_column][vc_column_text css=\u00a0\u00bb\u00a0\u00bb]<\/p>\n<h3><strong>DNSEP PAR VALIDATION DES ACQUIS DE L\u2019EXP\u00c9RIENCE (VAE)<\/strong><\/h3>\n<p>L\u2019ENSAPC d\u00e9livre le DNSEP par validation des acquis de l\u2019exp\u00e9rience. Ce dipl\u00f4me est accessible \u00e0 toute personne engag\u00e9e dans la vie active justifiant d\u2019au moins une ann\u00e9e enti\u00e8re d\u2019exp\u00e9rience professionnelle dans le domaine de la certification vis\u00e9e, que les activit\u00e9s aient \u00e9t\u00e9 exerc\u00e9es de mani\u00e8re continue ou discontinue, \u00e0 temps plein ou \u00e0 temps partiel, en France ou \u00e0 l\u2019\u00e9tranger. Cette voie d\u2019acc\u00e8s \u00e0 une certification professionnelle permet aux candidat\u00b7e\u00b7s de faire reconna\u00eetre leurs acquis, pratiques et th\u00e9oriques, connaissances et comp\u00e9tences en coh\u00e9rence avec le dipl\u00f4me vis\u00e9. Apr\u00e8s d\u00e9p\u00f4t par le\u00b7la candidat\u00b7e d\u2019un dossier de candidature, une commission de recevabilit\u00e9 examine la pertinence de la demande. Si le dossier est recevable, le\u00b7la candidat\u00b7e se pr\u00e9pare aux \u00e9preuves du dipl\u00f4me qui se d\u00e9roule en deux parties, soit d\u2019une part un entretien avec le jury et d\u2019autre part une pr\u00e9sentation de ses travaux ant\u00e9rieurs et d\u2019un travail r\u00e9alis\u00e9 au cours de l\u2019ann\u00e9e pr\u00e9c\u00e9dant la date des \u00e9preuves. Un accompagnement p\u00e9dagogique individualis\u00e9 facultatif sous forme de rendez-vous peut \u00eatre propos\u00e9 tout au long de la pr\u00e9paration et la r\u00e9alisation de ce travail.<\/p>\n<p>Le jury pour l\u2019obtention du DNSEP par la VAE, nomm\u00e9 par la directrice de l\u2019\u00e9tablissement, est compos\u00e9 de cinq membres, dont deux professionnel\u00b7le\u00b7s et une personnalit\u00e9 qualifi\u00e9e dans le domaine de comp\u00e9tences concern\u00e9 et ext\u00e9rieurs \u00e0 l\u2019\u00e9tablissement, et deux enseignant\u00b7e\u00b7s \u2014 un\u00b7e titulaire d\u2019un dipl\u00f4me de doctorat et un\u00b7e practicien\u00b7ne du domaine de comp\u00e9tences concern\u00e9.<\/p>\n<p><a href=\"https:\/\/www.ensapc.fr\/fr\/admissions\/vae\">Plus d&rsquo;informations sur la VAE<\/a>[\/vc_column_text][\/vc_column][\/vc_row][vc_row][vc_column width=\u00a0\u00bb1\/3&Prime;][\/vc_column][vc_column width=\u00a0\u00bb1\/3&Prime;][\/vc_column][\/vc_row]<\/p>\n<\/div>","protected":false},"excerpt":{"rendered":"<p>[vc_row][vc_column][vc_single_image image=\u00a0\u00bb1191&Prime; img_size=\u00a0\u00bbfull\u00a0\u00bb alignment=\u00a0\u00bbcenter\u00a0\u00bb css_animation=\u00a0\u00bbright-to-left\u00a0\u00bb][\/vc_column][\/vc_row][vc_row el_id=\u00a0\u00bbdna\u00a0\u00bb][vc_column][vc_column_text] DIPL\u00d4ME NATIONAL D\u2019ART (DNA) Il valide le premier cycle, c\u2019est-\u00e0-dire les trois premi\u00e8res ann\u00e9es du cursus, et vaut grade de licence (bac +3). Il sanctionne le suivi et la rigueur de l\u2019implication dans le cursus artistique. Il mesure la capacit\u00e9 de l\u2019\u00e9tudiant\u00b7e \u00e0 s\u2019engager dans un travail personnel et&#8230;  <a class=\"excerpt-read-more\" href=\"https:\/\/www.ensapc.fr\/fr\/etudier\/diplome\/\" title=\"Read Dipl\u00f4mes et VAE\">Lire la suite &raquo;<\/a><\/p>\n","protected":false},"author":1,"featured_media":0,"parent":8,"menu_order":247,"comment_status":"closed","ping_status":"closed","template":"","meta":{"footnotes":""},"class_list":["post-91","page","type-page","status-publish","hentry"],"_links":{"self":[{"href":"https:\/\/www.ensapc.fr\/fr\/wp-json\/wp\/v2\/pages\/91","targetHints":{"allow":["GET"]}}],"collection":[{"href":"https:\/\/www.ensapc.fr\/fr\/wp-json\/wp\/v2\/pages"}],"about":[{"href":"https:\/\/www.ensapc.fr\/fr\/wp-json\/wp\/v2\/types\/page"}],"author":[{"embeddable":true,"href":"https:\/\/www.ensapc.fr\/fr\/wp-json\/wp\/v2\/users\/1"}],"replies":[{"embeddable":true,"href":"https:\/\/www.ensapc.fr\/fr\/wp-json\/wp\/v2\/comments?post=91"}],"version-history":[{"count":6,"href":"https:\/\/www.ensapc.fr\/fr\/wp-json\/wp\/v2\/pages\/91\/revisions"}],"predecessor-version":[{"id":14090,"href":"https:\/\/www.ensapc.fr\/fr\/wp-json\/wp\/v2\/pages\/91\/revisions\/14090"}],"up":[{"embeddable":true,"href":"https:\/\/www.ensapc.fr\/fr\/wp-json\/wp\/v2\/pages\/8"}],"wp:attachment":[{"href":"https:\/\/www.ensapc.fr\/fr\/wp-json\/wp\/v2\/media?parent=91"}],"curies":[{"name":"wp","href":"https:\/\/api.w.org\/{rel}","templated":true}]}}