{"id":9759,"date":"2022-03-29T10:47:13","date_gmt":"2022-03-29T08:47:13","guid":{"rendered":"https:\/\/www.ensapc.fr\/?page_id=9759"},"modified":"2022-03-29T10:47:13","modified_gmt":"2022-03-29T08:47:13","slug":"thoughtographie","status":"publish","type":"page","link":"https:\/\/www.ensapc.fr\/fr\/ygrec\/archives\/2022-2\/thoughtographie\/","title":{"rendered":"THOUGHTOGRAPHIE"},"content":{"rendered":"<div class=\"wpb-content-wrapper\"><p>[vc_row][vc_column][vc_single_image image=\u00a0\u00bb9544&Prime; img_size=\u00a0\u00bblarge\u00a0\u00bb alignment=\u00a0\u00bbcenter\u00a0\u00bb][\/vc_column][\/vc_row][vc_row][vc_column][vc_column_text]<strong><em>THOUGHTOGRAPHIE<\/em><\/strong><\/p>\n<p><strong><span class=\"\">Avec la participation de Maxime Andres, Kenza Belghiti-Alaoui, Nathan Ghali, Gral, Nicolas Lebeau, Mildred de Lesquen, Wei Pan, Mathis-Charly Porcel, Nazia Remtoulah, Maxime Vignaud, H\u00e9l\u00e8ne Yamba-Guimbi<\/span><\/strong><\/p>\n<p><strong><span class=\"\">Sur une proposition de Marina Gadonneix, invit\u00e9e par le studio Photographies (Christian Genty et Jeff Guess) de l\u2019ENSAPC<\/span><\/strong>[\/vc_column_text][vc_separator][vc_column_text]<strong>Exposition du 12 au 26 mars 2022<\/strong><\/p>\n<p><strong><span class=\"\">Vernissage le vendredi 11 mars 2022, 18h \u00e0 21h<br \/>\n<\/span><\/strong><strong><span class=\"\">Performance &#8211; La mort de Dalila de Gral, \u00e0 partir de 18h<\/span><\/strong>[\/vc_column_text][vc_separator][vc_column_text]<span class=\"\">La photographie se nourrit aussi de ce que nos yeux ne peuvent pas voir : les pens\u00e9es, les \u00e9nergies, les fluides&#8230; C\u2019est en partant de ce constat que Marina Gadonneix, invit\u00e9e par le studio Photographies, a propos\u00e9 \u00e0 des \u00e9tudiant.e.s de d\u00e9velopper un lien entre leur pratique photographique et un fantasme, celui de la parapsychologie et du paranormal, de la t\u00e9l\u00e9pathie et de la t\u00e9l\u00e9kin\u00e9sie, de la <em>thoughtographie<\/em>. Se chevauchent d\u00e8s lors des r\u00e9seaux d\u2019id\u00e9es flottantes, d\u2019images \u00e9tranges, d\u2019empreintes <em>illumineuses<\/em> et d\u2019exp\u00e9riences qui essayent, par l\u2019image, de rentrer en communication avec l\u2019invisible et d\u2019y accueillir les regardeur.euse.s.<\/span>[\/vc_column_text][\/vc_column][\/vc_row][vc_row css=\u00a0\u00bb.vc_custom_1647857216321{padding-right: 30px !important;padding-left: 30px !important;}\u00a0\u00bb][vc_column][vc_images_carousel images=\u00a0\u00bb9661,9659,9657,9651,9649,9645,9641,9631,9629,9627,9625,9623,9615,9607,9605,9599,9593,9601,9597&Prime; img_size=\u00a0\u00bbfull\u00a0\u00bb autoplay=\u00a0\u00bbyes\u00a0\u00bb hide_pagination_control=\u00a0\u00bbyes\u00a0\u00bb hide_prev_next_buttons=\u00a0\u00bbyes\u00a0\u00bb wrap=\u00a0\u00bbyes\u00a0\u00bb][\/vc_column][\/vc_row]<\/p>\n<\/div>","protected":false},"excerpt":{"rendered":"<p>[vc_row][vc_column][vc_single_image image=\u00a0\u00bb9544&Prime; img_size=\u00a0\u00bblarge\u00a0\u00bb alignment=\u00a0\u00bbcenter\u00a0\u00bb][\/vc_column][\/vc_row][vc_row][vc_column][vc_column_text]THOUGHTOGRAPHIE Avec la participation de Maxime Andres, Kenza Belghiti-Alaoui, Nathan Ghali, Gral, Nicolas Lebeau, Mildred de Lesquen, Wei Pan, Mathis-Charly Porcel, Nazia Remtoulah, Maxime Vignaud, H\u00e9l\u00e8ne Yamba-Guimbi Sur une proposition de Marina Gadonneix, invit\u00e9e par le studio Photographies (Christian Genty et Jeff Guess) de l\u2019ENSAPC[\/vc_column_text][vc_separator][vc_column_text]Exposition du 12 au 26 mars 2022 Vernissage&#8230;  <a class=\"excerpt-read-more\" href=\"https:\/\/www.ensapc.fr\/fr\/ygrec\/archives\/2022-2\/thoughtographie\/\" title=\"Read THOUGHTOGRAPHIE\">Lire la suite &raquo;<\/a><\/p>\n","protected":false},"author":1,"featured_media":0,"parent":9665,"menu_order":368,"comment_status":"closed","ping_status":"closed","template":"","meta":{"footnotes":""},"class_list":["post-9759","page","type-page","status-publish","hentry"],"_links":{"self":[{"href":"https:\/\/www.ensapc.fr\/fr\/wp-json\/wp\/v2\/pages\/9759","targetHints":{"allow":["GET"]}}],"collection":[{"href":"https:\/\/www.ensapc.fr\/fr\/wp-json\/wp\/v2\/pages"}],"about":[{"href":"https:\/\/www.ensapc.fr\/fr\/wp-json\/wp\/v2\/types\/page"}],"author":[{"embeddable":true,"href":"https:\/\/www.ensapc.fr\/fr\/wp-json\/wp\/v2\/users\/1"}],"replies":[{"embeddable":true,"href":"https:\/\/www.ensapc.fr\/fr\/wp-json\/wp\/v2\/comments?post=9759"}],"version-history":[{"count":1,"href":"https:\/\/www.ensapc.fr\/fr\/wp-json\/wp\/v2\/pages\/9759\/revisions"}],"predecessor-version":[{"id":9761,"href":"https:\/\/www.ensapc.fr\/fr\/wp-json\/wp\/v2\/pages\/9759\/revisions\/9761"}],"up":[{"embeddable":true,"href":"https:\/\/www.ensapc.fr\/fr\/wp-json\/wp\/v2\/pages\/9665"}],"wp:attachment":[{"href":"https:\/\/www.ensapc.fr\/fr\/wp-json\/wp\/v2\/media?parent=9759"}],"curies":[{"name":"wp","href":"https:\/\/api.w.org\/{rel}","templated":true}]}}