{"id":9801,"date":"2022-04-07T10:04:05","date_gmt":"2022-04-07T08:04:05","guid":{"rendered":"https:\/\/www.ensapc.fr\/?page_id=9801"},"modified":"2022-11-15T16:42:15","modified_gmt":"2022-11-15T15:42:15","slug":"master-2-patrimoine-et-creation-par-le-projet","status":"publish","type":"page","link":"https:\/\/www.ensapc.fr\/fr\/recherche\/master-2-patrimoine-et-creation-par-le-projet\/","title":{"rendered":"Master 2 Patrimoine et cr\u00e9ation par le projet"},"content":{"rendered":"<div class=\"wpb-content-wrapper\"><p>[vc_row][vc_column][vc_column_text]<strong>PR\u00c9SENTATION<\/strong><\/p>\n<p class=\"p1\">Le Master 2 \u00ab Patrimoine et cr\u00e9ation par le projet \u00bb (Mention Humanit\u00e9s et industries cr\u00e9atives) est un parcours en 1 an (sans Master 1 associ\u00e9). En associant des praticien.nes de champs sp\u00e9cifiques (architectes, artistes ou paysagistes, mais aussi des sp\u00e9cialistes de la cr\u00e9ation litt\u00e9raire, des m\u00e9tiers du patrimoine et de la conservation-restauration), ce Master 2 propose une passerelle entre la recherche et le monde professionnel.<\/p>\n<p class=\"p1\">L\u2019objectif de ce Master est de mettre en \u0153uvre une recherche par le projet, permettant aux praticien.nes de renouer avec la recherche tout en poursuivant leur pratique. Le m\u00e9moire de ce Master 2 alliera un document \u00e9crit et un projet, articulant pratiques professionnelles et enjeux th\u00e9oriques.<\/p>\n<p class=\"p1\">Les autres objectifs sont :<\/p>\n<p class=\"p1\">&#8211; obtenir un Master \u00ab par le projet \u00bb ;<\/p>\n<p class=\"p1\">&#8211; s\u2019engager dans la recherche ou renouer avec un travail de recherche scientifique ;<\/p>\n<p class=\"p1\">&#8211; r\u00e9pondre aux exigences de la recherche, contribuer \u00e0 des projets de recherche dans la vie professionnelle des masterant.es ;<\/p>\n<p class=\"p1\">&#8211; mettre en route un travail de recherche dans la perspective d\u2019une poursuite en parcours doctoral ;<\/p>\n<p class=\"p1\">&#8211; b\u00e9n\u00e9ficier de l\u2019apport m\u00e9thodologique de la recherche par le projet.<\/p>\n<p>[\/vc_column_text][\/vc_column][\/vc_row][vc_row][vc_column][vc_empty_space height=\u00a0\u00bb40px\u00a0\u00bb][\/vc_column][\/vc_row][vc_row][vc_column][vc_column_text]<strong>ORGANISATION ET PARCOURS\u00a0<\/strong><\/p>\n<p class=\"p1\">Le master 2 s\u2019organise en deux blocs :<\/p>\n<p class=\"p1\">&#8211; un tronc commun d\u2019enseignements transdisciplinaires sur les principes de la recherche par le projet, sur le patrimoine et la cr\u00e9ation proposant les \u00e9l\u00e9ments de r\u00e9flexion n\u00e9cessaires \u00e0 l&rsquo;\u00e9laboration d&rsquo;un travail de recherche ;<\/p>\n<p class=\"p1\">&#8211; des parcours sp\u00e9cifiques \u00e0 chaque sp\u00e9cialit\u00e9 ;<\/p>\n<p class=\"p2\"><span class=\"s2\">&#8211; des enseignements dans les autres disciplines pr\u00e9sentes dans notre programme, et dispens\u00e9s dans les \u00c9coles et Institut de la Graduate School Arts et Humanit\u00e9s.<\/span><\/p>\n<p>[\/vc_column_text][\/vc_column][\/vc_row][vc_row][vc_column][vc_empty_space height=\u00a0\u00bb40px\u00a0\u00bb][\/vc_column][\/vc_row][vc_row][vc_column width=\u00a0\u00bb1\/2&Prime;][vc_column_text]<\/p>\n<p style=\"text-align: center;\"><strong>Parcours architecture\u00a0<\/strong><\/p>\n<p class=\"p1\" style=\"text-align: center;\">\u00c9cole nationale sup\u00e9rieure d\u2019architecture de Versailles<\/p>\n<p class=\"p1\" style=\"text-align: center;\">Responsable de la sp\u00e9cialit\u00e9 : Gabriele Pierluisi et Frank Rambert<\/p>\n<p>[\/vc_column_text][vc_single_image image=\u00a0\u00bb441&Prime; alignment=\u00a0\u00bbcenter\u00a0\u00bb onclick=\u00a0\u00bbcustom_link\u00a0\u00bb link=\u00a0\u00bbhttps:\/\/www.ensapc.fr\/wp-content\/uploads\/2022\/04\/Parcours-M2-Architecture-FR-EN.pdf\u00a0\u00bb][\/vc_column][vc_column width=\u00a0\u00bb1\/2&Prime;][vc_column_text]<\/p>\n<p style=\"text-align: center;\"><strong>Parcours arts<\/strong><\/p>\n<p class=\"p1\" style=\"text-align: center;\">\u00c9cole nationale sup\u00e9rieure d\u2019arts de Paris Cergy<\/p>\n<p class=\"p1\" style=\"text-align: center;\">Responsable de la sp\u00e9cialit\u00e9 : Martina Olivero<\/p>\n<p>[\/vc_column_text][vc_single_image image=\u00a0\u00bb441&Prime; alignment=\u00a0\u00bbcenter\u00a0\u00bb onclick=\u00a0\u00bbcustom_link\u00a0\u00bb img_link_target=\u00a0\u00bb_blank\u00a0\u00bb link=\u00a0\u00bbhttps:\/\/www.ensapc.fr\/wp-content\/uploads\/2022\/04\/Parcours-M2-Arts-FR-EN.pdf\u00a0\u00bb][\/vc_column][\/vc_row][vc_row][vc_column][vc_empty_space][\/vc_column][\/vc_row][vc_row][vc_column width=\u00a0\u00bb1\/2&Prime;][vc_column_text]<\/p>\n<p class=\"p1\" style=\"text-align: center;\"><strong><span class=\"s1\">Parcours \u00c9tudes patrimoniales<\/span><\/strong><\/p>\n<p style=\"text-align: center;\">Institut national du patrimoine<\/p>\n<p class=\"p1\" style=\"text-align: center;\">Parcours r\u00e9serv\u00e9 aux \u00e9tudiants internationaux de l\u2019INP<\/p>\n<p class=\"p1\" style=\"text-align: center;\">Responsable de la sp\u00e9cialit\u00e9 : Christian Hottin<\/p>\n<p>[\/vc_column_text][vc_single_image image=\u00a0\u00bb441&Prime; alignment=\u00a0\u00bbcenter\u00a0\u00bb onclick=\u00a0\u00bbcustom_link\u00a0\u00bb img_link_target=\u00a0\u00bb_blank\u00a0\u00bb link=\u00a0\u00bbhttps:\/\/www.ensapc.fr\/wp-content\/uploads\/2022\/04\/Parcours-M2-Patrimoine-FR-EN.pdf\u00a0\u00bb][\/vc_column][vc_column width=\u00a0\u00bb1\/2&Prime;][vc_column_text]<\/p>\n<p class=\"p1\" style=\"text-align: center;\"><strong><span class=\"s1\">Parcours Cr\u00e9ation litt\u00e9raire <\/span><\/strong><\/p>\n<p class=\"p1\" style=\"text-align: center;\">CY Cergy Paris Universit\u00e9<\/p>\n<p class=\"p2\" style=\"text-align: center;\"><span class=\"s2\">Ce parcours prend appui sur le Master <\/span>M\u00e9tiers de l\u2019\u00e9criture et cr\u00e9ation litt\u00e9raire<\/p>\n<p class=\"p1\" style=\"text-align: center;\">Responsable de la sp\u00e9cialit\u00e9 : Jean-Fran\u00e7ois Puff<\/p>\n<p>[\/vc_column_text][vc_single_image image=\u00a0\u00bb441&Prime; alignment=\u00a0\u00bbcenter\u00a0\u00bb onclick=\u00a0\u00bbcustom_link\u00a0\u00bb img_link_target=\u00a0\u00bb_blank\u00a0\u00bb link=\u00a0\u00bbhttps:\/\/www.ensapc.fr\/wp-content\/uploads\/2022\/04\/Parcours-M2-Cre\u0301ation-litte\u0301raire-FR-EN.pdf\u00a0\u00bb][\/vc_column][\/vc_row][vc_row][vc_column][vc_empty_space][\/vc_column][\/vc_row][vc_row][vc_column width=\u00a0\u00bb1\/2&Prime;][vc_column_text]<\/p>\n<p class=\"p1\" style=\"text-align: center;\"><strong><span class=\"s1\">Parcours Paysage <\/span><\/strong><\/p>\n<p class=\"p1\" style=\"text-align: center;\">\u00c9cole nationale sup\u00e9rieure de paysage<\/p>\n<p class=\"p1\" style=\"text-align: center;\">Responsable de la sp\u00e9cialit\u00e9 : Patrick Moquay<\/p>\n<p>[\/vc_column_text][vc_single_image image=\u00a0\u00bb441&Prime; alignment=\u00a0\u00bbcenter\u00a0\u00bb onclick=\u00a0\u00bbcustom_link\u00a0\u00bb link=\u00a0\u00bbhttps:\/\/www.ensapc.fr\/wp-content\/uploads\/2022\/04\/Parcours-M2-Paysage-FR-EN.pdf\u00a0\u00bb][\/vc_column][vc_column width=\u00a0\u00bb1\/2&Prime;][\/vc_column][\/vc_row][vc_row][vc_column][vc_empty_space height=\u00a0\u00bb40px\u00a0\u00bb][\/vc_column][\/vc_row][vc_row][vc_column][vc_column_text]<strong>POUR CANDIDATER\u00a0<\/strong><\/p>\n<p class=\"p1\">Une deuxi\u00e8me session a \u00e9t\u00e9 ouverte:\u00a0 les candidatures sont \u00e0 saisir sur e-candidat jusqu&rsquo;au <b>15 ao\u00fbt 2022<\/b>.\u00a0En cas de difficult\u00e9, merci de contacter\u00a0<a href=\"mailto:eur.masterparleprojet@cyu.fr\"><span class=\"s1\">eur.masterparleprojet@cyu.fr<\/span><\/a><\/p>\n<p>[\/vc_column_text][\/vc_column][\/vc_row][vc_row][vc_column][vc_empty_space height=\u00a0\u00bb30px\u00a0\u00bb][\/vc_column][\/vc_row][vc_row][vc_column][vc_column_text]<strong>CALENDRIER<\/strong><\/p>\n<p><strong>Du 15 juin au 15 ao\u00fbt 2022<\/strong> : d\u00e9p\u00f4t \u00e9lectronique des dossiers<\/p>\n<p><strong>09 septembre 2022<\/strong> : communication des r\u00e9sultats d\u2019admission apr\u00e8s d\u00e9cisions du jury<\/p>\n<p><strong>16 septembre 2022<\/strong> : date limite o\u00f9 le\u00b7a candidat\u00b7e doit confirmer son inscription \u00e0 sa candidature ayant re\u00e7u un avis favorable[\/vc_column_text][\/vc_column][\/vc_row][vc_row][vc_column width=\u00a0\u00bb1\/3&Prime;][\/vc_column][vc_column width=\u00a0\u00bb1\/3&Prime;][\/vc_column][\/vc_row]<\/p>\n<\/div>","protected":false},"excerpt":{"rendered":"<p>[vc_row][vc_column][vc_column_text]PR\u00c9SENTATION Le Master 2 \u00ab Patrimoine et cr\u00e9ation par le projet \u00bb (Mention Humanit\u00e9s et industries cr\u00e9atives) est un parcours en 1 an (sans Master 1 associ\u00e9). En associant des praticien.nes de champs sp\u00e9cifiques (architectes, artistes ou paysagistes, mais aussi des sp\u00e9cialistes de la cr\u00e9ation litt\u00e9raire, des m\u00e9tiers du patrimoine et de la conservation-restauration), ce&#8230;  <a class=\"excerpt-read-more\" href=\"https:\/\/www.ensapc.fr\/fr\/recherche\/master-2-patrimoine-et-creation-par-le-projet\/\" title=\"Read Master 2 Patrimoine et cr\u00e9ation par le projet\">Lire la suite &raquo;<\/a><\/p>\n","protected":false},"author":1,"featured_media":0,"parent":12,"menu_order":300,"comment_status":"closed","ping_status":"closed","template":"","meta":{"footnotes":""},"class_list":["post-9801","page","type-page","status-publish","hentry"],"_links":{"self":[{"href":"https:\/\/www.ensapc.fr\/fr\/wp-json\/wp\/v2\/pages\/9801","targetHints":{"allow":["GET"]}}],"collection":[{"href":"https:\/\/www.ensapc.fr\/fr\/wp-json\/wp\/v2\/pages"}],"about":[{"href":"https:\/\/www.ensapc.fr\/fr\/wp-json\/wp\/v2\/types\/page"}],"author":[{"embeddable":true,"href":"https:\/\/www.ensapc.fr\/fr\/wp-json\/wp\/v2\/users\/1"}],"replies":[{"embeddable":true,"href":"https:\/\/www.ensapc.fr\/fr\/wp-json\/wp\/v2\/comments?post=9801"}],"version-history":[{"count":5,"href":"https:\/\/www.ensapc.fr\/fr\/wp-json\/wp\/v2\/pages\/9801\/revisions"}],"predecessor-version":[{"id":10612,"href":"https:\/\/www.ensapc.fr\/fr\/wp-json\/wp\/v2\/pages\/9801\/revisions\/10612"}],"up":[{"embeddable":true,"href":"https:\/\/www.ensapc.fr\/fr\/wp-json\/wp\/v2\/pages\/12"}],"wp:attachment":[{"href":"https:\/\/www.ensapc.fr\/fr\/wp-json\/wp\/v2\/media?parent=9801"}],"curies":[{"name":"wp","href":"https:\/\/api.w.org\/{rel}","templated":true}]}}