{"id":9939,"date":"2022-05-30T11:25:09","date_gmt":"2022-05-30T09:25:09","guid":{"rendered":"https:\/\/www.ensapc.fr\/?page_id=9939"},"modified":"2023-01-24T11:07:12","modified_gmt":"2023-01-24T10:07:12","slug":"2022-2","status":"publish","type":"page","link":"https:\/\/www.ensapc.fr\/fr\/recherche\/archives\/2022-2\/","title":{"rendered":"2022"},"content":{"rendered":"<div class=\"wpb-content-wrapper\"><p>[vc_row][vc_column width=\u00a0\u00bb1\/2&Prime;][vc_column_text]<\/p>\n<p class=\"p1\" style=\"text-align: left;\"><strong>A QUEER PHOTO ARCHIVE<\/strong><\/p>\n<p class=\"p1\" style=\"text-align: left;\"><strong>Journ\u00e9e de recherche-cr\u00e9ation s<\/strong><strong>ous la direction de Nicola Lo Calzo, photographe et artiste-doctorant aupr\u00e8s de l\u2019\u00c9cole nationale sup\u00e9rieure d\u2019arts de Paris-Cergy et de l\u2019\u00c9cole Universitaire de Recherche CY Humanit\u00e9s Cr\u00e9ation Patrimoine<\/strong><\/p>\n<p class=\"p1\" style=\"text-align: left;\"><strong>10 d\u00e9cembre 2022<\/strong><\/p>\n<p class=\"p1\" style=\"text-align: left;\"><strong>Jeu de Paume<\/strong><\/p>\n<p>\u00ab\u00a0Photographie et Queer. Comment tenir ensemble ces deux mastodontes conceptuels, souvent associ\u00e9s \u00e0 des g\u00e9n\u00e9alogies sp\u00e9cifiques mais de fait li\u00e9s et ralli\u00e9s par des multiples alliances ? Cette journ\u00e9e de recherche-cr\u00e9ation essaie de r\u00e9pondre \u00e0 cette question, \u00e0 travers les oeuvres d\u2019artistes visuels contemporains dont le m\u00e9dium principal est la photographie. Il s\u2019agira de tisser un dialogue entre des artistes, qui, \u00e0 partir de territoires, de parcours, et d\u2019engagements diff\u00e9rents, abordent le <em>queer<\/em> et les enjeux de l\u2019identit\u00e9 et de l\u2019alterit\u00e9 par le geste photographique, impl\u00e9ment\u00e9 par l\u2019installation ou la performance. Leur approche est intersectionelle et, pour certain\u00b7e\u00b7s, s\u2019appuie sur les \u00e9tudes postcoloniales autant que les nourrit. [&#8230;]\u00a0\u00bb[\/vc_column_text][vc_btn title=\u00a0\u00bbT\u00e9l\u00e9charger le programme complet\u00a0\u00bb link=\u00a0\u00bburl:https%3A%2F%2Fwww.ensapc.fr%2Fwp-content%2Fuploads%2F2022%2F11%2FA-Queer-Photo-Archive.pdf|target:_blank\u00a0\u00bb][vc_single_image image=\u00a0\u00bb10600&Prime; img_size=\u00a0\u00bbmedium\u00a0\u00bb add_caption=\u00a0\u00bbyes\u00a0\u00bb alignment=\u00a0\u00bbcenter\u00a0\u00bb][vc_empty_space][vc_column_text]<strong>AFFAIRES ETRANGERES\/NEGOCIOS ESTRANGEIROS &#8211; RENCONTRE AVEC LES ARTISTES FELLOWS DU POST-DIPLOME ART BY TRANSLATION 2021-2022<\/strong><\/p>\n<p><strong>Avec Vinit Agarwal, Jesse Chun, Laura Genes, Vir Andres Hera, artistes <em>fellows<\/em>, et Maud Jacquin et S\u00e9bastien Pluot, responsables du post-dipl\u00f4me<\/strong><\/p>\n<p><strong>20 mai 2022<\/strong><\/p>\n<p><strong>Auditorium de l\u2019ENSAPC<\/strong><\/p>\n<p>Issu d\u2019un partenariat entre l\u2019\u00c9cole nationale sup\u00e9rieure d\u2019Arts de Paris-Cergy et l\u2019\u00c9cole sup\u00e9rieure des Beaux-Arts TALM Tours-Angers-Le Mans, \u00ab\u00a0Art by translation\u00a0\u00bb interroge la question de la traduction dans les arts. Con\u00e7u comme un troisi\u00e8me cycle, il se propose de travailler autour de plusieurs axes : les processus et les enjeux id\u00e9ologiques de la traduction dans les arts ; les utilisations et fonctions des documents et de l\u2019archive dans la pratique contemporaine ; l\u2019algorithme comme principe d\u2019organisation culturelle. Programme itin\u00e9rant, il est d\u00e9di\u00e9 \u00e0 la recherche et la production d\u2019\u0153uvres et d\u2019expositions. Cette plateforme vise \u00e0 d\u00e9velopper des mod\u00e8les alternatifs de pratiques d\u2019histoire et de th\u00e9orie des arts, de pratiques curatoriales et de production artistique dans un cadre international. Chacune des sessions est consacr\u00e9e \u00e0 un th\u00e8me de recherche sp\u00e9cifique et implique quatre jeunes artistes et\/ou commissaires <em>fellows<\/em> s\u00e9lectionn\u00e9\u00b7e\u00b7s chaque ann\u00e9e, des \u00e9tudiant\u00b7e\u00b7s et enseignant-e-s des deux \u00e9coles, ainsi que des artistes et chercheur\u00b7euse\u00b7s de diff\u00e9rentes disciplines (histoire de l\u2019art et th\u00e9orie de l\u2019art, litt\u00e9rature compar\u00e9e, pratiques artistique et curatoriales\u2026). Selon les th\u00e9matiques d\u00e9ploy\u00e9es, \u00ab\u00a0Art by Translation\u00a0\u00bb se d\u00e9place dans diff\u00e9rents sites en Europe et dans d\u2019autres r\u00e9gions du monde.<\/p>\n<p>Une exposition \u00e0 laquelle participent les artistes <em>fellows<\/em>, se tient actuellement \u00e0 Ygrec, centre d\u2019art de l\u2019ENSAPC et aux Laboratoires d&rsquo;Aubervilliers, jusqu\u2019au 4 juin 2022, ainsi que dans les structures partenaires au Portugal, Palais National de Bel\u00e9m et\u00a0Centro de\u00a0Artes e Criatividade \u2013 Torres Vedras au Portugal.[\/vc_column_text][vc_single_image image=\u00a0\u00bb9919&Prime; img_size=\u00a0\u00bbmedium\u00a0\u00bb alignment=\u00a0\u00bbcenter\u00a0\u00bb][\/vc_column][vc_column width=\u00a0\u00bb1\/2&Prime;][vc_column_text]<\/p>\n<p style=\"text-align: left;\"><strong>JOURN\u00c9E DOCTORALE ET D&rsquo;ACCUEIL DES NOUVEAUX ET NOUVELLES DOCTORANT\u00b7E\u00b7S\u00a0<\/strong><\/p>\n<p style=\"text-align: left;\"><strong>Mercredi 12 octobre 2022<\/strong><\/p>\n<p>[\/vc_column_text][vc_btn title=\u00a0\u00bbT\u00e9l\u00e9charger le programme complet\u00a0\u00bb link=\u00a0\u00bburl:https%3A%2F%2Fwww.ensapc.fr%2Fwp-content%2Fuploads%2F2022%2F10%2FProgramme_Journe%25CC%2581e-Doctorale-1310.pdf|target:_blank\u00a0\u00bb][vc_empty_space][vc_column_text]<strong>UNE FOIS LA POUSSI\u00c8RE RETOMB\u00c9E : <\/strong><strong>ARTISTES VIETNAMIEN.NE.S ET LA PHOTOGRAPHIE<\/strong><strong><em>\u00a0<\/em><\/strong><\/p>\n<p><strong>Journ\u00e9e doctorale de l\u2019\u00c9cole nationale sup\u00e9rieure d\u2019arts de Paris-Cergy, ENSAPC s<\/strong><strong>ous la direction de Jacqueline Ho\u00e0ng Nguy<\/strong><strong>\u1ec5<\/strong><strong>n, artiste, doctorante au KTD programme: Art, Technology and Design \u2013 Konstfack et The Royal Institute of Technology, KTH (Su\u00e8de), en \u00e9change Erasmus \u00e0 l&rsquo;ENSAPC<\/strong><\/p>\n<p><strong>24 juin 2022 <\/strong><\/p>\n<p><strong>INHA, Institut national d\u2019histoire de l\u2019art, salle Walter Benjamin<\/strong><\/p>\n<p>Le 8 juin 1972, un nuage de fum\u00e9e noire s\u2019\u00e9levait dans le ciel clair, couvrant la vision du village de Tr\u1ea3ng B\u00e0ng \u00e0 l\u2019horizon. La communaut\u00e9 rurale venait d\u2019\u00eatre frapp\u00e9e par une bombe au Napalm. Au premier plan de la photographie, une petite fille courait pieds nus sur une route b\u00e9tonn\u00e9e. Ce clich\u00e9 \u00e9branla le monde occidental en ce qu\u2019il t\u00e9moignait des effroyables r\u00e9percussions de la guerre sur les civil.e.s. Alors que les Vietnamien.ne.s tentaient de fuir, sans savoir si l\u2019objectif dont ils.elles \u00e9taient la cible serait celui d\u2019une arme ou d\u2019un appareil photo, les notions de foyer, d\u2019origine et de lien familial vol\u00e8rent en \u00e9clat.<\/p>\n<p>L&rsquo;intimit\u00e9 du foyer familial est devenu le r\u00e9ceptacle de la retransmission photojournalistique d\u2019une guerre, qualifi\u00e9e par l\u2019\u00e9crivain am\u00e9ricain Michael J. Arlen de \u00ab guerre de salon\u00bb (<em>the living-room war<\/em>). Mais qu\u2019en \u00e9tait-il alors de la production photographique r\u00e9alis\u00e9e par les Vietnamien.ne.s eux.elles-m\u00eames ?<\/p>\n<p>Plus largement, qu\u2019est-il advenu des corpus photographiques contemporains de l\u2019Ind\u00e9pendance, mais aussi des productions r\u00e9alis\u00e9es dans le quotidien et au sein des familles vietnamiennes, durant la p\u00e9riode coloniale ?<\/p>\n<p>La journ\u00e9e d\u2019\u00e9tude <em>Une fois la poussi\u00e8re retomb\u00e9e : artistes vietnamien.ne.s et la photographie<\/em>\u00a0interroge les destins de la photographie vernaculaire et les mani\u00e8res dont les artistes, notamment issu.e.s de la diaspora, ont employ\u00e9\u00a0ces images\u00a0comme sources\u00a0dans leur travail. En rassemblant artistes et chercheur.euse.s autour de ces questions, il s\u2019agira de participer \u00e0 une histoire de la photographie au Vietnam pour interroger, notamment \u00e0 la lueur des \u00e9tudes postcoloniales, les reconfigurations possibles de la m\u00e9moire et des r\u00e9cits historiques, individuels et collectifs, \u00e0 partir de ces pratiques.[\/vc_column_text][vc_btn title=\u00a0\u00bbT\u00e9l\u00e9charger le programme de la journ\u00e9e d&rsquo;\u00e9tude\u00a0\u00bb link=\u00a0\u00bburl:https%3A%2F%2Fwww.ensapc.fr%2Fwp-content%2Fuploads%2F2022%2F06%2FProgramme-journe%25CC%2581e-doctorale-INHA-1.pdf|target:_blank\u00a0\u00bb][vc_single_image image=\u00a0\u00bb10063&Prime; img_size=\u00a0\u00bbmedium\u00a0\u00bb add_caption=\u00a0\u00bbyes\u00a0\u00bb alignment=\u00a0\u00bbcenter\u00a0\u00bb][\/vc_column][vc_column][\/vc_column][\/vc_row]<\/p>\n<\/div>","protected":false},"excerpt":{"rendered":"<p>[vc_row][vc_column width=\u00a0\u00bb1\/2&Prime;][vc_column_text] A QUEER PHOTO ARCHIVE Journ\u00e9e de recherche-cr\u00e9ation sous la direction de Nicola Lo Calzo, photographe et artiste-doctorant aupr\u00e8s de l\u2019\u00c9cole nationale sup\u00e9rieure d\u2019arts de Paris-Cergy et de l\u2019\u00c9cole Universitaire de Recherche CY Humanit\u00e9s Cr\u00e9ation Patrimoine 10 d\u00e9cembre 2022 Jeu de Paume \u00ab\u00a0Photographie et Queer. Comment tenir ensemble ces deux mastodontes conceptuels, souvent associ\u00e9s&#8230;  <a class=\"excerpt-read-more\" href=\"https:\/\/www.ensapc.fr\/fr\/recherche\/archives\/2022-2\/\" title=\"Read 2022\">Lire la suite &raquo;<\/a><\/p>\n","protected":false},"author":1,"featured_media":0,"parent":4930,"menu_order":312,"comment_status":"closed","ping_status":"closed","template":"","meta":{"footnotes":""},"class_list":["post-9939","page","type-page","status-publish","hentry"],"_links":{"self":[{"href":"https:\/\/www.ensapc.fr\/fr\/wp-json\/wp\/v2\/pages\/9939","targetHints":{"allow":["GET"]}}],"collection":[{"href":"https:\/\/www.ensapc.fr\/fr\/wp-json\/wp\/v2\/pages"}],"about":[{"href":"https:\/\/www.ensapc.fr\/fr\/wp-json\/wp\/v2\/types\/page"}],"author":[{"embeddable":true,"href":"https:\/\/www.ensapc.fr\/fr\/wp-json\/wp\/v2\/users\/1"}],"replies":[{"embeddable":true,"href":"https:\/\/www.ensapc.fr\/fr\/wp-json\/wp\/v2\/comments?post=9939"}],"version-history":[{"count":5,"href":"https:\/\/www.ensapc.fr\/fr\/wp-json\/wp\/v2\/pages\/9939\/revisions"}],"predecessor-version":[{"id":10762,"href":"https:\/\/www.ensapc.fr\/fr\/wp-json\/wp\/v2\/pages\/9939\/revisions\/10762"}],"up":[{"embeddable":true,"href":"https:\/\/www.ensapc.fr\/fr\/wp-json\/wp\/v2\/pages\/4930"}],"wp:attachment":[{"href":"https:\/\/www.ensapc.fr\/fr\/wp-json\/wp\/v2\/media?parent=9939"}],"curies":[{"name":"wp","href":"https:\/\/api.w.org\/{rel}","templated":true}]}}